{"id":3297,"date":"2026-01-10T17:10:21","date_gmt":"2026-01-10T15:10:21","guid":{"rendered":"https:\/\/carhub.gr\/map-of-santorini\/"},"modified":"2026-01-12T18:45:51","modified_gmt":"2026-01-12T16:45:51","slug":"map-of-santorini","status":"publish","type":"page","link":"https:\/\/carhub.gr\/de\/map-of-santorini\/","title":{"rendered":"Carte de Santorin"},"content":{"rendered":"<div class=\"wpb-content-wrapper\">[vc_row][vc_column]<style>.vcex-heading.vcex_69e16e3eeed5f{font-size:36px;font-family:Roboto, sans-serif;}<\/style><h1 class=\"vcex-heading vcex-heading-plain vcex-module wpex-heading wpex-text-2xl wpex-text-center vc_custom_1768236337598 vcex_69e16e3eeed5f\"><span class=\"vcex-heading-inner wpex-inline-block\">Cartes et conseils utiles pour Santorin...<\/span><\/h1>[vc_media_grid element_width=&#8220;6&#8243; gap=&#8220;10&#8243; css=&#8220;&#8220; grid_id=&#8220;vc_gid:1768236213671-18dd60df-f0fb-3&#8243; include=&#8220;3298,3309,3310,3311&#8243;][\/vc_column][\/vc_row][vc_row full_width=&#8220;stretch_row&#8220;][vc_column][vc_column_text css=&#8220;&#8220;]\n<div style=\"max-width: 980px; margin: 0 auto; padding: 10px 0;\">\n<div style=\"text-align: center; margin: 10px 0 22px 0;\">\n<h2 style=\"margin: 0 0 8px 0; font-weight: 800; letter-spacing: -0.3px;\">CarHub empfiehlt au\u00dferdem Routen \u00fcber Google Maps<\/h2>\n<p style=\"margin: 0; opacity: 0.85;\">Schnellauswahl f\u00fcr D\u00f6rfer, Str\u00e4nde, Sonnenunterg\u00e4nge, Weing\u00fcter und Restaurants \u2014 \u00f6ffnen Sie jeden Ort direkt in Google Maps.<\/p>\n<\/div>\n<div style=\"display: flex; flex-wrap: wrap; gap: 18px; justify-content: center;\"><!-- CARD: VILLAGES --><\/p>\n<div style=\"flex: 1 1 420px; background: #fafafa; border: 1px solid #e9e9e9; border-radius: 14px; padding: 18px; box-shadow: 0 6px 18px rgba(0,0,0,0.06);\">\n<h3 style=\"margin: 0 0 12px 0; text-align: center;\">\ud83c\udfd8\ufe0f Die sch\u00f6nsten D\u00f6rfer<\/h3>\n<ul style=\"margin: 0; padding-left: 18px; line-height: 1.9;\">\n<li><strong>Oia<\/strong> \u2014 <a style=\"text-decoration: none; padding: 5px 10px; border: 1px solid #d7d7d7; border-radius: 999px; display: inline-block;\" href=\"https:\/\/goo.gl\/maps\/x8zpcc2vT4oGHyWEA\" target=\"_blank\" rel=\"noopener noreferrer\">Karte \u00f6ffnen<\/a><\/li>\n<li><strong>Fira<\/strong> \u2014 <a style=\"text-decoration: none; padding: 5px 10px; border: 1px solid #d7d7d7; border-radius: 999px; display: inline-block;\" href=\"https:\/\/goo.gl\/maps\/pBgkJpz55gHJAh5z9\" target=\"_blank\" rel=\"noopener noreferrer\">Karte \u00f6ffnen<\/a><\/li>\n<li><strong>Pyrgos<\/strong> \u2014 <a style=\"text-decoration: none; padding: 5px 10px; border: 1px solid #d7d7d7; border-radius: 999px; display: inline-block;\" href=\"https:\/\/goo.gl\/maps\/hn2ygqLJSYUtvKZo7\" target=\"_blank\" rel=\"noopener noreferrer\">Karte \u00f6ffnen<\/a><\/li>\n<li><strong>Kamari<\/strong> \u2014 <a style=\"text-decoration: none; padding: 5px 10px; border: 1px solid #d7d7d7; border-radius: 999px; display: inline-block;\" href=\"https:\/\/goo.gl\/maps\/Ex2JHhT6JatPtDuf8\" target=\"_blank\" rel=\"noopener noreferrer\">Karte \u00f6ffnen<\/a><\/li>\n<li><strong>Megalochori<\/strong> \u2014 <a style=\"text-decoration: none; padding: 5px 10px; border: 1px solid #d7d7d7; border-radius: 999px; display: inline-block;\" href=\"https:\/\/goo.gl\/maps\/RP12xHC2sVe1B7Rh7\" target=\"_blank\" rel=\"noopener noreferrer\">Karte \u00f6ffnen<\/a><\/li>\n<li><strong>Akrotiri<\/strong> \u2014 <a style=\"text-decoration: none; padding: 5px 10px; border: 1px solid #d7d7d7; border-radius: 999px; display: inline-block;\" href=\"https:\/\/goo.gl\/maps\/BMsueZ6FbUfcsRNx7\" target=\"_blank\" rel=\"noopener noreferrer\">Karte \u00f6ffnen<\/a><\/li>\n<\/ul>\n<\/div>\n<p><!-- CARD: BEACHES --><\/p>\n<div style=\"flex: 1 1 420px; background: #fafafa; border: 1px solid #e9e9e9; border-radius: 14px; padding: 18px; box-shadow: 0 6px 18px rgba(0,0,0,0.06);\">\n<h3 style=\"margin: 0 0 12px 0; text-align: center;\">\ud83c\udfd6\ufe0f Die sch\u00f6nsten Str\u00e4nde<\/h3>\n<ul style=\"margin: 0; padding-left: 18px; line-height: 1.9;\">\n<li><strong>Perivolos<\/strong> <span style=\"opacity: 0.75;\">(Schwarzer Sand)<\/span> \u2014 <a style=\"text-decoration: none; padding: 5px 10px; border: 1px solid #d7d7d7; border-radius: 999px; display: inline-block;\" href=\"https:\/\/goo.gl\/maps\/hQnUav38kLdfvVzM8\" target=\"_blank\" rel=\"noopener noreferrer\">Karte \u00f6ffnen<\/a><\/li>\n<li><strong>Red Beach<\/strong> \u2014 <a style=\"text-decoration: none; padding: 5px 10px; border: 1px solid #d7d7d7; border-radius: 999px; display: inline-block;\" href=\"https:\/\/goo.gl\/maps\/8uHTFvruNbzJws9VA\" target=\"_blank\" rel=\"noopener noreferrer\">Karte \u00f6ffnen<\/a><\/li>\n<li><strong>Kamari<\/strong> <span style=\"opacity: 0.75;\">(Schwarzer Sand)<\/span> \u2014 <a style=\"text-decoration: none; padding: 5px 10px; border: 1px solid #d7d7d7; border-radius: 999px; display: inline-block;\" href=\"https:\/\/goo.gl\/maps\/DUDt9xEB3W9yguU87\" target=\"_blank\" rel=\"noopener noreferrer\">Karte \u00f6ffnen<\/a><\/li>\n<li><strong>Vlychada<\/strong> <span style=\"opacity: 0.75;\">(Wei\u00dfer Sand)<\/span> \u2014 <a style=\"text-decoration: none; padding: 5px 10px; border: 1px solid #d7d7d7; border-radius: 999px; display: inline-block;\" href=\"https:\/\/goo.gl\/maps\/hhLgnR5ebfCAPrh18\" target=\"_blank\" rel=\"noopener noreferrer\">Karte \u00f6ffnen<\/a><\/li>\n<\/ul>\n<\/div>\n<p><!-- CARD: SUNSET --><\/p>\n<div style=\"flex: 1 1 420px; background: #fff7f2; border: 1px solid #ffe2cf; border-radius: 14px; padding: 18px; box-shadow: 0 6px 18px rgba(0,0,0,0.06);\">\n<h3 style=\"margin: 0 0 12px 0; text-align: center;\">\ud83c\udf05 Die besten Orte f\u00fcr den Sonnenuntergang<\/h3>\n<ul style=\"margin: 0; padding-left: 18px; line-height: 1.9;\">\n<li><strong>Burg von Oia<\/strong> \u2014 <a style=\"text-decoration: none; padding: 5px 10px; border: 1px solid #f1b991; border-radius: 999px; display: inline-block; background: #ffffff;\" href=\"https:\/\/goo.gl\/maps\/e61iZerGEiMsXQzC8\" target=\"_blank\" rel=\"noopener noreferrer\">Karte \u00f6ffnen<\/a><\/li>\n<li><strong>Leuchtturm von Akrotiri<\/strong> \u2014 <a style=\"text-decoration: none; padding: 5px 10px; border: 1px solid #f1b991; border-radius: 999px; display: inline-block; background: #ffffff;\" href=\"https:\/\/goo.gl\/maps\/9fDZLHsUGhziBmdo8\" target=\"_blank\" rel=\"noopener noreferrer\">Karte \u00f6ffnen<\/a><\/li>\n<li><strong>Santo Winery<\/strong> \u2014 <a style=\"text-decoration: none; padding: 5px 10px; border: 1px solid #f1b991; border-radius: 999px; display: inline-block; background: #ffffff;\" href=\"https:\/\/goo.gl\/maps\/3kGBFFPgmMG9gMZ36\" target=\"_blank\" rel=\"noopener noreferrer\">Karte \u00f6ffnen<\/a><\/li>\n<\/ul>\n<\/div>\n<p><!-- CARD: WINERIES --><\/p>\n<div style=\"flex: 1 1 420px; background: #f6f3ff; border: 1px solid #e3d9ff; border-radius: 14px; padding: 18px; box-shadow: 0 6px 18px rgba(0,0,0,0.06);\">\n<h3 style=\"margin: 0 0 12px 0; text-align: center;\">\ud83c\udf77 Die besten Weing\u00fcter<\/h3>\n<ul style=\"margin: 0; padding-left: 18px; line-height: 1.9;\">\n<li><strong>Gavalas Winery<\/strong> \u2014 <a style=\"text-decoration: none; padding: 5px 10px; border: 1px solid #cbb8ff; border-radius: 999px; display: inline-block; background: #ffffff;\" href=\"https:\/\/goo.gl\/maps\/Tap4Bw7eFV2RsVVX7\" target=\"_blank\" rel=\"noopener noreferrer\">Karte \u00f6ffnen<\/a><\/li>\n<li><strong>Venetsanos<\/strong> \u2014 <a style=\"text-decoration: none; padding: 5px 10px; border: 1px solid #cbb8ff; border-radius: 999px; display: inline-block; background: #ffffff;\" href=\"https:\/\/goo.gl\/maps\/NykCtxHQ93HN5mbS6\" target=\"_blank\" rel=\"noopener noreferrer\">Karte \u00f6ffnen<\/a><\/li>\n<li><strong>Art Space<\/strong> \u2014 <a style=\"text-decoration: none; padding: 5px 10px; border: 1px solid #cbb8ff; border-radius: 999px; display: inline-block; background: #ffffff;\" href=\"https:\/\/goo.gl\/maps\/UoHHZvB7jEY4borJ7\" target=\"_blank\" rel=\"noopener noreferrer\">Karte \u00f6ffnen<\/a><\/li>\n<li><strong>Sigalas<\/strong> \u2014 <a style=\"text-decoration: none; padding: 5px 10px; border: 1px solid #cbb8ff; border-radius: 999px; display: inline-block; background: #ffffff;\" href=\"https:\/\/goo.gl\/maps\/6qfbvwEefi1fCEvS9\" target=\"_blank\" rel=\"noopener noreferrer\">Karte \u00f6ffnen<\/a><\/li>\n<li><strong>Santo Wines<\/strong> \u2014 <a style=\"text-decoration: none; padding: 5px 10px; border: 1px solid #cbb8ff; border-radius: 999px; display: inline-block; background: #ffffff;\" href=\"https:\/\/goo.gl\/maps\/3kGBFFPgmMG9gMZ36\" target=\"_blank\" rel=\"noopener noreferrer\">Karte \u00f6ffnen<\/a><\/li>\n<\/ul>\n<\/div>\n<p><!-- CARD: RESTAURANTS --><\/p>\n<div style=\"flex: 1 1 860px; background: #f2fbf6; border: 1px solid #cfeedd; border-radius: 14px; padding: 18px; box-shadow: 0 6px 18px rgba(0,0,0,0.06);\">\n<h3 style=\"margin: 0 0 12px 0; text-align: center;\">\ud83c\udf7d\ufe0f Restaurants mit dem besten Preis-Leistungs-Verh\u00e4ltnis<\/h3>\n<div style=\"display: flex; flex-wrap: wrap; gap: 14px; justify-content: center;\">\n<div style=\"flex: 1 1 320px;\">\n<ul style=\"margin: 0; padding-left: 18px; line-height: 1.9;\">\n<li><strong>Metaxi Mas<\/strong> \u2014 <a style=\"text-decoration: none; padding: 5px 10px; border: 1px solid #9ddfb9; border-radius: 999px; display: inline-block; background: #ffffff;\" href=\"https:\/\/goo.gl\/maps\/kxyasmFjuVkqQegDA\" target=\"_blank\" rel=\"noopener noreferrer\">Karte \u00f6ffnen<\/a><\/li>\n<li><strong>Fratzeskos Fish Tavern<\/strong> \u2014 <a style=\"text-decoration: none; padding: 5px 10px; border: 1px solid #9ddfb9; border-radius: 999px; display: inline-block; background: #ffffff;\" href=\"https:\/\/goo.gl\/maps\/us7vmHZnFqZngdnh8\" target=\"_blank\" rel=\"noopener noreferrer\">Karte \u00f6ffnen<\/a><\/li>\n<\/ul>\n<\/div>\n<div style=\"flex: 1 1 320px;\">\n<ul style=\"margin: 0; padding-left: 18px; line-height: 1.9;\">\n<li><strong>The Good Heart<\/strong> \u2014 <a style=\"text-decoration: none; padding: 5px 10px; border: 1px solid #9ddfb9; border-radius: 999px; display: inline-block; background: #ffffff;\" href=\"https:\/\/goo.gl\/maps\/Vn8RSFADvPLDJJQx9\" target=\"_blank\" rel=\"noopener noreferrer\">Karte \u00f6ffnen<\/a><\/li>\n<li><strong>Raki<\/strong> \u2014 <a style=\"text-decoration: none; padding: 5px 10px; border: 1px solid #9ddfb9; border-radius: 999px; display: inline-block; background: #ffffff;\" href=\"https:\/\/goo.gl\/maps\/u3pXUKUFR8qvX31V6\" target=\"_blank\" rel=\"noopener noreferrer\">Karte \u00f6ffnen<\/a><\/li>\n<\/ul>\n<\/div>\n<\/div>\n<\/div>\n<\/div>\n<div style=\"text-align: center; margin: 18px 0 0 0;\">\n<p style=\"margin: 0; font-style: italic; font-weight: bold;\">Wir hoffen, dass Sie unsere Informationen hilfreich finden und Ihren Aufenthalt auf Santorini genie\u00dfen.<\/p>\n<\/div>\n<\/div>\n[\/vc_column_text][\/vc_column][\/vc_row]\n<\/div>","protected":false},"excerpt":{"rendered":"<p>[vc_row][vc_column][vc_media_grid element_width=&#8220;6&#8243; gap=&#8220;10&#8243; css=&#8220;&#8220; grid_id=&#8220;vc_gid:1768236213671-18dd60df-f0fb-3&#8243; include=&#8220;3298,3309,3310,3311&#8243;][\/vc_column][\/vc_row][vc_row full_width=&#8220;stretch_row&#8220;][vc_column][vc_column_text css=&#8220;&#8220;] CarHub empfiehlt au\u00dferdem Routen \u00fcber Google Maps Schnellauswahl f\u00fcr D\u00f6rfer, Str\u00e4nde, Sonnenunterg\u00e4nge, Weing\u00fcter und Restaurants \u2014 \u00f6ffnen Sie jeden Ort direkt in Google Maps. \ud83c\udfd8\ufe0f Die sch\u00f6nsten D\u00f6rfer Oia \u2014 Karte \u00f6ffnen Fira \u2014 Karte \u00f6ffnen Pyrgos \u2014 Karte \u00f6ffnen Kamari \u2014 Karte \u00f6ffnen Megalochori \u2014 Karte&hellip;<\/p>\n","protected":false},"author":2,"featured_media":0,"parent":0,"menu_order":0,"comment_status":"closed","ping_status":"closed","template":"templates\/no-sidebar.php","meta":{"footnotes":""},"class_list":["post-3297","page","type-page","status-publish","hentry","entry","no-media"],"yoast_head":"<!-- This site is optimized with the Yoast SEO plugin v27.2 - https:\/\/yoast.com\/product\/yoast-seo-wordpress\/ -->\n<title>Carte de Santorin - Carhub<\/title>\n<meta name=\"robots\" content=\"index, follow, max-snippet:-1, max-image-preview:large, max-video-preview:-1\" \/>\n<link rel=\"canonical\" href=\"https:\/\/carhub.gr\/de\/map-of-santorini\/\" \/>\n<meta property=\"og:locale\" content=\"de_DE\" \/>\n<meta property=\"og:type\" content=\"article\" \/>\n<meta property=\"og:title\" content=\"Carte de Santorin - Carhub\" \/>\n<meta property=\"og:description\" content=\"[vc_row][vc_column][vc_media_grid element_width=&#8220;6&#8243; gap=&#8220;10&#8243; css=&#8220;&#8220; grid_id=&#8220;vc_gid:1768236213671-18dd60df-f0fb-3&#8243; include=&#8220;3298,3309,3310,3311&#8243;][\/vc_column][\/vc_row][vc_row full_width=&#8220;stretch_row&#8220;][vc_column][vc_column_text css=&#8220;&#8220;] CarHub empfiehlt au\u00dferdem Routen \u00fcber Google Maps Schnellauswahl f\u00fcr D\u00f6rfer, Str\u00e4nde, Sonnenunterg\u00e4nge, Weing\u00fcter und Restaurants \u2014 \u00f6ffnen Sie jeden Ort direkt in Google Maps. \ud83c\udfd8\ufe0f Die sch\u00f6nsten D\u00f6rfer Oia \u2014 Karte \u00f6ffnen Fira \u2014 Karte \u00f6ffnen Pyrgos \u2014 Karte \u00f6ffnen Kamari \u2014 Karte \u00f6ffnen Megalochori \u2014 Karte&hellip;\" \/>\n<meta property=\"og:url\" content=\"https:\/\/carhub.gr\/de\/map-of-santorini\/\" \/>\n<meta property=\"og:site_name\" content=\"Carhub\" \/>\n<meta property=\"article:publisher\" content=\"https:\/\/www.facebook.com\/carhub.gr\/\" \/>\n<meta property=\"article:modified_time\" content=\"2026-01-12T16:45:51+00:00\" \/>\n<meta property=\"og:image\" content=\"https:\/\/carhub.gr\/wp-content\/uploads\/2025\/12\/pngegg-7-1.png\" \/>\n\t<meta property=\"og:image:width\" content=\"1366\" \/>\n\t<meta property=\"og:image:height\" content=\"768\" \/>\n\t<meta property=\"og:image:type\" content=\"image\/png\" \/>\n<meta name=\"twitter:card\" content=\"summary_large_image\" \/>\n<meta name=\"twitter:label1\" content=\"Gesch\u00e4tzte Lesezeit\" \/>\n\t<meta name=\"twitter:data1\" content=\"2\u00a0Minuten\" \/>\n<script type=\"application\/ld+json\" class=\"yoast-schema-graph\">{\"@context\":\"https:\/\/schema.org\",\"@graph\":[{\"@type\":\"WebPage\",\"@id\":\"https:\/\/carhub.gr\/de\/map-of-santorini\/\",\"url\":\"https:\/\/carhub.gr\/de\/map-of-santorini\/\",\"name\":\"Carte de Santorin - Carhub\",\"isPartOf\":{\"@id\":\"https:\/\/carhub.gr\/de\/#website\"},\"datePublished\":\"2026-01-10T15:10:21+00:00\",\"dateModified\":\"2026-01-12T16:45:51+00:00\",\"breadcrumb\":{\"@id\":\"https:\/\/carhub.gr\/de\/map-of-santorini\/#breadcrumb\"},\"inLanguage\":\"de\",\"potentialAction\":[{\"@type\":\"ReadAction\",\"target\":[\"https:\/\/carhub.gr\/de\/map-of-santorini\/\"]}]},{\"@type\":\"BreadcrumbList\",\"@id\":\"https:\/\/carhub.gr\/de\/map-of-santorini\/#breadcrumb\",\"itemListElement\":[{\"@type\":\"ListItem\",\"position\":1,\"name\":\"Home\",\"item\":\"https:\/\/carhub.gr\/de\/\"},{\"@type\":\"ListItem\",\"position\":2,\"name\":\"Carte de Santorin\"}]},{\"@type\":\"WebSite\",\"@id\":\"https:\/\/carhub.gr\/de\/#website\",\"url\":\"https:\/\/carhub.gr\/de\/\",\"name\":\"Carhub\",\"description\":\"Rent a car Santorini - Santorini Car Hire\",\"publisher\":{\"@id\":\"https:\/\/carhub.gr\/de\/#organization\"},\"alternateName\":\"RENT A CAR SANTORINI - SANTORINI CAR RENTAL\",\"potentialAction\":[{\"@type\":\"SearchAction\",\"target\":{\"@type\":\"EntryPoint\",\"urlTemplate\":\"https:\/\/carhub.gr\/de\/?s={search_term_string}\"},\"query-input\":{\"@type\":\"PropertyValueSpecification\",\"valueRequired\":true,\"valueName\":\"search_term_string\"}}],\"inLanguage\":\"de\"},{\"@type\":\"Organization\",\"@id\":\"https:\/\/carhub.gr\/de\/#organization\",\"name\":\"Carhub\",\"url\":\"https:\/\/carhub.gr\/de\/\",\"logo\":{\"@type\":\"ImageObject\",\"inLanguage\":\"de\",\"@id\":\"https:\/\/carhub.gr\/de\/#\/schema\/logo\/image\/\",\"url\":\"https:\/\/carhub.gr\/wp-content\/uploads\/2025\/12\/logo-carhub-1.png\",\"contentUrl\":\"https:\/\/carhub.gr\/wp-content\/uploads\/2025\/12\/logo-carhub-1.png\",\"width\":182,\"height\":53,\"caption\":\"Carhub\"},\"image\":{\"@id\":\"https:\/\/carhub.gr\/de\/#\/schema\/logo\/image\/\"},\"sameAs\":[\"https:\/\/www.facebook.com\/carhub.gr\/\"]}]}<\/script>\n<!-- \/ Yoast SEO plugin. -->","yoast_head_json":{"title":"Carte de Santorin - Carhub","robots":{"index":"index","follow":"follow","max-snippet":"max-snippet:-1","max-image-preview":"max-image-preview:large","max-video-preview":"max-video-preview:-1"},"canonical":"https:\/\/carhub.gr\/de\/map-of-santorini\/","og_locale":"de_DE","og_type":"article","og_title":"Carte de Santorin - Carhub","og_description":"[vc_row][vc_column][vc_media_grid element_width=&#8220;6&#8243; gap=&#8220;10&#8243; css=&#8220;&#8220; grid_id=&#8220;vc_gid:1768236213671-18dd60df-f0fb-3&#8243; include=&#8220;3298,3309,3310,3311&#8243;][\/vc_column][\/vc_row][vc_row full_width=&#8220;stretch_row&#8220;][vc_column][vc_column_text css=&#8220;&#8220;] CarHub empfiehlt au\u00dferdem Routen \u00fcber Google Maps Schnellauswahl f\u00fcr D\u00f6rfer, Str\u00e4nde, Sonnenunterg\u00e4nge, Weing\u00fcter und Restaurants \u2014 \u00f6ffnen Sie jeden Ort direkt in Google Maps. \ud83c\udfd8\ufe0f Die sch\u00f6nsten D\u00f6rfer Oia \u2014 Karte \u00f6ffnen Fira \u2014 Karte \u00f6ffnen Pyrgos \u2014 Karte \u00f6ffnen Kamari \u2014 Karte \u00f6ffnen Megalochori \u2014 Karte&hellip;","og_url":"https:\/\/carhub.gr\/de\/map-of-santorini\/","og_site_name":"Carhub","article_publisher":"https:\/\/www.facebook.com\/carhub.gr\/","article_modified_time":"2026-01-12T16:45:51+00:00","og_image":[{"width":1366,"height":768,"url":"https:\/\/carhub.gr\/wp-content\/uploads\/2025\/12\/pngegg-7-1.png","type":"image\/png"}],"twitter_card":"summary_large_image","twitter_misc":{"Gesch\u00e4tzte Lesezeit":"2\u00a0Minuten"},"schema":{"@context":"https:\/\/schema.org","@graph":[{"@type":"WebPage","@id":"https:\/\/carhub.gr\/de\/map-of-santorini\/","url":"https:\/\/carhub.gr\/de\/map-of-santorini\/","name":"Carte de Santorin - Carhub","isPartOf":{"@id":"https:\/\/carhub.gr\/de\/#website"},"datePublished":"2026-01-10T15:10:21+00:00","dateModified":"2026-01-12T16:45:51+00:00","breadcrumb":{"@id":"https:\/\/carhub.gr\/de\/map-of-santorini\/#breadcrumb"},"inLanguage":"de","potentialAction":[{"@type":"ReadAction","target":["https:\/\/carhub.gr\/de\/map-of-santorini\/"]}]},{"@type":"BreadcrumbList","@id":"https:\/\/carhub.gr\/de\/map-of-santorini\/#breadcrumb","itemListElement":[{"@type":"ListItem","position":1,"name":"Home","item":"https:\/\/carhub.gr\/de\/"},{"@type":"ListItem","position":2,"name":"Carte de Santorin"}]},{"@type":"WebSite","@id":"https:\/\/carhub.gr\/de\/#website","url":"https:\/\/carhub.gr\/de\/","name":"Carhub","description":"Rent a car Santorini - Santorini Car Hire","publisher":{"@id":"https:\/\/carhub.gr\/de\/#organization"},"alternateName":"RENT A CAR SANTORINI - SANTORINI CAR RENTAL","potentialAction":[{"@type":"SearchAction","target":{"@type":"EntryPoint","urlTemplate":"https:\/\/carhub.gr\/de\/?s={search_term_string}"},"query-input":{"@type":"PropertyValueSpecification","valueRequired":true,"valueName":"search_term_string"}}],"inLanguage":"de"},{"@type":"Organization","@id":"https:\/\/carhub.gr\/de\/#organization","name":"Carhub","url":"https:\/\/carhub.gr\/de\/","logo":{"@type":"ImageObject","inLanguage":"de","@id":"https:\/\/carhub.gr\/de\/#\/schema\/logo\/image\/","url":"https:\/\/carhub.gr\/wp-content\/uploads\/2025\/12\/logo-carhub-1.png","contentUrl":"https:\/\/carhub.gr\/wp-content\/uploads\/2025\/12\/logo-carhub-1.png","width":182,"height":53,"caption":"Carhub"},"image":{"@id":"https:\/\/carhub.gr\/de\/#\/schema\/logo\/image\/"},"sameAs":["https:\/\/www.facebook.com\/carhub.gr\/"]}]}},"_links":{"self":[{"href":"https:\/\/carhub.gr\/de\/wp-json\/wp\/v2\/pages\/3297","targetHints":{"allow":["GET"]}}],"collection":[{"href":"https:\/\/carhub.gr\/de\/wp-json\/wp\/v2\/pages"}],"about":[{"href":"https:\/\/carhub.gr\/de\/wp-json\/wp\/v2\/types\/page"}],"author":[{"embeddable":true,"href":"https:\/\/carhub.gr\/de\/wp-json\/wp\/v2\/users\/2"}],"replies":[{"embeddable":true,"href":"https:\/\/carhub.gr\/de\/wp-json\/wp\/v2\/comments?post=3297"}],"version-history":[{"count":4,"href":"https:\/\/carhub.gr\/de\/wp-json\/wp\/v2\/pages\/3297\/revisions"}],"predecessor-version":[{"id":3331,"href":"https:\/\/carhub.gr\/de\/wp-json\/wp\/v2\/pages\/3297\/revisions\/3331"}],"wp:attachment":[{"href":"https:\/\/carhub.gr\/de\/wp-json\/wp\/v2\/media?parent=3297"}],"curies":[{"name":"wp","href":"https:\/\/api.w.org\/{rel}","templated":true}]}}