{"id":3158,"date":"2026-01-10T12:10:27","date_gmt":"2026-01-10T10:10:27","guid":{"rendered":"https:\/\/carhub.gr\/rental-car-perissa-santorini\/"},"modified":"2026-01-10T12:12:44","modified_gmt":"2026-01-10T10:12:44","slug":"autovermietung-perissa-santorini","status":"publish","type":"page","link":"https:\/\/carhub.gr\/de\/autovermietung-perissa-santorini\/","title":{"rendered":"Autovermietung Perissa Santorini"},"content":{"rendered":"<div class=\"wpb-content-wrapper\">[vc_row][vc_column][vc_column_text css=&#8220;&#8220;]\n<h1 class=\"western\" style=\"text-align: center;\">Autovermietung Perissa Santorini<\/h1>\n<figure id=\"attachment_3154\" aria-describedby=\"caption-attachment-3154\" style=\"width: 258px\" class=\"wp-caption aligncenter\"><img loading=\"lazy\" decoding=\"async\" class=\"wp-image-3154 size-full\" src=\"https:\/\/carhub.gr\/wp-content\/uploads\/2026\/01\/29196687_10156551095700649_1528072101750112256_n-258x300-1.jpg\" alt=\"Autovermietung Perissa Santorini\" width=\"258\" height=\"300\" \/><figcaption id=\"caption-attachment-3154\" class=\"wp-caption-text\">Autovermietung Perissa Santorini<\/figcaption><\/figure>\n<p style=\"text-align: center;\"><span style=\"color: #000000;\"><span style=\"font-family: Arial, sans-serif;\"><span style=\"font-size: small;\">Zun\u00e4chst einmal ist <a href=\"https:\/\/www.santorini-view.com\/perissa\/\" target=\"_blank\" rel=\"noopener noreferrer\">Perissa<\/a> ein wundersch\u00f6nes K\u00fcstendorf am s\u00fcd\u00f6stlichen Rand der Insel, 13 Kilometer von der Hauptstadt entfernt. Es liegt am s\u00fcdlichen Fu\u00df des Mesa-Vouno-Berges. Au\u00dferdem wird angenommen, dass sich hier einst die antike Stadt Elefsina befand.<\/span><\/span><\/span> <span style=\"color: #000000;\"><span style=\"font-family: 'Open Sans';\"><span style=\"font-size: small;\">Der Hauptgrund, warum die meisten Besucher nach Perissa kommen, ist der au\u00dfergew\u00f6hnliche Strand mit tiefblauem Wasser und schwarzem Lavasand. Der Strand ist vollst\u00e4ndig organisiert mit Sonnenliegen, Sonnenschirmen, Strandbars, Rettungsschwimmern und einem Spielplatz und wurde mit der Blauen Flagge ausgezeichnet. Wassersportm\u00f6glichkeiten, Tauchzentren, ein Wasserpark und ein Beachvolleyballfeld runden das Angebot ab und bereichern Ihr Erlebnis.<\/span><\/span><\/span><\/p>\n<p style=\"text-align: center;\"><span style=\"color: #000000;\"><span style=\"font-family: 'Open Sans';\"><span style=\"font-size: small;\">Der Strand von Perissa ist au\u00dferdem mit Perivolos verbunden und bietet zahlreiche Nachtclubs, Restaurants, Tavernen und Caf\u00e9s f\u00fcr sch\u00f6ne Momente bei Tag und Nacht. Im Dorf finden Sie Mini-M\u00e4rkte sowie viele weitere Gesch\u00e4fte mit Kleidung, Souvenirs und allem, was Sie ben\u00f6tigen.<\/span><\/span><\/span><span style=\"color: #000000;\"><span style=\"font-family: Arial, sans-serif;\"><span style=\"font-size: small;\"> Verpassen Sie nicht die Ausgrabungsst\u00e4tte der antiken Stadt Akrotiri, die nur 8 km entfernt liegt. Ebenso Fira, Imerovigli und Oia \u2013 perfekte Orte, um einige Abende zu verbringen, den Sonnenuntergang zu genie\u00dfen und den einzigartigen Blick auf die Klippen und die Vulkaninseln zu bewundern.<\/span><\/span><\/span><\/p>\n<h2 style=\"text-align: center;\">Autovermietung Perissa Santorini<\/h2>\n<p><span style=\"color: #000000;\"><span style=\"font-family: Arial, sans-serif;\"><span style=\"font-size: small;\">Eine ideale M\u00f6glichkeit, den Rest von<\/span><\/span><\/span> <strong><span style=\"color: #000000;\"><span style=\"font-family: Arial, sans-serif;\"><span style=\"font-size: small;\"><b>Santorini<\/b><\/span><\/span><\/span><\/strong> <span style=\"color: #000000;\"><span style=\"font-family: Arial, sans-serif;\"><span style=\"font-size: small;\">zu erkunden, ist es,<\/span><\/span><\/span><strong><span style=\"color: #000000;\"><span style=\"font-family: Arial, sans-serif;\"><span style=\"font-size: small;\"><b>ein Auto zu mieten<\/b><\/span><\/span><\/span><\/strong><span style=\"color: #000000;\"><span style=\"font-family: Arial, sans-serif;\"><span style=\"font-size: small;\"> bei der Autovermietung <a href=\"http:\/\/carhub.gr\/\">Carhub<\/a><\/span><\/span><\/span><span style=\"color: #000000;\"><span style=\"font-family: Arial, sans-serif;\"><span style=\"font-size: small;\">. F\u00fcr Besucher, die sich f\u00fcr die<\/span><\/span><\/span> <strong><span style=\"color: #000000;\"><span style=\"font-family: Arial, sans-serif;\"><span style=\"font-size: small;\"><b>Autovermietung in Perissa Santorini<\/b><\/span><\/span><\/span><\/strong><span style=\"color: #000000;\"><span style=\"font-family: Arial, sans-serif;\"><span style=\"font-size: small;\"> interessieren, liefert unser Unternehmen jedes gew\u00fcnschte Fahrzeug direkt zu jedem Hotel in der Umgebung \u2013 ohne zus\u00e4tzliche Kosten. Fahren Sie also mit Ihrem <\/span><\/span><\/span><strong><span style=\"color: #000000;\"><span style=\"font-family: Arial, sans-serif;\"><span style=\"font-size: small;\"><b>Mietwagen auf Santorini<\/b><\/span><\/span><\/span><\/strong> <span style=\"color: #000000;\"><span style=\"font-family: Arial, sans-serif;\"><span style=\"font-size: small;\">zu allen Sehensw\u00fcrdigkeiten, ohne Zeit oder Geld zu verschwenden. Buchen Sie abschlie\u00dfend einfach Ihren Mietwagen f\u00fcr Santorini online oder rufen Sie uns an.<\/span><\/span><\/span>[\/vc_column_text][\/vc_column][\/vc_row]\n<\/div>","protected":false},"excerpt":{"rendered":"<p>[vc_row][vc_column][vc_column_text css=&#8220;&#8220;] Autovermietung Perissa Santorini Zun\u00e4chst einmal ist Perissa ein wundersch\u00f6nes K\u00fcstendorf am s\u00fcd\u00f6stlichen Rand der Insel, 13 Kilometer von der Hauptstadt entfernt. Es liegt am s\u00fcdlichen Fu\u00df des Mesa-Vouno-Berges. Au\u00dferdem wird angenommen, dass sich hier einst die antike Stadt Elefsina befand. Der Hauptgrund, warum die meisten Besucher nach Perissa kommen, ist der au\u00dfergew\u00f6hnliche Strand&hellip;<\/p>\n","protected":false},"author":2,"featured_media":0,"parent":0,"menu_order":0,"comment_status":"closed","ping_status":"closed","template":"templates\/no-sidebar.php","meta":{"footnotes":""},"class_list":["post-3158","page","type-page","status-publish","hentry","entry","no-media"],"yoast_head":"<!-- This site is optimized with the Yoast SEO plugin v27.2 - https:\/\/yoast.com\/product\/yoast-seo-wordpress\/ -->\n<title>Autovermietung Perissa Santorini - Carhub<\/title>\n<meta name=\"robots\" content=\"index, follow, max-snippet:-1, max-image-preview:large, max-video-preview:-1\" \/>\n<link rel=\"canonical\" href=\"https:\/\/carhub.gr\/de\/autovermietung-perissa-santorini\/\" \/>\n<meta property=\"og:locale\" content=\"de_DE\" \/>\n<meta property=\"og:type\" content=\"article\" \/>\n<meta property=\"og:title\" content=\"Autovermietung Perissa Santorini - Carhub\" \/>\n<meta property=\"og:description\" content=\"[vc_row][vc_column][vc_column_text css=&#8220;&#8220;] Autovermietung Perissa Santorini Zun\u00e4chst einmal ist Perissa ein wundersch\u00f6nes K\u00fcstendorf am s\u00fcd\u00f6stlichen Rand der Insel, 13 Kilometer von der Hauptstadt entfernt. Es liegt am s\u00fcdlichen Fu\u00df des Mesa-Vouno-Berges. Au\u00dferdem wird angenommen, dass sich hier einst die antike Stadt Elefsina befand. Der Hauptgrund, warum die meisten Besucher nach Perissa kommen, ist der au\u00dfergew\u00f6hnliche Strand&hellip;\" \/>\n<meta property=\"og:url\" content=\"https:\/\/carhub.gr\/de\/autovermietung-perissa-santorini\/\" \/>\n<meta property=\"og:site_name\" content=\"Carhub\" \/>\n<meta property=\"article:publisher\" content=\"https:\/\/www.facebook.com\/carhub.gr\/\" \/>\n<meta property=\"article:modified_time\" content=\"2026-01-10T10:12:44+00:00\" \/>\n<meta property=\"og:image\" content=\"https:\/\/carhub.gr\/wp-content\/uploads\/2026\/01\/29196687_10156551095700649_1528072101750112256_n-258x300-1.jpg\" \/>\n\t<meta property=\"og:image:width\" content=\"258\" \/>\n\t<meta property=\"og:image:height\" content=\"300\" \/>\n\t<meta property=\"og:image:type\" content=\"image\/jpeg\" \/>\n<meta name=\"twitter:card\" content=\"summary_large_image\" \/>\n<meta name=\"twitter:label1\" content=\"Gesch\u00e4tzte Lesezeit\" \/>\n\t<meta name=\"twitter:data1\" content=\"2\u00a0Minuten\" \/>\n<script type=\"application\/ld+json\" class=\"yoast-schema-graph\">{\"@context\":\"https:\/\/schema.org\",\"@graph\":[{\"@type\":\"WebPage\",\"@id\":\"https:\/\/carhub.gr\/de\/autovermietung-perissa-santorini\/\",\"url\":\"https:\/\/carhub.gr\/de\/autovermietung-perissa-santorini\/\",\"name\":\"Autovermietung Perissa Santorini - Carhub\",\"isPartOf\":{\"@id\":\"https:\/\/carhub.gr\/de\/#website\"},\"primaryImageOfPage\":{\"@id\":\"https:\/\/carhub.gr\/de\/autovermietung-perissa-santorini\/#primaryimage\"},\"image\":{\"@id\":\"https:\/\/carhub.gr\/de\/autovermietung-perissa-santorini\/#primaryimage\"},\"thumbnailUrl\":\"https:\/\/carhub.gr\/wp-content\/uploads\/2026\/01\/29196687_10156551095700649_1528072101750112256_n-258x300-1.jpg\",\"datePublished\":\"2026-01-10T10:10:27+00:00\",\"dateModified\":\"2026-01-10T10:12:44+00:00\",\"breadcrumb\":{\"@id\":\"https:\/\/carhub.gr\/de\/autovermietung-perissa-santorini\/#breadcrumb\"},\"inLanguage\":\"de\",\"potentialAction\":[{\"@type\":\"ReadAction\",\"target\":[\"https:\/\/carhub.gr\/de\/autovermietung-perissa-santorini\/\"]}]},{\"@type\":\"ImageObject\",\"inLanguage\":\"de\",\"@id\":\"https:\/\/carhub.gr\/de\/autovermietung-perissa-santorini\/#primaryimage\",\"url\":\"https:\/\/carhub.gr\/wp-content\/uploads\/2026\/01\/29196687_10156551095700649_1528072101750112256_n-258x300-1.jpg\",\"contentUrl\":\"https:\/\/carhub.gr\/wp-content\/uploads\/2026\/01\/29196687_10156551095700649_1528072101750112256_n-258x300-1.jpg\"},{\"@type\":\"BreadcrumbList\",\"@id\":\"https:\/\/carhub.gr\/de\/autovermietung-perissa-santorini\/#breadcrumb\",\"itemListElement\":[{\"@type\":\"ListItem\",\"position\":1,\"name\":\"Home\",\"item\":\"https:\/\/carhub.gr\/de\/\"},{\"@type\":\"ListItem\",\"position\":2,\"name\":\"Autovermietung Perissa Santorini\"}]},{\"@type\":\"WebSite\",\"@id\":\"https:\/\/carhub.gr\/de\/#website\",\"url\":\"https:\/\/carhub.gr\/de\/\",\"name\":\"Carhub\",\"description\":\"Rent a car Santorini - Santorini Car Hire\",\"publisher\":{\"@id\":\"https:\/\/carhub.gr\/de\/#organization\"},\"alternateName\":\"RENT A CAR SANTORINI - SANTORINI CAR RENTAL\",\"potentialAction\":[{\"@type\":\"SearchAction\",\"target\":{\"@type\":\"EntryPoint\",\"urlTemplate\":\"https:\/\/carhub.gr\/de\/?s={search_term_string}\"},\"query-input\":{\"@type\":\"PropertyValueSpecification\",\"valueRequired\":true,\"valueName\":\"search_term_string\"}}],\"inLanguage\":\"de\"},{\"@type\":\"Organization\",\"@id\":\"https:\/\/carhub.gr\/de\/#organization\",\"name\":\"Carhub\",\"url\":\"https:\/\/carhub.gr\/de\/\",\"logo\":{\"@type\":\"ImageObject\",\"inLanguage\":\"de\",\"@id\":\"https:\/\/carhub.gr\/de\/#\/schema\/logo\/image\/\",\"url\":\"https:\/\/carhub.gr\/wp-content\/uploads\/2025\/12\/logo-carhub-1.png\",\"contentUrl\":\"https:\/\/carhub.gr\/wp-content\/uploads\/2025\/12\/logo-carhub-1.png\",\"width\":182,\"height\":53,\"caption\":\"Carhub\"},\"image\":{\"@id\":\"https:\/\/carhub.gr\/de\/#\/schema\/logo\/image\/\"},\"sameAs\":[\"https:\/\/www.facebook.com\/carhub.gr\/\"]}]}<\/script>\n<!-- \/ Yoast SEO plugin. -->","yoast_head_json":{"title":"Autovermietung Perissa Santorini - Carhub","robots":{"index":"index","follow":"follow","max-snippet":"max-snippet:-1","max-image-preview":"max-image-preview:large","max-video-preview":"max-video-preview:-1"},"canonical":"https:\/\/carhub.gr\/de\/autovermietung-perissa-santorini\/","og_locale":"de_DE","og_type":"article","og_title":"Autovermietung Perissa Santorini - Carhub","og_description":"[vc_row][vc_column][vc_column_text css=&#8220;&#8220;] Autovermietung Perissa Santorini Zun\u00e4chst einmal ist Perissa ein wundersch\u00f6nes K\u00fcstendorf am s\u00fcd\u00f6stlichen Rand der Insel, 13 Kilometer von der Hauptstadt entfernt. Es liegt am s\u00fcdlichen Fu\u00df des Mesa-Vouno-Berges. Au\u00dferdem wird angenommen, dass sich hier einst die antike Stadt Elefsina befand. Der Hauptgrund, warum die meisten Besucher nach Perissa kommen, ist der au\u00dfergew\u00f6hnliche Strand&hellip;","og_url":"https:\/\/carhub.gr\/de\/autovermietung-perissa-santorini\/","og_site_name":"Carhub","article_publisher":"https:\/\/www.facebook.com\/carhub.gr\/","article_modified_time":"2026-01-10T10:12:44+00:00","og_image":[{"width":258,"height":300,"url":"https:\/\/carhub.gr\/wp-content\/uploads\/2026\/01\/29196687_10156551095700649_1528072101750112256_n-258x300-1.jpg","type":"image\/jpeg"}],"twitter_card":"summary_large_image","twitter_misc":{"Gesch\u00e4tzte Lesezeit":"2\u00a0Minuten"},"schema":{"@context":"https:\/\/schema.org","@graph":[{"@type":"WebPage","@id":"https:\/\/carhub.gr\/de\/autovermietung-perissa-santorini\/","url":"https:\/\/carhub.gr\/de\/autovermietung-perissa-santorini\/","name":"Autovermietung Perissa Santorini - Carhub","isPartOf":{"@id":"https:\/\/carhub.gr\/de\/#website"},"primaryImageOfPage":{"@id":"https:\/\/carhub.gr\/de\/autovermietung-perissa-santorini\/#primaryimage"},"image":{"@id":"https:\/\/carhub.gr\/de\/autovermietung-perissa-santorini\/#primaryimage"},"thumbnailUrl":"https:\/\/carhub.gr\/wp-content\/uploads\/2026\/01\/29196687_10156551095700649_1528072101750112256_n-258x300-1.jpg","datePublished":"2026-01-10T10:10:27+00:00","dateModified":"2026-01-10T10:12:44+00:00","breadcrumb":{"@id":"https:\/\/carhub.gr\/de\/autovermietung-perissa-santorini\/#breadcrumb"},"inLanguage":"de","potentialAction":[{"@type":"ReadAction","target":["https:\/\/carhub.gr\/de\/autovermietung-perissa-santorini\/"]}]},{"@type":"ImageObject","inLanguage":"de","@id":"https:\/\/carhub.gr\/de\/autovermietung-perissa-santorini\/#primaryimage","url":"https:\/\/carhub.gr\/wp-content\/uploads\/2026\/01\/29196687_10156551095700649_1528072101750112256_n-258x300-1.jpg","contentUrl":"https:\/\/carhub.gr\/wp-content\/uploads\/2026\/01\/29196687_10156551095700649_1528072101750112256_n-258x300-1.jpg"},{"@type":"BreadcrumbList","@id":"https:\/\/carhub.gr\/de\/autovermietung-perissa-santorini\/#breadcrumb","itemListElement":[{"@type":"ListItem","position":1,"name":"Home","item":"https:\/\/carhub.gr\/de\/"},{"@type":"ListItem","position":2,"name":"Autovermietung Perissa Santorini"}]},{"@type":"WebSite","@id":"https:\/\/carhub.gr\/de\/#website","url":"https:\/\/carhub.gr\/de\/","name":"Carhub","description":"Rent a car Santorini - Santorini Car Hire","publisher":{"@id":"https:\/\/carhub.gr\/de\/#organization"},"alternateName":"RENT A CAR SANTORINI - SANTORINI CAR RENTAL","potentialAction":[{"@type":"SearchAction","target":{"@type":"EntryPoint","urlTemplate":"https:\/\/carhub.gr\/de\/?s={search_term_string}"},"query-input":{"@type":"PropertyValueSpecification","valueRequired":true,"valueName":"search_term_string"}}],"inLanguage":"de"},{"@type":"Organization","@id":"https:\/\/carhub.gr\/de\/#organization","name":"Carhub","url":"https:\/\/carhub.gr\/de\/","logo":{"@type":"ImageObject","inLanguage":"de","@id":"https:\/\/carhub.gr\/de\/#\/schema\/logo\/image\/","url":"https:\/\/carhub.gr\/wp-content\/uploads\/2025\/12\/logo-carhub-1.png","contentUrl":"https:\/\/carhub.gr\/wp-content\/uploads\/2025\/12\/logo-carhub-1.png","width":182,"height":53,"caption":"Carhub"},"image":{"@id":"https:\/\/carhub.gr\/de\/#\/schema\/logo\/image\/"},"sameAs":["https:\/\/www.facebook.com\/carhub.gr\/"]}]}},"_links":{"self":[{"href":"https:\/\/carhub.gr\/de\/wp-json\/wp\/v2\/pages\/3158","targetHints":{"allow":["GET"]}}],"collection":[{"href":"https:\/\/carhub.gr\/de\/wp-json\/wp\/v2\/pages"}],"about":[{"href":"https:\/\/carhub.gr\/de\/wp-json\/wp\/v2\/types\/page"}],"author":[{"embeddable":true,"href":"https:\/\/carhub.gr\/de\/wp-json\/wp\/v2\/users\/2"}],"replies":[{"embeddable":true,"href":"https:\/\/carhub.gr\/de\/wp-json\/wp\/v2\/comments?post=3158"}],"version-history":[{"count":1,"href":"https:\/\/carhub.gr\/de\/wp-json\/wp\/v2\/pages\/3158\/revisions"}],"predecessor-version":[{"id":3167,"href":"https:\/\/carhub.gr\/de\/wp-json\/wp\/v2\/pages\/3158\/revisions\/3167"}],"wp:attachment":[{"href":"https:\/\/carhub.gr\/de\/wp-json\/wp\/v2\/media?parent=3158"}],"curies":[{"name":"wp","href":"https:\/\/api.w.org\/{rel}","templated":true}]}}