{"id":3140,"date":"2026-01-10T12:03:26","date_gmt":"2026-01-10T10:03:26","guid":{"rendered":"https:\/\/carhub.gr\/rental-car-perivolos-santorini\/"},"modified":"2026-01-10T12:07:29","modified_gmt":"2026-01-10T10:07:29","slug":"autovermietung-perivolos-santorini","status":"publish","type":"page","link":"https:\/\/carhub.gr\/de\/autovermietung-perivolos-santorini\/","title":{"rendered":"Autovermietung Perivolos Santorini"},"content":{"rendered":"<div class=\"wpb-content-wrapper\">[vc_row][vc_column][vc_column_text css=&#8220;&#8220;]\n<h1 class=\"western\" style=\"text-align: center;\">Autovermietung Perivolos Santorini<\/h1>\n<figure id=\"attachment_3136\" aria-describedby=\"caption-attachment-3136\" style=\"width: 300px\" class=\"wp-caption aligncenter\"><img loading=\"lazy\" decoding=\"async\" class=\"size-full wp-image-3136\" src=\"https:\/\/carhub.gr\/wp-content\/uploads\/2026\/01\/31131472_10156663269845649_7723170205521674240_n-300x225-1.jpg\" alt=\"Autovermietung Perivolos Santorini\" width=\"300\" height=\"225\" \/><figcaption id=\"caption-attachment-3136\" class=\"wp-caption-text\">Autovermietung Perivolos Santorini<\/figcaption><\/figure>\n<p style=\"text-align: center;\"><span style=\"color: #000000;\"><span style=\"font-family: Arial, sans-serif;\"><span style=\"font-size: small;\">Das K\u00fcstendorf <a href=\"https:\/\/www.tripadvisor.com\/Attraction_Review-g657830-d6988148-Reviews-Perivolos_Beach-Perivolos_Santorini_Cyclades_South_Aegean.html\" target=\"_blank\" rel=\"noopener noreferrer\">Perivolos<\/a> ist sehr beliebt, vor allem bei jungen Leuten, da es eines der lebhaftesten Strandresorts der Insel beherbergt. Es ist ein kleines Dorf an der S\u00fcdostk\u00fcste von Santorini, ganz in der N\u00e4he des Dorfes Perissa. Tats\u00e4chlich liegt es zwischen Perissa und Agios Georgios. In Perivolos k\u00f6nnen Sie angenehme Stunden in ausgezeichneten Restaurants mit lokalen Spezialit\u00e4ten, gem\u00fctlichen Caf\u00e9s und lebhaften Bars mit stimmungsvoller Musik verbringen. Hier befinden sich die meisten Beachbars der Insel, in denen zahlreiche Veranstaltungen rund um stilvolle Swimmingpools stattfinden, wie DJ-Sets, Auftritte und andere besondere Events. Tags\u00fcber wie auch nachts ist Perivolos voller Leben und die Atmosph\u00e4re entlang der sch\u00f6nen Promenade ist stets lebendig und fr\u00f6hlich.<\/span><\/span><\/span><\/p>\n<p style=\"text-align: center;\"><span style=\"color: #000000;\"><span style=\"font-family: Arial, sans-serif;\"><span style=\"font-size: small;\"> Die Hauptattraktion und der wichtigste Grund, Perivolos zu besuchen, ist neben dem lebhaften Nachtleben der ber\u00fchmte <b>Strand von Perivolos<\/b>, ein wundersch\u00f6ner, langer Strand mit kristallklarem Wasser, bedeckt mit schwarzem vulkanischem Sand. Der Strand ist vollst\u00e4ndig organisiert und bietet zahlreiche Annehmlichkeiten wie bequeme Sonnenliegen, Sonnenschirme, Duschen und Rettungsschwimmer. Genie\u00dfen Sie Ihr Lieblingsgetr\u00e4nk oder eine Mahlzeit direkt am glitzernden Meer. Dar\u00fcber hinaus gibt es Wassersportm\u00f6glichkeiten, die Ihnen neue Erlebnisse bieten k\u00f6nnen. Au\u00dferdem stehen Beachvolleyballfelder zur Verf\u00fcgung, auf denen h\u00e4ufig Turniere organisiert werden, die viele Besucher anziehen. Ein Besuch in Perivolos ist absolut empfehlenswert, denn es gibt zahlreiche Unterkunftsm\u00f6glichkeiten f\u00fcr einen angenehmen Aufenthalt: luxuri\u00f6se Villen, charmante Hotels, Apartments und Zimmer zur Miete \u2013 f\u00fcr jeden Geschmack ist etwas dabei.<\/span><\/span><\/span><\/p>\n<h3 style=\"text-align: center;\">Autovermietung Perivolos Santorini<\/h3>\n<p style=\"text-align: center;\"><span style=\"color: #000000;\"><span style=\"font-family: Arial, sans-serif;\"><span style=\"font-size: small;\">Wenn sich Ihr Hotel an <strong><b>der Perivolos-Strand von Santorini<\/b><\/strong> befindet, liefern wir Ihr <strong><b>Mietwagen auf Santorini \u00fcber <a href=\"http:\/\/carhub.gr\/\">Carhub<\/a><\/b><\/strong> direkt dorthin \u2013 ohne zus\u00e4tzliche Kosten. Sie k\u00f6nnen den <em>Wagen<\/em> auch am selben Ort zur\u00fcckgeben. Bitte informieren Sie uns einfach bei Ihrer Reservierung per E-Mail oder Telefon. F\u00fcr den Bereich Perivolos-Strand akzeptieren wir je nach Verf\u00fcgbarkeit auch Last-Minute-Reservierungen.<\/span><\/span><\/span><\/p>\n[\/vc_column_text][\/vc_column][\/vc_row]\n<\/div>","protected":false},"excerpt":{"rendered":"<p>[vc_row][vc_column][vc_column_text css=&#8220;&#8220;] Autovermietung Perivolos Santorini Das K\u00fcstendorf Perivolos ist sehr beliebt, vor allem bei jungen Leuten, da es eines der lebhaftesten Strandresorts der Insel beherbergt. Es ist ein kleines Dorf an der S\u00fcdostk\u00fcste von Santorini, ganz in der N\u00e4he des Dorfes Perissa. Tats\u00e4chlich liegt es zwischen Perissa und Agios Georgios. In Perivolos k\u00f6nnen Sie angenehme&hellip;<\/p>\n","protected":false},"author":2,"featured_media":0,"parent":0,"menu_order":0,"comment_status":"closed","ping_status":"closed","template":"templates\/no-sidebar.php","meta":{"footnotes":""},"class_list":["post-3140","page","type-page","status-publish","hentry","entry","no-media"],"yoast_head":"<!-- This site is optimized with the Yoast SEO plugin v27.2 - https:\/\/yoast.com\/product\/yoast-seo-wordpress\/ -->\n<title>Autovermietung Perivolos Santorini - Carhub<\/title>\n<meta name=\"robots\" content=\"index, follow, max-snippet:-1, max-image-preview:large, max-video-preview:-1\" \/>\n<link rel=\"canonical\" href=\"https:\/\/carhub.gr\/de\/autovermietung-perivolos-santorini\/\" \/>\n<meta property=\"og:locale\" content=\"de_DE\" \/>\n<meta property=\"og:type\" content=\"article\" \/>\n<meta property=\"og:title\" content=\"Autovermietung Perivolos Santorini - Carhub\" \/>\n<meta property=\"og:description\" content=\"[vc_row][vc_column][vc_column_text css=&#8220;&#8220;] Autovermietung Perivolos Santorini Das K\u00fcstendorf Perivolos ist sehr beliebt, vor allem bei jungen Leuten, da es eines der lebhaftesten Strandresorts der Insel beherbergt. Es ist ein kleines Dorf an der S\u00fcdostk\u00fcste von Santorini, ganz in der N\u00e4he des Dorfes Perissa. Tats\u00e4chlich liegt es zwischen Perissa und Agios Georgios. In Perivolos k\u00f6nnen Sie angenehme&hellip;\" \/>\n<meta property=\"og:url\" content=\"https:\/\/carhub.gr\/de\/autovermietung-perivolos-santorini\/\" \/>\n<meta property=\"og:site_name\" content=\"Carhub\" \/>\n<meta property=\"article:publisher\" content=\"https:\/\/www.facebook.com\/carhub.gr\/\" \/>\n<meta property=\"article:modified_time\" content=\"2026-01-10T10:07:29+00:00\" \/>\n<meta property=\"og:image\" content=\"https:\/\/carhub.gr\/wp-content\/uploads\/2026\/01\/31131472_10156663269845649_7723170205521674240_n-300x225-1.jpg\" \/>\n\t<meta property=\"og:image:width\" content=\"300\" \/>\n\t<meta property=\"og:image:height\" content=\"225\" \/>\n\t<meta property=\"og:image:type\" content=\"image\/jpeg\" \/>\n<meta name=\"twitter:card\" content=\"summary_large_image\" \/>\n<meta name=\"twitter:label1\" content=\"Gesch\u00e4tzte Lesezeit\" \/>\n\t<meta name=\"twitter:data1\" content=\"2\u00a0Minuten\" \/>\n<script type=\"application\/ld+json\" class=\"yoast-schema-graph\">{\"@context\":\"https:\/\/schema.org\",\"@graph\":[{\"@type\":\"WebPage\",\"@id\":\"https:\/\/carhub.gr\/de\/autovermietung-perivolos-santorini\/\",\"url\":\"https:\/\/carhub.gr\/de\/autovermietung-perivolos-santorini\/\",\"name\":\"Autovermietung Perivolos Santorini - Carhub\",\"isPartOf\":{\"@id\":\"https:\/\/carhub.gr\/de\/#website\"},\"primaryImageOfPage\":{\"@id\":\"https:\/\/carhub.gr\/de\/autovermietung-perivolos-santorini\/#primaryimage\"},\"image\":{\"@id\":\"https:\/\/carhub.gr\/de\/autovermietung-perivolos-santorini\/#primaryimage\"},\"thumbnailUrl\":\"https:\/\/carhub.gr\/wp-content\/uploads\/2026\/01\/31131472_10156663269845649_7723170205521674240_n-300x225-1.jpg\",\"datePublished\":\"2026-01-10T10:03:26+00:00\",\"dateModified\":\"2026-01-10T10:07:29+00:00\",\"breadcrumb\":{\"@id\":\"https:\/\/carhub.gr\/de\/autovermietung-perivolos-santorini\/#breadcrumb\"},\"inLanguage\":\"de\",\"potentialAction\":[{\"@type\":\"ReadAction\",\"target\":[\"https:\/\/carhub.gr\/de\/autovermietung-perivolos-santorini\/\"]}]},{\"@type\":\"ImageObject\",\"inLanguage\":\"de\",\"@id\":\"https:\/\/carhub.gr\/de\/autovermietung-perivolos-santorini\/#primaryimage\",\"url\":\"https:\/\/carhub.gr\/wp-content\/uploads\/2026\/01\/31131472_10156663269845649_7723170205521674240_n-300x225-1.jpg\",\"contentUrl\":\"https:\/\/carhub.gr\/wp-content\/uploads\/2026\/01\/31131472_10156663269845649_7723170205521674240_n-300x225-1.jpg\"},{\"@type\":\"BreadcrumbList\",\"@id\":\"https:\/\/carhub.gr\/de\/autovermietung-perivolos-santorini\/#breadcrumb\",\"itemListElement\":[{\"@type\":\"ListItem\",\"position\":1,\"name\":\"Home\",\"item\":\"https:\/\/carhub.gr\/de\/\"},{\"@type\":\"ListItem\",\"position\":2,\"name\":\"Autovermietung Perivolos Santorini\"}]},{\"@type\":\"WebSite\",\"@id\":\"https:\/\/carhub.gr\/de\/#website\",\"url\":\"https:\/\/carhub.gr\/de\/\",\"name\":\"Carhub\",\"description\":\"Rent a car Santorini - Santorini Car Hire\",\"publisher\":{\"@id\":\"https:\/\/carhub.gr\/de\/#organization\"},\"alternateName\":\"RENT A CAR SANTORINI - SANTORINI CAR RENTAL\",\"potentialAction\":[{\"@type\":\"SearchAction\",\"target\":{\"@type\":\"EntryPoint\",\"urlTemplate\":\"https:\/\/carhub.gr\/de\/?s={search_term_string}\"},\"query-input\":{\"@type\":\"PropertyValueSpecification\",\"valueRequired\":true,\"valueName\":\"search_term_string\"}}],\"inLanguage\":\"de\"},{\"@type\":\"Organization\",\"@id\":\"https:\/\/carhub.gr\/de\/#organization\",\"name\":\"Carhub\",\"url\":\"https:\/\/carhub.gr\/de\/\",\"logo\":{\"@type\":\"ImageObject\",\"inLanguage\":\"de\",\"@id\":\"https:\/\/carhub.gr\/de\/#\/schema\/logo\/image\/\",\"url\":\"https:\/\/carhub.gr\/wp-content\/uploads\/2025\/12\/logo-carhub-1.png\",\"contentUrl\":\"https:\/\/carhub.gr\/wp-content\/uploads\/2025\/12\/logo-carhub-1.png\",\"width\":182,\"height\":53,\"caption\":\"Carhub\"},\"image\":{\"@id\":\"https:\/\/carhub.gr\/de\/#\/schema\/logo\/image\/\"},\"sameAs\":[\"https:\/\/www.facebook.com\/carhub.gr\/\"]}]}<\/script>\n<!-- \/ Yoast SEO plugin. -->","yoast_head_json":{"title":"Autovermietung Perivolos Santorini - Carhub","robots":{"index":"index","follow":"follow","max-snippet":"max-snippet:-1","max-image-preview":"max-image-preview:large","max-video-preview":"max-video-preview:-1"},"canonical":"https:\/\/carhub.gr\/de\/autovermietung-perivolos-santorini\/","og_locale":"de_DE","og_type":"article","og_title":"Autovermietung Perivolos Santorini - Carhub","og_description":"[vc_row][vc_column][vc_column_text css=&#8220;&#8220;] Autovermietung Perivolos Santorini Das K\u00fcstendorf Perivolos ist sehr beliebt, vor allem bei jungen Leuten, da es eines der lebhaftesten Strandresorts der Insel beherbergt. Es ist ein kleines Dorf an der S\u00fcdostk\u00fcste von Santorini, ganz in der N\u00e4he des Dorfes Perissa. Tats\u00e4chlich liegt es zwischen Perissa und Agios Georgios. In Perivolos k\u00f6nnen Sie angenehme&hellip;","og_url":"https:\/\/carhub.gr\/de\/autovermietung-perivolos-santorini\/","og_site_name":"Carhub","article_publisher":"https:\/\/www.facebook.com\/carhub.gr\/","article_modified_time":"2026-01-10T10:07:29+00:00","og_image":[{"width":300,"height":225,"url":"https:\/\/carhub.gr\/wp-content\/uploads\/2026\/01\/31131472_10156663269845649_7723170205521674240_n-300x225-1.jpg","type":"image\/jpeg"}],"twitter_card":"summary_large_image","twitter_misc":{"Gesch\u00e4tzte Lesezeit":"2\u00a0Minuten"},"schema":{"@context":"https:\/\/schema.org","@graph":[{"@type":"WebPage","@id":"https:\/\/carhub.gr\/de\/autovermietung-perivolos-santorini\/","url":"https:\/\/carhub.gr\/de\/autovermietung-perivolos-santorini\/","name":"Autovermietung Perivolos Santorini - Carhub","isPartOf":{"@id":"https:\/\/carhub.gr\/de\/#website"},"primaryImageOfPage":{"@id":"https:\/\/carhub.gr\/de\/autovermietung-perivolos-santorini\/#primaryimage"},"image":{"@id":"https:\/\/carhub.gr\/de\/autovermietung-perivolos-santorini\/#primaryimage"},"thumbnailUrl":"https:\/\/carhub.gr\/wp-content\/uploads\/2026\/01\/31131472_10156663269845649_7723170205521674240_n-300x225-1.jpg","datePublished":"2026-01-10T10:03:26+00:00","dateModified":"2026-01-10T10:07:29+00:00","breadcrumb":{"@id":"https:\/\/carhub.gr\/de\/autovermietung-perivolos-santorini\/#breadcrumb"},"inLanguage":"de","potentialAction":[{"@type":"ReadAction","target":["https:\/\/carhub.gr\/de\/autovermietung-perivolos-santorini\/"]}]},{"@type":"ImageObject","inLanguage":"de","@id":"https:\/\/carhub.gr\/de\/autovermietung-perivolos-santorini\/#primaryimage","url":"https:\/\/carhub.gr\/wp-content\/uploads\/2026\/01\/31131472_10156663269845649_7723170205521674240_n-300x225-1.jpg","contentUrl":"https:\/\/carhub.gr\/wp-content\/uploads\/2026\/01\/31131472_10156663269845649_7723170205521674240_n-300x225-1.jpg"},{"@type":"BreadcrumbList","@id":"https:\/\/carhub.gr\/de\/autovermietung-perivolos-santorini\/#breadcrumb","itemListElement":[{"@type":"ListItem","position":1,"name":"Home","item":"https:\/\/carhub.gr\/de\/"},{"@type":"ListItem","position":2,"name":"Autovermietung Perivolos Santorini"}]},{"@type":"WebSite","@id":"https:\/\/carhub.gr\/de\/#website","url":"https:\/\/carhub.gr\/de\/","name":"Carhub","description":"Rent a car Santorini - Santorini Car Hire","publisher":{"@id":"https:\/\/carhub.gr\/de\/#organization"},"alternateName":"RENT A CAR SANTORINI - SANTORINI CAR RENTAL","potentialAction":[{"@type":"SearchAction","target":{"@type":"EntryPoint","urlTemplate":"https:\/\/carhub.gr\/de\/?s={search_term_string}"},"query-input":{"@type":"PropertyValueSpecification","valueRequired":true,"valueName":"search_term_string"}}],"inLanguage":"de"},{"@type":"Organization","@id":"https:\/\/carhub.gr\/de\/#organization","name":"Carhub","url":"https:\/\/carhub.gr\/de\/","logo":{"@type":"ImageObject","inLanguage":"de","@id":"https:\/\/carhub.gr\/de\/#\/schema\/logo\/image\/","url":"https:\/\/carhub.gr\/wp-content\/uploads\/2025\/12\/logo-carhub-1.png","contentUrl":"https:\/\/carhub.gr\/wp-content\/uploads\/2025\/12\/logo-carhub-1.png","width":182,"height":53,"caption":"Carhub"},"image":{"@id":"https:\/\/carhub.gr\/de\/#\/schema\/logo\/image\/"},"sameAs":["https:\/\/www.facebook.com\/carhub.gr\/"]}]}},"_links":{"self":[{"href":"https:\/\/carhub.gr\/de\/wp-json\/wp\/v2\/pages\/3140","targetHints":{"allow":["GET"]}}],"collection":[{"href":"https:\/\/carhub.gr\/de\/wp-json\/wp\/v2\/pages"}],"about":[{"href":"https:\/\/carhub.gr\/de\/wp-json\/wp\/v2\/types\/page"}],"author":[{"embeddable":true,"href":"https:\/\/carhub.gr\/de\/wp-json\/wp\/v2\/users\/2"}],"replies":[{"embeddable":true,"href":"https:\/\/carhub.gr\/de\/wp-json\/wp\/v2\/comments?post=3140"}],"version-history":[{"count":1,"href":"https:\/\/carhub.gr\/de\/wp-json\/wp\/v2\/pages\/3140\/revisions"}],"predecessor-version":[{"id":3151,"href":"https:\/\/carhub.gr\/de\/wp-json\/wp\/v2\/pages\/3140\/revisions\/3151"}],"wp:attachment":[{"href":"https:\/\/carhub.gr\/de\/wp-json\/wp\/v2\/media?parent=3140"}],"curies":[{"name":"wp","href":"https:\/\/api.w.org\/{rel}","templated":true}]}}