{"id":3115,"date":"2026-01-10T11:24:38","date_gmt":"2026-01-10T09:24:38","guid":{"rendered":"https:\/\/carhub.gr\/rental-car-megalochori-santorini\/"},"modified":"2026-01-10T11:41:33","modified_gmt":"2026-01-10T09:41:33","slug":"mietwagen-megalochori-santorini","status":"publish","type":"page","link":"https:\/\/carhub.gr\/de\/mietwagen-megalochori-santorini\/","title":{"rendered":"Mietwagen Megalochori Santorini"},"content":{"rendered":"<div class=\"wpb-content-wrapper\">[vc_row][vc_column][vc_column_text css=&#8220;&#8220;]\n<h1 class=\"western\" style=\"text-align: center;\">Mietwagen Megalochori Santorini<\/h1>\n<figure id=\"attachment_3111\" aria-describedby=\"caption-attachment-3111\" style=\"width: 300px\" class=\"wp-caption aligncenter\"><img loading=\"lazy\" decoding=\"async\" class=\"size-full wp-image-3111\" src=\"https:\/\/carhub.gr\/wp-content\/uploads\/2026\/01\/31213720_10156662235745649_4065201406250844160_n-300x294-1.jpg\" alt=\"mietwagen megalochori santorini\" width=\"300\" height=\"294\" \/><figcaption id=\"caption-attachment-3111\" class=\"wp-caption-text\">mietwagen megalochori santorini<\/figcaption><\/figure>\n<p style=\"text-align: center;\"><span style=\"color: #222222;\"><span style=\"font-family: Arial, sans-serif;\"><span style=\"font-size: small;\"><b><a href=\"https:\/\/wikitravel.org\/en\/Megalochori\" target=\"_blank\" rel=\"noopener noreferrer\">Megalochori<\/a><\/b><\/span><\/span><\/span><span style=\"color: #222222;\"><span style=\"font-family: Arial, sans-serif;\"><span style=\"font-size: small;\">\u00a0ist ein sehr ruhiges, traditionelles Dorf, das auf einem nach Osten ausgerichteten H\u00fcgel im Herzen von\u00a0<\/span><\/span><\/span><a href=\"https:\/\/wikitravel.org\/en\/Santorini\"><span style=\"color: #0b0080;\"><span style=\"font-family: Arial, sans-serif;\"><span style=\"font-size: small;\">Santorini<\/span><\/span><\/span><\/a><span style=\"color: #222222;\"><span style=\"font-family: Arial, sans-serif;\"><span style=\"font-size: small;\"> liegt. Die Stra\u00dfen werden zunehmend schmaler, je n\u00e4her man dem Dorf kommt, was besonders nerv\u00f6se Mitfahrer \u00fcberraschen kann. Es gibt einen zentralen Platz mit ein paar Tavernen. Zahlreiche Orte zur Weinverkostung sind hier zu finden, denn dieses Dorf liegt im Zentrum der Weinindustrie der Insel. Die Weinberge umgeben das Dorf, wobei die Reben in der typischen Santorini-Art geflochten sind.<\/span><\/span><\/span><\/p>\n<p style=\"text-align: center;\"><span style=\"color: #222222;\"><span style=\"font-family: Arial, sans-serif;\"><span style=\"font-size: small;\"> Das Dorf selbst bietet eine sch\u00f6ne Mischung aus Creme- und Wei\u00dft\u00f6nen. Kykladische H\u00e4user mit farbigen, kontrastreichen Holzt\u00fcren sowie mehrere wei\u00dfe Kirchen mit leuchtend blauen Kuppeln pr\u00e4gen das Bild. Beim N\u00e4herkommen zum Platz sieht man einige mehrst\u00f6ckige Glockent\u00fcrme \u00fcber der Stra\u00dfe. Es gibt ein Hotel im Zentrum, das Vedema Resort, sowie einige traditionelle Villen zur Miete, viele davon mit Pool.<\/span><\/span><\/span><\/p>\n<h2 style=\"text-align: center;\">Mietwagen Megalochori Santorini<\/h2>\n<p><span style=\"color: #000000;\"><span style=\"font-family: Arial, sans-serif;\"><span style=\"font-size: small;\">Wenn sich Ihr Hotel in Megalochori auf Santorini befindet, ist der beste Weg, sich fortzubewegen und den Rest der Insel zu entdecken,<\/span><\/span><\/span><strong><span style=\"color: #000000;\"><span style=\"font-family: Arial, sans-serif;\"><span style=\"font-size: small;\">\u00a0<\/span><\/span><\/span><\/strong><strong><span style=\"color: #000000;\"><span style=\"font-family: Arial, sans-serif;\"><span style=\"font-size: small;\"><b>ein Auto zu mieten<\/b><\/span><\/span><\/span><\/strong><span style=\"color: #000000;\"><span style=\"font-family: Arial, sans-serif;\"><span style=\"font-size: small;\">\u00a0bei\u00a0<a href=\"http:\/\/carhub.gr\/\" target=\"_blank\" rel=\"noopener noreferrer\">Carhub<\/a>. Mit einem\u00a0<\/span><\/span><\/span><strong><span style=\"color: #000000;\"><span style=\"font-family: Arial, sans-serif;\"><span style=\"font-size: small;\"><b>Mietwagen auf Santorini<\/b><\/span><\/span><\/span><\/strong><span style=\"color: #000000;\"><span style=\"font-family: Arial, sans-serif;\"><span style=\"font-size: small;\">\u00a0<\/span><\/span><\/span><span style=\"color: #000000;\"><span style=\"font-family: Arial, sans-serif;\"><span style=\"font-size: small;\">k\u00f6nnen Sie jeden Tag die Str\u00e4nde besuchen, nach Fira, nach Oia und zu allen Sehensw\u00fcrdigkeiten von Santorini fahren. So genie\u00dfen Sie die entspannte Atmosph\u00e4re von Megalochori und k\u00f6nnen jederzeit, wenn Sie m\u00f6chten, Ihren\u00a0<\/span><\/span><\/span><em><span style=\"color: #000000;\"><span style=\"font-family: Arial, sans-serif;\"><span style=\"font-size: small;\">Mietwagen auf Santorini<\/span><\/span><\/span><\/em><span style=\"color: #000000;\"><span style=\"font-family: Arial, sans-serif;\"><span style=\"font-size: small;\">\u00a0<\/span><\/span><\/span><em><span style=\"color: #000000;\"><span style=\"font-family: Arial, sans-serif;\"><span style=\"font-size: small;\">nutzen<\/span><\/span><\/span><\/em><span style=\"color: #000000;\"><span style=\"font-family: Arial, sans-serif;\"><span style=\"font-size: small;\">\u00a0<\/span><\/span><\/span><span style=\"color: #000000;\"><span style=\"font-family: Arial, sans-serif;\"><span style=\"font-size: small;\">und zu Ihrem Lieblingsrestaurant, in ein Museum oder an den Strand fahren. Wenn Sie sich entscheiden,<\/span><\/span><\/span><strong><span style=\"color: #000000;\"><span style=\"font-family: Arial, sans-serif;\"><span style=\"font-size: small;\">\u00a0<\/span><\/span><\/span><\/strong><strong><span style=\"color: #000000;\"><span style=\"font-family: Arial, sans-serif;\"><span style=\"font-size: small;\"><b>ein Auto zu mieten<\/b><\/span><\/span><\/span><\/strong><span style=\"color: #000000;\"><span style=\"font-family: Arial, sans-serif;\"><span style=\"font-size: small;\">\u00a0<\/span><\/span><\/span><span style=\"color: #000000;\"><span style=\"font-family: Arial, sans-serif;\"><span style=\"font-size: small;\">w\u00e4hrend Ihres Aufenthalts\u00a0<\/span><\/span><\/span><strong><span style=\"color: #000000;\"><span style=\"font-family: Arial, sans-serif;\"><span style=\"font-size: small;\"><b>in Megalochori auf Santorini<\/b><\/span><\/span><\/span><\/strong><span style=\"color: #000000;\"><span style=\"font-family: Arial, sans-serif;\"><span style=\"font-size: small;\">\u00a0<\/span><\/span><\/span><span style=\"color: #000000;\"><span style=\"font-family: Arial, sans-serif;\"><span style=\"font-size: small;\">, senden Sie uns einfach eine E-Mail, rufen Sie uns an oder t\u00e4tigen Sie eine Online-Reservierung, und wir liefern Ihnen das passende Fahrzeug ohne zus\u00e4tzliche Kosten direkt zu Ihrem Hotel.<\/span><\/span><\/span>[\/vc_column_text][\/vc_column][\/vc_row]\n<\/div>","protected":false},"excerpt":{"rendered":"<p>[vc_row][vc_column][vc_column_text css=&#8220;&#8220;] Mietwagen Megalochori Santorini Megalochori\u00a0ist ein sehr ruhiges, traditionelles Dorf, das auf einem nach Osten ausgerichteten H\u00fcgel im Herzen von\u00a0Santorini liegt. Die Stra\u00dfen werden zunehmend schmaler, je n\u00e4her man dem Dorf kommt, was besonders nerv\u00f6se Mitfahrer \u00fcberraschen kann. Es gibt einen zentralen Platz mit ein paar Tavernen. Zahlreiche Orte zur Weinverkostung sind hier zu&hellip;<\/p>\n","protected":false},"author":2,"featured_media":0,"parent":0,"menu_order":0,"comment_status":"closed","ping_status":"closed","template":"templates\/no-sidebar.php","meta":{"footnotes":""},"class_list":["post-3115","page","type-page","status-publish","hentry","entry","no-media"],"yoast_head":"<!-- This site is optimized with the Yoast SEO plugin v27.2 - https:\/\/yoast.com\/product\/yoast-seo-wordpress\/ -->\n<title>Mietwagen Megalochori Santorini - Carhub<\/title>\n<meta name=\"robots\" content=\"index, follow, max-snippet:-1, max-image-preview:large, max-video-preview:-1\" \/>\n<link rel=\"canonical\" href=\"https:\/\/carhub.gr\/de\/mietwagen-megalochori-santorini\/\" \/>\n<meta property=\"og:locale\" content=\"de_DE\" \/>\n<meta property=\"og:type\" content=\"article\" \/>\n<meta property=\"og:title\" content=\"Mietwagen Megalochori Santorini - Carhub\" \/>\n<meta property=\"og:description\" content=\"[vc_row][vc_column][vc_column_text css=&#8220;&#8220;] Mietwagen Megalochori Santorini Megalochori\u00a0ist ein sehr ruhiges, traditionelles Dorf, das auf einem nach Osten ausgerichteten H\u00fcgel im Herzen von\u00a0Santorini liegt. Die Stra\u00dfen werden zunehmend schmaler, je n\u00e4her man dem Dorf kommt, was besonders nerv\u00f6se Mitfahrer \u00fcberraschen kann. Es gibt einen zentralen Platz mit ein paar Tavernen. Zahlreiche Orte zur Weinverkostung sind hier zu&hellip;\" \/>\n<meta property=\"og:url\" content=\"https:\/\/carhub.gr\/de\/mietwagen-megalochori-santorini\/\" \/>\n<meta property=\"og:site_name\" content=\"Carhub\" \/>\n<meta property=\"article:publisher\" content=\"https:\/\/www.facebook.com\/carhub.gr\/\" \/>\n<meta property=\"article:modified_time\" content=\"2026-01-10T09:41:33+00:00\" \/>\n<meta property=\"og:image\" content=\"https:\/\/carhub.gr\/wp-content\/uploads\/2026\/01\/31213720_10156662235745649_4065201406250844160_n-300x294-1.jpg\" \/>\n\t<meta property=\"og:image:width\" content=\"300\" \/>\n\t<meta property=\"og:image:height\" content=\"294\" \/>\n\t<meta property=\"og:image:type\" content=\"image\/jpeg\" \/>\n<meta name=\"twitter:card\" content=\"summary_large_image\" \/>\n<meta name=\"twitter:label1\" content=\"Gesch\u00e4tzte Lesezeit\" \/>\n\t<meta name=\"twitter:data1\" content=\"2\u00a0Minuten\" \/>\n<script type=\"application\/ld+json\" class=\"yoast-schema-graph\">{\"@context\":\"https:\/\/schema.org\",\"@graph\":[{\"@type\":\"WebPage\",\"@id\":\"https:\/\/carhub.gr\/de\/mietwagen-megalochori-santorini\/\",\"url\":\"https:\/\/carhub.gr\/de\/mietwagen-megalochori-santorini\/\",\"name\":\"Mietwagen Megalochori Santorini - Carhub\",\"isPartOf\":{\"@id\":\"https:\/\/carhub.gr\/de\/#website\"},\"primaryImageOfPage\":{\"@id\":\"https:\/\/carhub.gr\/de\/mietwagen-megalochori-santorini\/#primaryimage\"},\"image\":{\"@id\":\"https:\/\/carhub.gr\/de\/mietwagen-megalochori-santorini\/#primaryimage\"},\"thumbnailUrl\":\"https:\/\/carhub.gr\/wp-content\/uploads\/2026\/01\/31213720_10156662235745649_4065201406250844160_n-300x294-1.jpg\",\"datePublished\":\"2026-01-10T09:24:38+00:00\",\"dateModified\":\"2026-01-10T09:41:33+00:00\",\"breadcrumb\":{\"@id\":\"https:\/\/carhub.gr\/de\/mietwagen-megalochori-santorini\/#breadcrumb\"},\"inLanguage\":\"de\",\"potentialAction\":[{\"@type\":\"ReadAction\",\"target\":[\"https:\/\/carhub.gr\/de\/mietwagen-megalochori-santorini\/\"]}]},{\"@type\":\"ImageObject\",\"inLanguage\":\"de\",\"@id\":\"https:\/\/carhub.gr\/de\/mietwagen-megalochori-santorini\/#primaryimage\",\"url\":\"https:\/\/carhub.gr\/wp-content\/uploads\/2026\/01\/31213720_10156662235745649_4065201406250844160_n-300x294-1.jpg\",\"contentUrl\":\"https:\/\/carhub.gr\/wp-content\/uploads\/2026\/01\/31213720_10156662235745649_4065201406250844160_n-300x294-1.jpg\"},{\"@type\":\"BreadcrumbList\",\"@id\":\"https:\/\/carhub.gr\/de\/mietwagen-megalochori-santorini\/#breadcrumb\",\"itemListElement\":[{\"@type\":\"ListItem\",\"position\":1,\"name\":\"Home\",\"item\":\"https:\/\/carhub.gr\/de\/\"},{\"@type\":\"ListItem\",\"position\":2,\"name\":\"Mietwagen Megalochori Santorini\"}]},{\"@type\":\"WebSite\",\"@id\":\"https:\/\/carhub.gr\/de\/#website\",\"url\":\"https:\/\/carhub.gr\/de\/\",\"name\":\"Carhub\",\"description\":\"Rent a car Santorini - Santorini Car Hire\",\"publisher\":{\"@id\":\"https:\/\/carhub.gr\/de\/#organization\"},\"alternateName\":\"RENT A CAR SANTORINI - SANTORINI CAR RENTAL\",\"potentialAction\":[{\"@type\":\"SearchAction\",\"target\":{\"@type\":\"EntryPoint\",\"urlTemplate\":\"https:\/\/carhub.gr\/de\/?s={search_term_string}\"},\"query-input\":{\"@type\":\"PropertyValueSpecification\",\"valueRequired\":true,\"valueName\":\"search_term_string\"}}],\"inLanguage\":\"de\"},{\"@type\":\"Organization\",\"@id\":\"https:\/\/carhub.gr\/de\/#organization\",\"name\":\"Carhub\",\"url\":\"https:\/\/carhub.gr\/de\/\",\"logo\":{\"@type\":\"ImageObject\",\"inLanguage\":\"de\",\"@id\":\"https:\/\/carhub.gr\/de\/#\/schema\/logo\/image\/\",\"url\":\"https:\/\/carhub.gr\/wp-content\/uploads\/2025\/12\/logo-carhub-1.png\",\"contentUrl\":\"https:\/\/carhub.gr\/wp-content\/uploads\/2025\/12\/logo-carhub-1.png\",\"width\":182,\"height\":53,\"caption\":\"Carhub\"},\"image\":{\"@id\":\"https:\/\/carhub.gr\/de\/#\/schema\/logo\/image\/\"},\"sameAs\":[\"https:\/\/www.facebook.com\/carhub.gr\/\"]}]}<\/script>\n<!-- \/ Yoast SEO plugin. -->","yoast_head_json":{"title":"Mietwagen Megalochori Santorini - Carhub","robots":{"index":"index","follow":"follow","max-snippet":"max-snippet:-1","max-image-preview":"max-image-preview:large","max-video-preview":"max-video-preview:-1"},"canonical":"https:\/\/carhub.gr\/de\/mietwagen-megalochori-santorini\/","og_locale":"de_DE","og_type":"article","og_title":"Mietwagen Megalochori Santorini - Carhub","og_description":"[vc_row][vc_column][vc_column_text css=&#8220;&#8220;] Mietwagen Megalochori Santorini Megalochori\u00a0ist ein sehr ruhiges, traditionelles Dorf, das auf einem nach Osten ausgerichteten H\u00fcgel im Herzen von\u00a0Santorini liegt. Die Stra\u00dfen werden zunehmend schmaler, je n\u00e4her man dem Dorf kommt, was besonders nerv\u00f6se Mitfahrer \u00fcberraschen kann. Es gibt einen zentralen Platz mit ein paar Tavernen. Zahlreiche Orte zur Weinverkostung sind hier zu&hellip;","og_url":"https:\/\/carhub.gr\/de\/mietwagen-megalochori-santorini\/","og_site_name":"Carhub","article_publisher":"https:\/\/www.facebook.com\/carhub.gr\/","article_modified_time":"2026-01-10T09:41:33+00:00","og_image":[{"width":300,"height":294,"url":"https:\/\/carhub.gr\/wp-content\/uploads\/2026\/01\/31213720_10156662235745649_4065201406250844160_n-300x294-1.jpg","type":"image\/jpeg"}],"twitter_card":"summary_large_image","twitter_misc":{"Gesch\u00e4tzte Lesezeit":"2\u00a0Minuten"},"schema":{"@context":"https:\/\/schema.org","@graph":[{"@type":"WebPage","@id":"https:\/\/carhub.gr\/de\/mietwagen-megalochori-santorini\/","url":"https:\/\/carhub.gr\/de\/mietwagen-megalochori-santorini\/","name":"Mietwagen Megalochori Santorini - Carhub","isPartOf":{"@id":"https:\/\/carhub.gr\/de\/#website"},"primaryImageOfPage":{"@id":"https:\/\/carhub.gr\/de\/mietwagen-megalochori-santorini\/#primaryimage"},"image":{"@id":"https:\/\/carhub.gr\/de\/mietwagen-megalochori-santorini\/#primaryimage"},"thumbnailUrl":"https:\/\/carhub.gr\/wp-content\/uploads\/2026\/01\/31213720_10156662235745649_4065201406250844160_n-300x294-1.jpg","datePublished":"2026-01-10T09:24:38+00:00","dateModified":"2026-01-10T09:41:33+00:00","breadcrumb":{"@id":"https:\/\/carhub.gr\/de\/mietwagen-megalochori-santorini\/#breadcrumb"},"inLanguage":"de","potentialAction":[{"@type":"ReadAction","target":["https:\/\/carhub.gr\/de\/mietwagen-megalochori-santorini\/"]}]},{"@type":"ImageObject","inLanguage":"de","@id":"https:\/\/carhub.gr\/de\/mietwagen-megalochori-santorini\/#primaryimage","url":"https:\/\/carhub.gr\/wp-content\/uploads\/2026\/01\/31213720_10156662235745649_4065201406250844160_n-300x294-1.jpg","contentUrl":"https:\/\/carhub.gr\/wp-content\/uploads\/2026\/01\/31213720_10156662235745649_4065201406250844160_n-300x294-1.jpg"},{"@type":"BreadcrumbList","@id":"https:\/\/carhub.gr\/de\/mietwagen-megalochori-santorini\/#breadcrumb","itemListElement":[{"@type":"ListItem","position":1,"name":"Home","item":"https:\/\/carhub.gr\/de\/"},{"@type":"ListItem","position":2,"name":"Mietwagen Megalochori Santorini"}]},{"@type":"WebSite","@id":"https:\/\/carhub.gr\/de\/#website","url":"https:\/\/carhub.gr\/de\/","name":"Carhub","description":"Rent a car Santorini - Santorini Car Hire","publisher":{"@id":"https:\/\/carhub.gr\/de\/#organization"},"alternateName":"RENT A CAR SANTORINI - SANTORINI CAR RENTAL","potentialAction":[{"@type":"SearchAction","target":{"@type":"EntryPoint","urlTemplate":"https:\/\/carhub.gr\/de\/?s={search_term_string}"},"query-input":{"@type":"PropertyValueSpecification","valueRequired":true,"valueName":"search_term_string"}}],"inLanguage":"de"},{"@type":"Organization","@id":"https:\/\/carhub.gr\/de\/#organization","name":"Carhub","url":"https:\/\/carhub.gr\/de\/","logo":{"@type":"ImageObject","inLanguage":"de","@id":"https:\/\/carhub.gr\/de\/#\/schema\/logo\/image\/","url":"https:\/\/carhub.gr\/wp-content\/uploads\/2025\/12\/logo-carhub-1.png","contentUrl":"https:\/\/carhub.gr\/wp-content\/uploads\/2025\/12\/logo-carhub-1.png","width":182,"height":53,"caption":"Carhub"},"image":{"@id":"https:\/\/carhub.gr\/de\/#\/schema\/logo\/image\/"},"sameAs":["https:\/\/www.facebook.com\/carhub.gr\/"]}]}},"_links":{"self":[{"href":"https:\/\/carhub.gr\/de\/wp-json\/wp\/v2\/pages\/3115","targetHints":{"allow":["GET"]}}],"collection":[{"href":"https:\/\/carhub.gr\/de\/wp-json\/wp\/v2\/pages"}],"about":[{"href":"https:\/\/carhub.gr\/de\/wp-json\/wp\/v2\/types\/page"}],"author":[{"embeddable":true,"href":"https:\/\/carhub.gr\/de\/wp-json\/wp\/v2\/users\/2"}],"replies":[{"embeddable":true,"href":"https:\/\/carhub.gr\/de\/wp-json\/wp\/v2\/comments?post=3115"}],"version-history":[{"count":2,"href":"https:\/\/carhub.gr\/de\/wp-json\/wp\/v2\/pages\/3115\/revisions"}],"predecessor-version":[{"id":3129,"href":"https:\/\/carhub.gr\/de\/wp-json\/wp\/v2\/pages\/3115\/revisions\/3129"}],"wp:attachment":[{"href":"https:\/\/carhub.gr\/de\/wp-json\/wp\/v2\/media?parent=3115"}],"curies":[{"name":"wp","href":"https:\/\/api.w.org\/{rel}","templated":true}]}}