{"id":3060,"date":"2026-01-09T17:23:56","date_gmt":"2026-01-09T15:23:56","guid":{"rendered":"https:\/\/carhub.gr\/rental-cars-imerovigli-santorini\/"},"modified":"2026-01-09T17:28:40","modified_gmt":"2026-01-09T15:28:40","slug":"mietwagen-imerovigli-santorin","status":"publish","type":"page","link":"https:\/\/carhub.gr\/de\/mietwagen-imerovigli-santorin\/","title":{"rendered":"Mietwagen Imerovigli Santorin"},"content":{"rendered":"<div class=\"wpb-content-wrapper\">[vc_row][vc_column][vc_column_text css=&#8220;&#8220;]\n<h1 class=\"western\" style=\"text-align: center;\">Mietwagen Imerovigli Santorin<\/h1>\n<figure id=\"attachment_3055\" aria-describedby=\"caption-attachment-3055\" style=\"width: 300px\" class=\"wp-caption aligncenter\"><img loading=\"lazy\" decoding=\"async\" class=\"wp-image-3055 size-full\" src=\"https:\/\/carhub.gr\/wp-content\/uploads\/2026\/01\/30704289_10156650808885649_8146171741979279360_n-300x295-1.jpg\" alt=\"Mietwagen Imerovigli Santorin\" width=\"300\" height=\"295\" \/><figcaption id=\"caption-attachment-3055\" class=\"wp-caption-text\">(Bild von Mietwagen in Imerovigli, Santorin)<\/figcaption><\/figure>\n<p style=\"text-align: center;\"><span style=\"font-family: Arial, sans-serif;\"><span style=\"font-size: small;\"><span style=\"color: #444444;\">Zun\u00e4chst einmal ist <a href=\"https:\/\/www.greeka.com\/cyclades\/santorini\/santorini-villages\/santorini-imerovigli.htm\" target=\"_blank\" rel=\"noopener noreferrer\">Imerovigli<\/a> ein malerisches Dorf im Norden von Santorin, nur 2 km von der Hauptstadt Fira entfernt. Es ist eine Erweiterung von Fira und einer der sch\u00f6nsten Aussichtsbalkone der Insel. Der Name Imerovigli stammt vom Wort \u201evigla\u201c, was Aussichtspunkt bedeutet. Dadurch bietet die Lage des Dorfes einen freien Blick auf die Caldera und erm\u00f6glichte es den Bewohnern in fr\u00fcheren Zeiten, herannahende Piratenschiffe zu erkennen. Heute ist Imerovigli eine der anerkannten traditionellen Siedlungen der Insel.<\/span><\/span><\/span><span style=\"color: #000000;\"><span style=\"font-family: Arial, sans-serif;\"><span style=\"font-size: small;\"> Hotels und traditionelle H\u00e4user sind hier daher zahlreich vorhanden.<\/span><\/span><\/span><\/p>\n<p style=\"text-align: center;\"><span style=\"color: #000000;\"><span style=\"font-family: Arial, sans-serif;\"><span style=\"font-size: small;\">Au\u00dferdem gibt es viele Tavernen und Caf\u00e9s mit atemberaubendem Blick auf die Caldera. Vor Imerovigli erhebt sich ein riesiger Felsen namens Skaros, auf dessen Spitze sich eine im 13. Jahrhundert erbaute Burg befand, die Anfang des 19. Jahrhunderts aufgegeben wurde. Diese Burg beherbergte einst alle Verwaltungsb\u00fcros der Insel.<\/span><\/span><\/span><span style=\"color: #000000;\"><span style=\"font-family: Arial, sans-serif;\"><span style=\"font-size: small;\">Dieser Teil der Insel st\u00fcrzte nach einem Erdbeben ein, und heute ist nur noch der gewaltige H\u00fcgel von Skaros erhalten. Imerovigli verf\u00fcgt \u00fcber zahlreiche Kapellen und Kirchen, die auf den Felsen \u00fcber dem tiefblauen Meer erbaut wurden. Das Dorf gilt als das ultimative romantische Reiseziel.<\/span><\/span><\/span><\/p>\n<h2 style=\"text-align: center;\">Mietwagen Imerovigli Santorin<\/h2>\n<p style=\"text-align: center;\"><span style=\"font-family: Arial, sans-serif;\"><span style=\"font-size: small;\"><span style=\"color: #000000;\">Auch<\/span><strong><span style=\"color: #000000;\"> <a href=\"http:\/\/carhub.gr\/\">ein Auto zu mieten<\/a><\/span><\/strong> <span style=\"color: #000000;\">ist eine sehr gute Idee, wenn Sie in dieser Gegend wohnen, da Sie so die Freiheit haben, die einzigartige Insel Santorin zu erkunden. Sie k\u00f6nnen Ihren <\/span><strong><span style=\"color: #000000;\"><b>Mietwagen in Imerovigli, Santorin<\/b><\/span><\/strong> <span style=\"color: #000000;\">\u00fcbernehmen und zu den Str\u00e4nden der Insel fahren, Ihr Lieblingsrestaurant besuchen oder eine der vielen arch\u00e4ologischen St\u00e4tten besichtigen. Ihren<\/span> <em><span style=\"color: #000000;\">Mietwagen in Imerovigli, Santorin<\/span><\/em> <span style=\"color: #000000;\">zu erhalten ist sehr einfach, da wir das Fahrzeug Ihrer Wahl ohne zus\u00e4tzliche Kosten zu jedem Hotel in der Region liefern. Schlie\u00dflich ist auch die R\u00fcckgabe des Fahrzeugs am selben Ort kostenlos.<\/span><\/span><\/span><\/p>\n[\/vc_column_text][\/vc_column][\/vc_row]\n<\/div>","protected":false},"excerpt":{"rendered":"<p>[vc_row][vc_column][vc_column_text css=&#8220;&#8220;] Mietwagen Imerovigli Santorin Zun\u00e4chst einmal ist Imerovigli ein malerisches Dorf im Norden von Santorin, nur 2 km von der Hauptstadt Fira entfernt. Es ist eine Erweiterung von Fira und einer der sch\u00f6nsten Aussichtsbalkone der Insel. Der Name Imerovigli stammt vom Wort \u201evigla\u201c, was Aussichtspunkt bedeutet. Dadurch bietet die Lage des Dorfes einen freien&hellip;<\/p>\n","protected":false},"author":2,"featured_media":0,"parent":0,"menu_order":0,"comment_status":"closed","ping_status":"closed","template":"templates\/no-sidebar.php","meta":{"footnotes":""},"class_list":["post-3060","page","type-page","status-publish","hentry","entry","no-media"],"yoast_head":"<!-- This site is optimized with the Yoast SEO plugin v27.2 - https:\/\/yoast.com\/product\/yoast-seo-wordpress\/ -->\n<title>Mietwagen Imerovigli Santorin - Carhub<\/title>\n<meta name=\"robots\" content=\"index, follow, max-snippet:-1, max-image-preview:large, max-video-preview:-1\" \/>\n<link rel=\"canonical\" href=\"https:\/\/carhub.gr\/de\/mietwagen-imerovigli-santorin\/\" \/>\n<meta property=\"og:locale\" content=\"de_DE\" \/>\n<meta property=\"og:type\" content=\"article\" \/>\n<meta property=\"og:title\" content=\"Mietwagen Imerovigli Santorin - Carhub\" \/>\n<meta property=\"og:description\" content=\"[vc_row][vc_column][vc_column_text css=&#8220;&#8220;] Mietwagen Imerovigli Santorin Zun\u00e4chst einmal ist Imerovigli ein malerisches Dorf im Norden von Santorin, nur 2 km von der Hauptstadt Fira entfernt. Es ist eine Erweiterung von Fira und einer der sch\u00f6nsten Aussichtsbalkone der Insel. Der Name Imerovigli stammt vom Wort \u201evigla\u201c, was Aussichtspunkt bedeutet. Dadurch bietet die Lage des Dorfes einen freien&hellip;\" \/>\n<meta property=\"og:url\" content=\"https:\/\/carhub.gr\/de\/mietwagen-imerovigli-santorin\/\" \/>\n<meta property=\"og:site_name\" content=\"Carhub\" \/>\n<meta property=\"article:publisher\" content=\"https:\/\/www.facebook.com\/carhub.gr\/\" \/>\n<meta property=\"article:modified_time\" content=\"2026-01-09T15:28:40+00:00\" \/>\n<meta property=\"og:image\" content=\"https:\/\/carhub.gr\/wp-content\/uploads\/2026\/01\/30704289_10156650808885649_8146171741979279360_n-300x295-1.jpg\" \/>\n\t<meta property=\"og:image:width\" content=\"300\" \/>\n\t<meta property=\"og:image:height\" content=\"295\" \/>\n\t<meta property=\"og:image:type\" content=\"image\/jpeg\" \/>\n<meta name=\"twitter:card\" content=\"summary_large_image\" \/>\n<meta name=\"twitter:label1\" content=\"Gesch\u00e4tzte Lesezeit\" \/>\n\t<meta name=\"twitter:data1\" content=\"2\u00a0Minuten\" \/>\n<script type=\"application\/ld+json\" class=\"yoast-schema-graph\">{\"@context\":\"https:\/\/schema.org\",\"@graph\":[{\"@type\":\"WebPage\",\"@id\":\"https:\/\/carhub.gr\/de\/mietwagen-imerovigli-santorin\/\",\"url\":\"https:\/\/carhub.gr\/de\/mietwagen-imerovigli-santorin\/\",\"name\":\"Mietwagen Imerovigli Santorin - Carhub\",\"isPartOf\":{\"@id\":\"https:\/\/carhub.gr\/de\/#website\"},\"primaryImageOfPage\":{\"@id\":\"https:\/\/carhub.gr\/de\/mietwagen-imerovigli-santorin\/#primaryimage\"},\"image\":{\"@id\":\"https:\/\/carhub.gr\/de\/mietwagen-imerovigli-santorin\/#primaryimage\"},\"thumbnailUrl\":\"https:\/\/carhub.gr\/wp-content\/uploads\/2026\/01\/30704289_10156650808885649_8146171741979279360_n-300x295-1.jpg\",\"datePublished\":\"2026-01-09T15:23:56+00:00\",\"dateModified\":\"2026-01-09T15:28:40+00:00\",\"breadcrumb\":{\"@id\":\"https:\/\/carhub.gr\/de\/mietwagen-imerovigli-santorin\/#breadcrumb\"},\"inLanguage\":\"de\",\"potentialAction\":[{\"@type\":\"ReadAction\",\"target\":[\"https:\/\/carhub.gr\/de\/mietwagen-imerovigli-santorin\/\"]}]},{\"@type\":\"ImageObject\",\"inLanguage\":\"de\",\"@id\":\"https:\/\/carhub.gr\/de\/mietwagen-imerovigli-santorin\/#primaryimage\",\"url\":\"https:\/\/carhub.gr\/wp-content\/uploads\/2026\/01\/30704289_10156650808885649_8146171741979279360_n-300x295-1.jpg\",\"contentUrl\":\"https:\/\/carhub.gr\/wp-content\/uploads\/2026\/01\/30704289_10156650808885649_8146171741979279360_n-300x295-1.jpg\"},{\"@type\":\"BreadcrumbList\",\"@id\":\"https:\/\/carhub.gr\/de\/mietwagen-imerovigli-santorin\/#breadcrumb\",\"itemListElement\":[{\"@type\":\"ListItem\",\"position\":1,\"name\":\"Home\",\"item\":\"https:\/\/carhub.gr\/de\/\"},{\"@type\":\"ListItem\",\"position\":2,\"name\":\"Mietwagen Imerovigli Santorin\"}]},{\"@type\":\"WebSite\",\"@id\":\"https:\/\/carhub.gr\/de\/#website\",\"url\":\"https:\/\/carhub.gr\/de\/\",\"name\":\"Carhub\",\"description\":\"Rent a car Santorini - Santorini Car Hire\",\"publisher\":{\"@id\":\"https:\/\/carhub.gr\/de\/#organization\"},\"alternateName\":\"RENT A CAR SANTORINI - SANTORINI CAR RENTAL\",\"potentialAction\":[{\"@type\":\"SearchAction\",\"target\":{\"@type\":\"EntryPoint\",\"urlTemplate\":\"https:\/\/carhub.gr\/de\/?s={search_term_string}\"},\"query-input\":{\"@type\":\"PropertyValueSpecification\",\"valueRequired\":true,\"valueName\":\"search_term_string\"}}],\"inLanguage\":\"de\"},{\"@type\":\"Organization\",\"@id\":\"https:\/\/carhub.gr\/de\/#organization\",\"name\":\"Carhub\",\"url\":\"https:\/\/carhub.gr\/de\/\",\"logo\":{\"@type\":\"ImageObject\",\"inLanguage\":\"de\",\"@id\":\"https:\/\/carhub.gr\/de\/#\/schema\/logo\/image\/\",\"url\":\"https:\/\/carhub.gr\/wp-content\/uploads\/2025\/12\/logo-carhub-1.png\",\"contentUrl\":\"https:\/\/carhub.gr\/wp-content\/uploads\/2025\/12\/logo-carhub-1.png\",\"width\":182,\"height\":53,\"caption\":\"Carhub\"},\"image\":{\"@id\":\"https:\/\/carhub.gr\/de\/#\/schema\/logo\/image\/\"},\"sameAs\":[\"https:\/\/www.facebook.com\/carhub.gr\/\"]}]}<\/script>\n<!-- \/ Yoast SEO plugin. -->","yoast_head_json":{"title":"Mietwagen Imerovigli Santorin - Carhub","robots":{"index":"index","follow":"follow","max-snippet":"max-snippet:-1","max-image-preview":"max-image-preview:large","max-video-preview":"max-video-preview:-1"},"canonical":"https:\/\/carhub.gr\/de\/mietwagen-imerovigli-santorin\/","og_locale":"de_DE","og_type":"article","og_title":"Mietwagen Imerovigli Santorin - Carhub","og_description":"[vc_row][vc_column][vc_column_text css=&#8220;&#8220;] Mietwagen Imerovigli Santorin Zun\u00e4chst einmal ist Imerovigli ein malerisches Dorf im Norden von Santorin, nur 2 km von der Hauptstadt Fira entfernt. Es ist eine Erweiterung von Fira und einer der sch\u00f6nsten Aussichtsbalkone der Insel. Der Name Imerovigli stammt vom Wort \u201evigla\u201c, was Aussichtspunkt bedeutet. Dadurch bietet die Lage des Dorfes einen freien&hellip;","og_url":"https:\/\/carhub.gr\/de\/mietwagen-imerovigli-santorin\/","og_site_name":"Carhub","article_publisher":"https:\/\/www.facebook.com\/carhub.gr\/","article_modified_time":"2026-01-09T15:28:40+00:00","og_image":[{"width":300,"height":295,"url":"https:\/\/carhub.gr\/wp-content\/uploads\/2026\/01\/30704289_10156650808885649_8146171741979279360_n-300x295-1.jpg","type":"image\/jpeg"}],"twitter_card":"summary_large_image","twitter_misc":{"Gesch\u00e4tzte Lesezeit":"2\u00a0Minuten"},"schema":{"@context":"https:\/\/schema.org","@graph":[{"@type":"WebPage","@id":"https:\/\/carhub.gr\/de\/mietwagen-imerovigli-santorin\/","url":"https:\/\/carhub.gr\/de\/mietwagen-imerovigli-santorin\/","name":"Mietwagen Imerovigli Santorin - Carhub","isPartOf":{"@id":"https:\/\/carhub.gr\/de\/#website"},"primaryImageOfPage":{"@id":"https:\/\/carhub.gr\/de\/mietwagen-imerovigli-santorin\/#primaryimage"},"image":{"@id":"https:\/\/carhub.gr\/de\/mietwagen-imerovigli-santorin\/#primaryimage"},"thumbnailUrl":"https:\/\/carhub.gr\/wp-content\/uploads\/2026\/01\/30704289_10156650808885649_8146171741979279360_n-300x295-1.jpg","datePublished":"2026-01-09T15:23:56+00:00","dateModified":"2026-01-09T15:28:40+00:00","breadcrumb":{"@id":"https:\/\/carhub.gr\/de\/mietwagen-imerovigli-santorin\/#breadcrumb"},"inLanguage":"de","potentialAction":[{"@type":"ReadAction","target":["https:\/\/carhub.gr\/de\/mietwagen-imerovigli-santorin\/"]}]},{"@type":"ImageObject","inLanguage":"de","@id":"https:\/\/carhub.gr\/de\/mietwagen-imerovigli-santorin\/#primaryimage","url":"https:\/\/carhub.gr\/wp-content\/uploads\/2026\/01\/30704289_10156650808885649_8146171741979279360_n-300x295-1.jpg","contentUrl":"https:\/\/carhub.gr\/wp-content\/uploads\/2026\/01\/30704289_10156650808885649_8146171741979279360_n-300x295-1.jpg"},{"@type":"BreadcrumbList","@id":"https:\/\/carhub.gr\/de\/mietwagen-imerovigli-santorin\/#breadcrumb","itemListElement":[{"@type":"ListItem","position":1,"name":"Home","item":"https:\/\/carhub.gr\/de\/"},{"@type":"ListItem","position":2,"name":"Mietwagen Imerovigli Santorin"}]},{"@type":"WebSite","@id":"https:\/\/carhub.gr\/de\/#website","url":"https:\/\/carhub.gr\/de\/","name":"Carhub","description":"Rent a car Santorini - Santorini Car Hire","publisher":{"@id":"https:\/\/carhub.gr\/de\/#organization"},"alternateName":"RENT A CAR SANTORINI - SANTORINI CAR RENTAL","potentialAction":[{"@type":"SearchAction","target":{"@type":"EntryPoint","urlTemplate":"https:\/\/carhub.gr\/de\/?s={search_term_string}"},"query-input":{"@type":"PropertyValueSpecification","valueRequired":true,"valueName":"search_term_string"}}],"inLanguage":"de"},{"@type":"Organization","@id":"https:\/\/carhub.gr\/de\/#organization","name":"Carhub","url":"https:\/\/carhub.gr\/de\/","logo":{"@type":"ImageObject","inLanguage":"de","@id":"https:\/\/carhub.gr\/de\/#\/schema\/logo\/image\/","url":"https:\/\/carhub.gr\/wp-content\/uploads\/2025\/12\/logo-carhub-1.png","contentUrl":"https:\/\/carhub.gr\/wp-content\/uploads\/2025\/12\/logo-carhub-1.png","width":182,"height":53,"caption":"Carhub"},"image":{"@id":"https:\/\/carhub.gr\/de\/#\/schema\/logo\/image\/"},"sameAs":["https:\/\/www.facebook.com\/carhub.gr\/"]}]}},"_links":{"self":[{"href":"https:\/\/carhub.gr\/de\/wp-json\/wp\/v2\/pages\/3060","targetHints":{"allow":["GET"]}}],"collection":[{"href":"https:\/\/carhub.gr\/de\/wp-json\/wp\/v2\/pages"}],"about":[{"href":"https:\/\/carhub.gr\/de\/wp-json\/wp\/v2\/types\/page"}],"author":[{"embeddable":true,"href":"https:\/\/carhub.gr\/de\/wp-json\/wp\/v2\/users\/2"}],"replies":[{"embeddable":true,"href":"https:\/\/carhub.gr\/de\/wp-json\/wp\/v2\/comments?post=3060"}],"version-history":[{"count":2,"href":"https:\/\/carhub.gr\/de\/wp-json\/wp\/v2\/pages\/3060\/revisions"}],"predecessor-version":[{"id":3070,"href":"https:\/\/carhub.gr\/de\/wp-json\/wp\/v2\/pages\/3060\/revisions\/3070"}],"wp:attachment":[{"href":"https:\/\/carhub.gr\/de\/wp-json\/wp\/v2\/media?parent=3060"}],"curies":[{"name":"wp","href":"https:\/\/api.w.org\/{rel}","templated":true}]}}