{"id":3040,"date":"2026-01-09T17:09:10","date_gmt":"2026-01-09T15:09:10","guid":{"rendered":"https:\/\/carhub.gr\/rental-cars-firostefani-santorini\/"},"modified":"2026-01-09T17:16:02","modified_gmt":"2026-01-09T15:16:02","slug":"rental-cars-firostefani-santorini","status":"publish","type":"page","link":"https:\/\/carhub.gr\/de\/rental-cars-firostefani-santorini\/","title":{"rendered":"Mietwagen Firostefani Santorini"},"content":{"rendered":"<div class=\"wpb-content-wrapper\">[vc_row][vc_column][vc_column_text css=&#8220;&#8220;]\n<h1 class=\"western\" style=\"text-align: center;\">Mietwagen Firostefani Santorini<\/h1>\n<figure id=\"attachment_3036\" aria-describedby=\"caption-attachment-3036\" style=\"width: 209px\" class=\"wp-caption aligncenter\"><a href=\"https:\/\/www.greeka.com\/cyclades\/santorini\/santorini-villages\/santorini-firostefani.htm\" target=\"_blank\" rel=\"noopener noreferrer\"><img loading=\"lazy\" decoding=\"async\" class=\"wp-image-3036 size-full\" src=\"https:\/\/carhub.gr\/wp-content\/uploads\/2026\/01\/29244012_10156551096220649_2715891040270680064_n-209x300-1.jpg\" alt=\"Mietwagen Firostefani Santorini\" width=\"209\" height=\"300\" \/><\/a><figcaption id=\"caption-attachment-3036\" class=\"wp-caption-text\">(Bild von Mietwagen Firostefani Santorini)<\/figcaption><\/figure>\n<p><span style=\"font-family: Arial, sans-serif;\"><span style=\"font-size: small;\"><span style=\"color: #000000;\"><a href=\"https:\/\/www.greeka.com\/cyclades\/santorini\/santorini-villages\/santorini-firostefani.htm\" target=\"_blank\" rel=\"noopener noreferrer\">Firostefani<\/a> gilt als eigenst\u00e4ndige Siedlung und ist \u05dc\u05de\u05e2\u05e9\u05d4 eine Erweiterung von Fira, der wundersch\u00f6nen Hauptstadt von Santorin. Der Name \u201eFirostefani\u201c (Fira + Stefani, was auf Griechisch \u201eKrone\u201c bedeutet) leitet sich von seiner Lage im h\u00f6chsten Teil von Fira ab. Seine beg\u00fcnstigte Lage an der Caldera im Norden der Insel macht es zu einem besonders bemerkenswerten Ort.<\/span><\/span><\/span><span style=\"font-family: Arial, sans-serif;\"><span style=\"font-size: small;\"><span style=\"color: #000000;\">Von hier, der \u201eKrone\u201c von Fira, ist der Ausblick schlichtweg beeindruckend und bietet Besuchern eine andere Perspektive auf den Vulkan. Die wilde Sch\u00f6nheit der Caldera in Kombination mit dem Blick auf den Vulkan schafft eine faszinierende Landschaft.<\/span><\/span><\/span><\/p>\n<p><span style=\"font-family: Arial, sans-serif;\"><span style=\"font-size: small;\"><span style=\"color: #000000;\">Ein Spaziergang durch die schmalen, malerischen Gassen wird Ihnen sicher gro\u00dfe Freude bereiten. Verbringen Sie viele herrliche Stunden damit, die Aussicht zu genie\u00dfen \u2013 besonders bei Sonnenuntergang. Nat\u00fcrlich begeistert das Dorf auch nachts aufs Neue: Die Lichter lassen es wie ein Gem\u00e4lde wirken. Das Dorf verf\u00fcgt \u00fcber zahlreiche Restaurants und Caf\u00e9s, die sich an besonders spektakul\u00e4ren Standorten befinden. Zwischen den D\u00f6rfern Firostefani und Imerovigli liegt das Kloster Agios Nikolaos.<\/span><\/span><\/span><\/p>\n<h3 style=\"text-align: center;\">Mietwagen Firostefani Santorini<\/h3>\n<p style=\"text-align: center;\"><span style=\"color: #000000;\"><span style=\"font-family: Arial, sans-serif;\"><span style=\"font-size: small;\">Lassen Sie sich schlie\u00dflich Ihren<\/span><\/span><\/span><strong><span style=\"color: #000000;\"><span style=\"font-family: Arial, sans-serif;\"><span style=\"font-size: small;\"><b> <a href=\"http:\/\/carhub.gr\/\">Mietwagen<\/a><\/b><\/span><\/span><\/span><\/strong> <span style=\"color: #000000;\"><span style=\"font-family: Arial, sans-serif;\"><span style=\"font-size: small;\">in <\/span><\/span><\/span><strong><span style=\"color: #000000;\"><span style=\"font-family: Arial, sans-serif;\"><span style=\"font-size: small;\"><b>Firostefani auf Santorin<\/b><\/span><\/span><\/span><\/strong><span style=\"color: #000000;\"><span style=\"font-family: Arial, sans-serif;\"><span style=\"font-size: small;\"> kostenlos liefern oder dort abholen. Die meisten Hotels in Firostefani sind an den Klippen erbaut. Wenn Sie also Ihren <\/span><\/span><\/span><strong><span style=\"color: #000000;\"><span style=\"font-family: Arial, sans-serif;\"><span style=\"font-size: small;\"><b>Wagen<\/b><\/span><\/span><\/span><\/strong> <span style=\"color: #000000;\"><span style=\"font-family: Arial, sans-serif;\"><span style=\"font-size: small;\">in <\/span><\/span><\/span><strong><span style=\"color: #000000;\"><span style=\"font-family: Arial, sans-serif;\"><span style=\"font-size: small;\"><b>Firostefani<\/b><\/span><\/span><\/span><\/strong> <span style=\"color: #000000;\"><span style=\"font-family: Arial, sans-serif;\"><span style=\"font-size: small;\">auf <\/span><\/span><\/span><strong><span style=\"color: #000000;\"><span style=\"font-family: Arial, sans-serif;\"><span style=\"font-size: small;\"><b>Santorin<\/b><\/span><\/span><\/span><\/strong><span style=\"color: #000000;\"><span style=\"font-family: Arial, sans-serif;\"><span style=\"font-size: small;\"> mieten, k\u00f6nnen Sie ihn auf einem der vielen kostenlosen Parkpl\u00e4tze abstellen, die nur wenige Schritte von den Hotels an der Caldera entfernt liegen. Unser Team kann Sie auch an der Rezeption Ihres Hotels treffen, falls das f\u00fcr Sie bequemer ist, und Ihnen Ihren <\/span><\/span><\/span><em><span style=\"color: #000000;\"><span style=\"font-family: Arial, sans-serif;\"><span style=\"font-size: small;\">Mietwagen<\/span><\/span><\/span><\/em><span style=\"color: #000000;\"> \u00fcbergeben. <\/span><span style=\"color: #000000;\"><span style=\"font-family: Arial, sans-serif;\"><span style=\"font-size: small;\">Wenn Sie also Lust haben, die Insel zu erkunden, rufen Sie uns einfach an, senden Sie uns eine E-Mail oder buchen Sie \u00fcber unsere Website \u2013 wir liefern Ihnen das Fahrzeug Ihrer Wahl direkt nach Firostefani.<\/span><\/span><\/span><\/p>\n[\/vc_column_text][\/vc_column][\/vc_row]\n<\/div>","protected":false},"excerpt":{"rendered":"<p>[vc_row][vc_column][vc_column_text css=&#8220;&#8220;] Mietwagen Firostefani Santorini Firostefani gilt als eigenst\u00e4ndige Siedlung und ist \u05dc\u05de\u05e2\u05e9\u05d4 eine Erweiterung von Fira, der wundersch\u00f6nen Hauptstadt von Santorin. Der Name \u201eFirostefani\u201c (Fira + Stefani, was auf Griechisch \u201eKrone\u201c bedeutet) leitet sich von seiner Lage im h\u00f6chsten Teil von Fira ab. Seine beg\u00fcnstigte Lage an der Caldera im Norden der Insel macht&hellip;<\/p>\n","protected":false},"author":2,"featured_media":0,"parent":0,"menu_order":0,"comment_status":"closed","ping_status":"closed","template":"templates\/no-sidebar.php","meta":{"footnotes":""},"class_list":["post-3040","page","type-page","status-publish","hentry","entry","no-media"],"yoast_head":"<!-- This site is optimized with the Yoast SEO plugin v27.2 - https:\/\/yoast.com\/product\/yoast-seo-wordpress\/ -->\n<title>Mietwagen Firostefani Santorini - Carhub<\/title>\n<meta name=\"robots\" content=\"index, follow, max-snippet:-1, max-image-preview:large, max-video-preview:-1\" \/>\n<link rel=\"canonical\" href=\"https:\/\/carhub.gr\/de\/rental-cars-firostefani-santorini\/\" \/>\n<meta property=\"og:locale\" content=\"de_DE\" \/>\n<meta property=\"og:type\" content=\"article\" \/>\n<meta property=\"og:title\" content=\"Mietwagen Firostefani Santorini - Carhub\" \/>\n<meta property=\"og:description\" content=\"[vc_row][vc_column][vc_column_text css=&#8220;&#8220;] Mietwagen Firostefani Santorini Firostefani gilt als eigenst\u00e4ndige Siedlung und ist \u05dc\u05de\u05e2\u05e9\u05d4 eine Erweiterung von Fira, der wundersch\u00f6nen Hauptstadt von Santorin. Der Name \u201eFirostefani\u201c (Fira + Stefani, was auf Griechisch \u201eKrone\u201c bedeutet) leitet sich von seiner Lage im h\u00f6chsten Teil von Fira ab. Seine beg\u00fcnstigte Lage an der Caldera im Norden der Insel macht&hellip;\" \/>\n<meta property=\"og:url\" content=\"https:\/\/carhub.gr\/de\/rental-cars-firostefani-santorini\/\" \/>\n<meta property=\"og:site_name\" content=\"Carhub\" \/>\n<meta property=\"article:publisher\" content=\"https:\/\/www.facebook.com\/carhub.gr\/\" \/>\n<meta property=\"article:modified_time\" content=\"2026-01-09T15:16:02+00:00\" \/>\n<meta property=\"og:image\" content=\"https:\/\/carhub.gr\/wp-content\/uploads\/2026\/01\/29244012_10156551096220649_2715891040270680064_n-209x300-1.jpg\" \/>\n\t<meta property=\"og:image:width\" content=\"209\" \/>\n\t<meta property=\"og:image:height\" content=\"300\" \/>\n\t<meta property=\"og:image:type\" content=\"image\/jpeg\" \/>\n<meta name=\"twitter:card\" content=\"summary_large_image\" \/>\n<meta name=\"twitter:label1\" content=\"Gesch\u00e4tzte Lesezeit\" \/>\n\t<meta name=\"twitter:data1\" content=\"2\u00a0Minuten\" \/>\n<script type=\"application\/ld+json\" class=\"yoast-schema-graph\">{\"@context\":\"https:\/\/schema.org\",\"@graph\":[{\"@type\":\"WebPage\",\"@id\":\"https:\/\/carhub.gr\/de\/rental-cars-firostefani-santorini\/\",\"url\":\"https:\/\/carhub.gr\/de\/rental-cars-firostefani-santorini\/\",\"name\":\"Mietwagen Firostefani Santorini - Carhub\",\"isPartOf\":{\"@id\":\"https:\/\/carhub.gr\/de\/#website\"},\"primaryImageOfPage\":{\"@id\":\"https:\/\/carhub.gr\/de\/rental-cars-firostefani-santorini\/#primaryimage\"},\"image\":{\"@id\":\"https:\/\/carhub.gr\/de\/rental-cars-firostefani-santorini\/#primaryimage\"},\"thumbnailUrl\":\"https:\/\/carhub.gr\/wp-content\/uploads\/2026\/01\/29244012_10156551096220649_2715891040270680064_n-209x300-1.jpg\",\"datePublished\":\"2026-01-09T15:09:10+00:00\",\"dateModified\":\"2026-01-09T15:16:02+00:00\",\"breadcrumb\":{\"@id\":\"https:\/\/carhub.gr\/de\/rental-cars-firostefani-santorini\/#breadcrumb\"},\"inLanguage\":\"de\",\"potentialAction\":[{\"@type\":\"ReadAction\",\"target\":[\"https:\/\/carhub.gr\/de\/rental-cars-firostefani-santorini\/\"]}]},{\"@type\":\"ImageObject\",\"inLanguage\":\"de\",\"@id\":\"https:\/\/carhub.gr\/de\/rental-cars-firostefani-santorini\/#primaryimage\",\"url\":\"https:\/\/carhub.gr\/wp-content\/uploads\/2026\/01\/29244012_10156551096220649_2715891040270680064_n-209x300-1.jpg\",\"contentUrl\":\"https:\/\/carhub.gr\/wp-content\/uploads\/2026\/01\/29244012_10156551096220649_2715891040270680064_n-209x300-1.jpg\"},{\"@type\":\"BreadcrumbList\",\"@id\":\"https:\/\/carhub.gr\/de\/rental-cars-firostefani-santorini\/#breadcrumb\",\"itemListElement\":[{\"@type\":\"ListItem\",\"position\":1,\"name\":\"Home\",\"item\":\"https:\/\/carhub.gr\/de\/\"},{\"@type\":\"ListItem\",\"position\":2,\"name\":\"Mietwagen Firostefani Santorini\"}]},{\"@type\":\"WebSite\",\"@id\":\"https:\/\/carhub.gr\/de\/#website\",\"url\":\"https:\/\/carhub.gr\/de\/\",\"name\":\"Carhub\",\"description\":\"Rent a car Santorini - Santorini Car Hire\",\"publisher\":{\"@id\":\"https:\/\/carhub.gr\/de\/#organization\"},\"alternateName\":\"RENT A CAR SANTORINI - SANTORINI CAR RENTAL\",\"potentialAction\":[{\"@type\":\"SearchAction\",\"target\":{\"@type\":\"EntryPoint\",\"urlTemplate\":\"https:\/\/carhub.gr\/de\/?s={search_term_string}\"},\"query-input\":{\"@type\":\"PropertyValueSpecification\",\"valueRequired\":true,\"valueName\":\"search_term_string\"}}],\"inLanguage\":\"de\"},{\"@type\":\"Organization\",\"@id\":\"https:\/\/carhub.gr\/de\/#organization\",\"name\":\"Carhub\",\"url\":\"https:\/\/carhub.gr\/de\/\",\"logo\":{\"@type\":\"ImageObject\",\"inLanguage\":\"de\",\"@id\":\"https:\/\/carhub.gr\/de\/#\/schema\/logo\/image\/\",\"url\":\"https:\/\/carhub.gr\/wp-content\/uploads\/2025\/12\/logo-carhub-1.png\",\"contentUrl\":\"https:\/\/carhub.gr\/wp-content\/uploads\/2025\/12\/logo-carhub-1.png\",\"width\":182,\"height\":53,\"caption\":\"Carhub\"},\"image\":{\"@id\":\"https:\/\/carhub.gr\/de\/#\/schema\/logo\/image\/\"},\"sameAs\":[\"https:\/\/www.facebook.com\/carhub.gr\/\"]}]}<\/script>\n<!-- \/ Yoast SEO plugin. -->","yoast_head_json":{"title":"Mietwagen Firostefani Santorini - Carhub","robots":{"index":"index","follow":"follow","max-snippet":"max-snippet:-1","max-image-preview":"max-image-preview:large","max-video-preview":"max-video-preview:-1"},"canonical":"https:\/\/carhub.gr\/de\/rental-cars-firostefani-santorini\/","og_locale":"de_DE","og_type":"article","og_title":"Mietwagen Firostefani Santorini - Carhub","og_description":"[vc_row][vc_column][vc_column_text css=&#8220;&#8220;] Mietwagen Firostefani Santorini Firostefani gilt als eigenst\u00e4ndige Siedlung und ist \u05dc\u05de\u05e2\u05e9\u05d4 eine Erweiterung von Fira, der wundersch\u00f6nen Hauptstadt von Santorin. Der Name \u201eFirostefani\u201c (Fira + Stefani, was auf Griechisch \u201eKrone\u201c bedeutet) leitet sich von seiner Lage im h\u00f6chsten Teil von Fira ab. Seine beg\u00fcnstigte Lage an der Caldera im Norden der Insel macht&hellip;","og_url":"https:\/\/carhub.gr\/de\/rental-cars-firostefani-santorini\/","og_site_name":"Carhub","article_publisher":"https:\/\/www.facebook.com\/carhub.gr\/","article_modified_time":"2026-01-09T15:16:02+00:00","og_image":[{"width":209,"height":300,"url":"https:\/\/carhub.gr\/wp-content\/uploads\/2026\/01\/29244012_10156551096220649_2715891040270680064_n-209x300-1.jpg","type":"image\/jpeg"}],"twitter_card":"summary_large_image","twitter_misc":{"Gesch\u00e4tzte Lesezeit":"2\u00a0Minuten"},"schema":{"@context":"https:\/\/schema.org","@graph":[{"@type":"WebPage","@id":"https:\/\/carhub.gr\/de\/rental-cars-firostefani-santorini\/","url":"https:\/\/carhub.gr\/de\/rental-cars-firostefani-santorini\/","name":"Mietwagen Firostefani Santorini - Carhub","isPartOf":{"@id":"https:\/\/carhub.gr\/de\/#website"},"primaryImageOfPage":{"@id":"https:\/\/carhub.gr\/de\/rental-cars-firostefani-santorini\/#primaryimage"},"image":{"@id":"https:\/\/carhub.gr\/de\/rental-cars-firostefani-santorini\/#primaryimage"},"thumbnailUrl":"https:\/\/carhub.gr\/wp-content\/uploads\/2026\/01\/29244012_10156551096220649_2715891040270680064_n-209x300-1.jpg","datePublished":"2026-01-09T15:09:10+00:00","dateModified":"2026-01-09T15:16:02+00:00","breadcrumb":{"@id":"https:\/\/carhub.gr\/de\/rental-cars-firostefani-santorini\/#breadcrumb"},"inLanguage":"de","potentialAction":[{"@type":"ReadAction","target":["https:\/\/carhub.gr\/de\/rental-cars-firostefani-santorini\/"]}]},{"@type":"ImageObject","inLanguage":"de","@id":"https:\/\/carhub.gr\/de\/rental-cars-firostefani-santorini\/#primaryimage","url":"https:\/\/carhub.gr\/wp-content\/uploads\/2026\/01\/29244012_10156551096220649_2715891040270680064_n-209x300-1.jpg","contentUrl":"https:\/\/carhub.gr\/wp-content\/uploads\/2026\/01\/29244012_10156551096220649_2715891040270680064_n-209x300-1.jpg"},{"@type":"BreadcrumbList","@id":"https:\/\/carhub.gr\/de\/rental-cars-firostefani-santorini\/#breadcrumb","itemListElement":[{"@type":"ListItem","position":1,"name":"Home","item":"https:\/\/carhub.gr\/de\/"},{"@type":"ListItem","position":2,"name":"Mietwagen Firostefani Santorini"}]},{"@type":"WebSite","@id":"https:\/\/carhub.gr\/de\/#website","url":"https:\/\/carhub.gr\/de\/","name":"Carhub","description":"Rent a car Santorini - Santorini Car Hire","publisher":{"@id":"https:\/\/carhub.gr\/de\/#organization"},"alternateName":"RENT A CAR SANTORINI - SANTORINI CAR RENTAL","potentialAction":[{"@type":"SearchAction","target":{"@type":"EntryPoint","urlTemplate":"https:\/\/carhub.gr\/de\/?s={search_term_string}"},"query-input":{"@type":"PropertyValueSpecification","valueRequired":true,"valueName":"search_term_string"}}],"inLanguage":"de"},{"@type":"Organization","@id":"https:\/\/carhub.gr\/de\/#organization","name":"Carhub","url":"https:\/\/carhub.gr\/de\/","logo":{"@type":"ImageObject","inLanguage":"de","@id":"https:\/\/carhub.gr\/de\/#\/schema\/logo\/image\/","url":"https:\/\/carhub.gr\/wp-content\/uploads\/2025\/12\/logo-carhub-1.png","contentUrl":"https:\/\/carhub.gr\/wp-content\/uploads\/2025\/12\/logo-carhub-1.png","width":182,"height":53,"caption":"Carhub"},"image":{"@id":"https:\/\/carhub.gr\/de\/#\/schema\/logo\/image\/"},"sameAs":["https:\/\/www.facebook.com\/carhub.gr\/"]}]}},"_links":{"self":[{"href":"https:\/\/carhub.gr\/de\/wp-json\/wp\/v2\/pages\/3040","targetHints":{"allow":["GET"]}}],"collection":[{"href":"https:\/\/carhub.gr\/de\/wp-json\/wp\/v2\/pages"}],"about":[{"href":"https:\/\/carhub.gr\/de\/wp-json\/wp\/v2\/types\/page"}],"author":[{"embeddable":true,"href":"https:\/\/carhub.gr\/de\/wp-json\/wp\/v2\/users\/2"}],"replies":[{"embeddable":true,"href":"https:\/\/carhub.gr\/de\/wp-json\/wp\/v2\/comments?post=3040"}],"version-history":[{"count":1,"href":"https:\/\/carhub.gr\/de\/wp-json\/wp\/v2\/pages\/3040\/revisions"}],"predecessor-version":[{"id":3052,"href":"https:\/\/carhub.gr\/de\/wp-json\/wp\/v2\/pages\/3040\/revisions\/3052"}],"wp:attachment":[{"href":"https:\/\/carhub.gr\/de\/wp-json\/wp\/v2\/media?parent=3040"}],"curies":[{"name":"wp","href":"https:\/\/api.w.org\/{rel}","templated":true}]}}