{"id":3014,"date":"2026-01-09T13:52:00","date_gmt":"2026-01-09T11:52:00","guid":{"rendered":"https:\/\/carhub.gr\/rental-cars-vlychada-santorini\/"},"modified":"2026-01-09T13:58:39","modified_gmt":"2026-01-09T11:58:39","slug":"mietwagen-vlychada-santorini","status":"publish","type":"page","link":"https:\/\/carhub.gr\/de\/mietwagen-vlychada-santorini\/","title":{"rendered":"Mietwagen Vlychada Santorini"},"content":{"rendered":"<div class=\"wpb-content-wrapper\">[vc_row][vc_column][vc_column_text css=&#8220;&#8220;]\n<h1 class=\"western\" style=\"text-align: center;\">Mietwagen Vlychada Santorini<\/h1>\n<figure id=\"attachment_3009\" aria-describedby=\"caption-attachment-3009\" style=\"width: 300px\" class=\"wp-caption aligncenter\"><a href=\"https:\/\/www.tripadvisor.com\/Attraction_Review-g1188919-d6882559-Reviews-Vlychada_Beach-Vlychada_Santorini_Cyclades_South_Aegean.html\" target=\"_blank\" rel=\"noopener noreferrer\"><img loading=\"lazy\" decoding=\"async\" class=\"wp-image-3009 size-full\" src=\"https:\/\/carhub.gr\/wp-content\/uploads\/2026\/01\/31190042_10156663209975649_4265844084838498304_n-300x296-1.jpg\" alt=\"Mietwagen Vlychada Santorini\" width=\"300\" height=\"296\" \/><\/a><figcaption id=\"caption-attachment-3009\" class=\"wp-caption-text\">Mietwagen Vlychada Santorini<\/figcaption><\/figure>\n<p style=\"text-align: center;\"><span style=\"color: #000000;\"><span style=\"font-family: Arial, sans-serif;\"><span style=\"font-size: small;\"><a href=\"https:\/\/www.tripadvisor.com\/Attraction_Review-g1188919-d6882559-Reviews-Vlychada_Beach-Vlychada_Santorini_Cyclades_South_Aegean.html\" target=\"_blank\" rel=\"noopener noreferrer\">Vlychada<\/a> ist ein leicht mit dem Auto oder Bus erreichbarer Strand an der S\u00fcdk\u00fcste von Santorin, 13 Kilometer von Fira entfernt. Er zeichnet sich durch seine beeindruckenden, geformten Klippen aus, die wie ein Kunstwerk wirken. Tats\u00e4chlich handelt es sich um einen nat\u00fcrlichen Prozess, verursacht durch den Vulkan, den Wind und das Meer. Es ist ein langer Strand mit relativ flachem Wasser sowie dunklem vulkanischem Sand und Kieselsteinen, wie bei den meisten Str\u00e4nden Santorins. Nicht \u00fcberlaufen, aber gut organisiert, mit zahlreichen Sonnenliegen, Strohschirmen und einer Strandbar. Hier k\u00f6nnen Sie viele entspannte Stunden verbringen und die spektakul\u00e4re Landschaft rundum genie\u00dfen. Allein dieses Naturwunder macht einen Besuch lohnenswert.<\/span><\/span><\/span><\/p>\n<p style=\"text-align: center;\"><span style=\"font-family: Arial, sans-serif;\"><span style=\"font-size: small;\"><span style=\"color: #000000;\">Auch das Segel- und Yachting-Zentrum befindet sich in Vlychada, im kleinen, charmanten Hafen nahe dem Strand. Kleine Yachten und Boote liegen in der Marina vor Anker. In den traditionellen lokalen Tavernen k\u00f6nnen Sie k\u00f6stliche Gerichte, darunter frischen Fisch, genie\u00dfen. Au\u00dferdem k\u00f6nnen Sie das Tomaten-Industrie-Museum besuchen, eine ehemalige Tomatenfabrik, und an einer F\u00fchrung teilnehmen, bei der die traditionellen Anbau- und Produktionsmethoden der Tomate vorgestellt werden \u2013 einem bekannten Produkt Santorins.<\/span><\/span><\/span><\/p>\n<h3 style=\"text-align: center;\">Mietwagen Vlychada Santorini<\/h3>\n<p style=\"text-align: center;\"><span style=\"font-family: Arial, sans-serif;\"><span style=\"font-size: small;\"><span style=\"color: #000000;\">Wenn Sie also mit einem <\/span><strong><span style=\"color: #000000;\"><b>Segelboot<\/b><\/span><\/strong><span style=\"color: #000000;\"> nach <\/span><strong><span style=\"color: #000000;\"><b>Santorin<\/b><\/span><\/strong><span style=\"color: #000000;\"> kommen und ein <\/span><a href=\"http:\/\/carhub.gr\/\">Auto mieten<\/a><span style=\"color: #000000;\"> m\u00f6chten, um die Insel zu erkunden, liefern wir es Ihnen bei Ihrer Ankunft im Hafen von <\/span><strong><span style=\"color: #000000;\"><b>Santorini Marina Vlychada<\/b><\/span><\/strong><span style=\"color: #000000;\"> (dort legen die meisten Segelboote an). Mit uns ist das ganz einfach. Wir treffen Sie in der <\/span><strong><span style=\"color: #000000;\"><b>Marina von Santorin<\/b><\/span><\/strong><span style=\"color: #000000;\"> und \u00fcbergeben Ihnen dort Ihren <\/span><strong><span style=\"color: #000000;\"><b>Mietwagen<\/b><\/span><\/strong><span style=\"color: #000000;\">; ebenso holen wir ihn am Ende Ihres Aufenthalts am selben Ort wieder ab \u2013 alles ohne zus\u00e4tzliche Kosten. Wir akzeptieren auch <\/span><strong><span style=\"color: #000000;\"><b>Last-Minute-Reservierungen<\/b><\/span><\/strong><span style=\"color: #000000;\"> f\u00fcr Ihre <\/span><strong><span style=\"color: #000000;\"><b>Autovermietung auf Santorin<\/b><\/span><\/strong><span style=\"color: #000000;\">. Ab dem Moment Ihres Anrufs oder Ihrer E-Mail k\u00f6nnen wir Sie innerhalb von 15 Minuten treffen, damit Sie keine Zeit verlieren und sofort beginnen, Santorin zu genie\u00dfen!<\/span><\/span><\/span><\/p>\n[\/vc_column_text][\/vc_column][\/vc_row]\n<\/div>","protected":false},"excerpt":{"rendered":"<p>[vc_row][vc_column][vc_column_text css=&#8220;&#8220;] Mietwagen Vlychada Santorini Vlychada ist ein leicht mit dem Auto oder Bus erreichbarer Strand an der S\u00fcdk\u00fcste von Santorin, 13 Kilometer von Fira entfernt. Er zeichnet sich durch seine beeindruckenden, geformten Klippen aus, die wie ein Kunstwerk wirken. Tats\u00e4chlich handelt es sich um einen nat\u00fcrlichen Prozess, verursacht durch den Vulkan, den Wind und&hellip;<\/p>\n","protected":false},"author":2,"featured_media":0,"parent":0,"menu_order":0,"comment_status":"closed","ping_status":"closed","template":"templates\/no-sidebar.php","meta":{"footnotes":""},"class_list":["post-3014","page","type-page","status-publish","hentry","entry","no-media"],"yoast_head":"<!-- This site is optimized with the Yoast SEO plugin v27.2 - https:\/\/yoast.com\/product\/yoast-seo-wordpress\/ -->\n<title>Mietwagen Vlychada Santorini - Carhub<\/title>\n<meta name=\"robots\" content=\"index, follow, max-snippet:-1, max-image-preview:large, max-video-preview:-1\" \/>\n<link rel=\"canonical\" href=\"https:\/\/carhub.gr\/de\/mietwagen-vlychada-santorini\/\" \/>\n<meta property=\"og:locale\" content=\"de_DE\" \/>\n<meta property=\"og:type\" content=\"article\" \/>\n<meta property=\"og:title\" content=\"Mietwagen Vlychada Santorini - Carhub\" \/>\n<meta property=\"og:description\" content=\"[vc_row][vc_column][vc_column_text css=&#8220;&#8220;] Mietwagen Vlychada Santorini Vlychada ist ein leicht mit dem Auto oder Bus erreichbarer Strand an der S\u00fcdk\u00fcste von Santorin, 13 Kilometer von Fira entfernt. Er zeichnet sich durch seine beeindruckenden, geformten Klippen aus, die wie ein Kunstwerk wirken. Tats\u00e4chlich handelt es sich um einen nat\u00fcrlichen Prozess, verursacht durch den Vulkan, den Wind und&hellip;\" \/>\n<meta property=\"og:url\" content=\"https:\/\/carhub.gr\/de\/mietwagen-vlychada-santorini\/\" \/>\n<meta property=\"og:site_name\" content=\"Carhub\" \/>\n<meta property=\"article:publisher\" content=\"https:\/\/www.facebook.com\/carhub.gr\/\" \/>\n<meta property=\"article:modified_time\" content=\"2026-01-09T11:58:39+00:00\" \/>\n<meta property=\"og:image\" content=\"https:\/\/carhub.gr\/wp-content\/uploads\/2026\/01\/31190042_10156663209975649_4265844084838498304_n-300x296-1.jpg\" \/>\n\t<meta property=\"og:image:width\" content=\"300\" \/>\n\t<meta property=\"og:image:height\" content=\"296\" \/>\n\t<meta property=\"og:image:type\" content=\"image\/jpeg\" \/>\n<meta name=\"twitter:card\" content=\"summary_large_image\" \/>\n<meta name=\"twitter:label1\" content=\"Gesch\u00e4tzte Lesezeit\" \/>\n\t<meta name=\"twitter:data1\" content=\"2\u00a0Minuten\" \/>\n<script type=\"application\/ld+json\" class=\"yoast-schema-graph\">{\"@context\":\"https:\/\/schema.org\",\"@graph\":[{\"@type\":\"WebPage\",\"@id\":\"https:\/\/carhub.gr\/de\/mietwagen-vlychada-santorini\/\",\"url\":\"https:\/\/carhub.gr\/de\/mietwagen-vlychada-santorini\/\",\"name\":\"Mietwagen Vlychada Santorini - Carhub\",\"isPartOf\":{\"@id\":\"https:\/\/carhub.gr\/de\/#website\"},\"primaryImageOfPage\":{\"@id\":\"https:\/\/carhub.gr\/de\/mietwagen-vlychada-santorini\/#primaryimage\"},\"image\":{\"@id\":\"https:\/\/carhub.gr\/de\/mietwagen-vlychada-santorini\/#primaryimage\"},\"thumbnailUrl\":\"https:\/\/carhub.gr\/wp-content\/uploads\/2026\/01\/31190042_10156663209975649_4265844084838498304_n-300x296-1.jpg\",\"datePublished\":\"2026-01-09T11:52:00+00:00\",\"dateModified\":\"2026-01-09T11:58:39+00:00\",\"breadcrumb\":{\"@id\":\"https:\/\/carhub.gr\/de\/mietwagen-vlychada-santorini\/#breadcrumb\"},\"inLanguage\":\"de\",\"potentialAction\":[{\"@type\":\"ReadAction\",\"target\":[\"https:\/\/carhub.gr\/de\/mietwagen-vlychada-santorini\/\"]}]},{\"@type\":\"ImageObject\",\"inLanguage\":\"de\",\"@id\":\"https:\/\/carhub.gr\/de\/mietwagen-vlychada-santorini\/#primaryimage\",\"url\":\"https:\/\/carhub.gr\/wp-content\/uploads\/2026\/01\/31190042_10156663209975649_4265844084838498304_n-300x296-1.jpg\",\"contentUrl\":\"https:\/\/carhub.gr\/wp-content\/uploads\/2026\/01\/31190042_10156663209975649_4265844084838498304_n-300x296-1.jpg\"},{\"@type\":\"BreadcrumbList\",\"@id\":\"https:\/\/carhub.gr\/de\/mietwagen-vlychada-santorini\/#breadcrumb\",\"itemListElement\":[{\"@type\":\"ListItem\",\"position\":1,\"name\":\"Home\",\"item\":\"https:\/\/carhub.gr\/de\/\"},{\"@type\":\"ListItem\",\"position\":2,\"name\":\"Mietwagen Vlychada Santorini\"}]},{\"@type\":\"WebSite\",\"@id\":\"https:\/\/carhub.gr\/de\/#website\",\"url\":\"https:\/\/carhub.gr\/de\/\",\"name\":\"Carhub\",\"description\":\"Rent a car Santorini - Santorini Car Hire\",\"publisher\":{\"@id\":\"https:\/\/carhub.gr\/de\/#organization\"},\"alternateName\":\"RENT A CAR SANTORINI - SANTORINI CAR RENTAL\",\"potentialAction\":[{\"@type\":\"SearchAction\",\"target\":{\"@type\":\"EntryPoint\",\"urlTemplate\":\"https:\/\/carhub.gr\/de\/?s={search_term_string}\"},\"query-input\":{\"@type\":\"PropertyValueSpecification\",\"valueRequired\":true,\"valueName\":\"search_term_string\"}}],\"inLanguage\":\"de\"},{\"@type\":\"Organization\",\"@id\":\"https:\/\/carhub.gr\/de\/#organization\",\"name\":\"Carhub\",\"url\":\"https:\/\/carhub.gr\/de\/\",\"logo\":{\"@type\":\"ImageObject\",\"inLanguage\":\"de\",\"@id\":\"https:\/\/carhub.gr\/de\/#\/schema\/logo\/image\/\",\"url\":\"https:\/\/carhub.gr\/wp-content\/uploads\/2025\/12\/logo-carhub-1.png\",\"contentUrl\":\"https:\/\/carhub.gr\/wp-content\/uploads\/2025\/12\/logo-carhub-1.png\",\"width\":182,\"height\":53,\"caption\":\"Carhub\"},\"image\":{\"@id\":\"https:\/\/carhub.gr\/de\/#\/schema\/logo\/image\/\"},\"sameAs\":[\"https:\/\/www.facebook.com\/carhub.gr\/\"]}]}<\/script>\n<!-- \/ Yoast SEO plugin. -->","yoast_head_json":{"title":"Mietwagen Vlychada Santorini - Carhub","robots":{"index":"index","follow":"follow","max-snippet":"max-snippet:-1","max-image-preview":"max-image-preview:large","max-video-preview":"max-video-preview:-1"},"canonical":"https:\/\/carhub.gr\/de\/mietwagen-vlychada-santorini\/","og_locale":"de_DE","og_type":"article","og_title":"Mietwagen Vlychada Santorini - Carhub","og_description":"[vc_row][vc_column][vc_column_text css=&#8220;&#8220;] Mietwagen Vlychada Santorini Vlychada ist ein leicht mit dem Auto oder Bus erreichbarer Strand an der S\u00fcdk\u00fcste von Santorin, 13 Kilometer von Fira entfernt. Er zeichnet sich durch seine beeindruckenden, geformten Klippen aus, die wie ein Kunstwerk wirken. Tats\u00e4chlich handelt es sich um einen nat\u00fcrlichen Prozess, verursacht durch den Vulkan, den Wind und&hellip;","og_url":"https:\/\/carhub.gr\/de\/mietwagen-vlychada-santorini\/","og_site_name":"Carhub","article_publisher":"https:\/\/www.facebook.com\/carhub.gr\/","article_modified_time":"2026-01-09T11:58:39+00:00","og_image":[{"width":300,"height":296,"url":"https:\/\/carhub.gr\/wp-content\/uploads\/2026\/01\/31190042_10156663209975649_4265844084838498304_n-300x296-1.jpg","type":"image\/jpeg"}],"twitter_card":"summary_large_image","twitter_misc":{"Gesch\u00e4tzte Lesezeit":"2\u00a0Minuten"},"schema":{"@context":"https:\/\/schema.org","@graph":[{"@type":"WebPage","@id":"https:\/\/carhub.gr\/de\/mietwagen-vlychada-santorini\/","url":"https:\/\/carhub.gr\/de\/mietwagen-vlychada-santorini\/","name":"Mietwagen Vlychada Santorini - Carhub","isPartOf":{"@id":"https:\/\/carhub.gr\/de\/#website"},"primaryImageOfPage":{"@id":"https:\/\/carhub.gr\/de\/mietwagen-vlychada-santorini\/#primaryimage"},"image":{"@id":"https:\/\/carhub.gr\/de\/mietwagen-vlychada-santorini\/#primaryimage"},"thumbnailUrl":"https:\/\/carhub.gr\/wp-content\/uploads\/2026\/01\/31190042_10156663209975649_4265844084838498304_n-300x296-1.jpg","datePublished":"2026-01-09T11:52:00+00:00","dateModified":"2026-01-09T11:58:39+00:00","breadcrumb":{"@id":"https:\/\/carhub.gr\/de\/mietwagen-vlychada-santorini\/#breadcrumb"},"inLanguage":"de","potentialAction":[{"@type":"ReadAction","target":["https:\/\/carhub.gr\/de\/mietwagen-vlychada-santorini\/"]}]},{"@type":"ImageObject","inLanguage":"de","@id":"https:\/\/carhub.gr\/de\/mietwagen-vlychada-santorini\/#primaryimage","url":"https:\/\/carhub.gr\/wp-content\/uploads\/2026\/01\/31190042_10156663209975649_4265844084838498304_n-300x296-1.jpg","contentUrl":"https:\/\/carhub.gr\/wp-content\/uploads\/2026\/01\/31190042_10156663209975649_4265844084838498304_n-300x296-1.jpg"},{"@type":"BreadcrumbList","@id":"https:\/\/carhub.gr\/de\/mietwagen-vlychada-santorini\/#breadcrumb","itemListElement":[{"@type":"ListItem","position":1,"name":"Home","item":"https:\/\/carhub.gr\/de\/"},{"@type":"ListItem","position":2,"name":"Mietwagen Vlychada Santorini"}]},{"@type":"WebSite","@id":"https:\/\/carhub.gr\/de\/#website","url":"https:\/\/carhub.gr\/de\/","name":"Carhub","description":"Rent a car Santorini - Santorini Car Hire","publisher":{"@id":"https:\/\/carhub.gr\/de\/#organization"},"alternateName":"RENT A CAR SANTORINI - SANTORINI CAR RENTAL","potentialAction":[{"@type":"SearchAction","target":{"@type":"EntryPoint","urlTemplate":"https:\/\/carhub.gr\/de\/?s={search_term_string}"},"query-input":{"@type":"PropertyValueSpecification","valueRequired":true,"valueName":"search_term_string"}}],"inLanguage":"de"},{"@type":"Organization","@id":"https:\/\/carhub.gr\/de\/#organization","name":"Carhub","url":"https:\/\/carhub.gr\/de\/","logo":{"@type":"ImageObject","inLanguage":"de","@id":"https:\/\/carhub.gr\/de\/#\/schema\/logo\/image\/","url":"https:\/\/carhub.gr\/wp-content\/uploads\/2025\/12\/logo-carhub-1.png","contentUrl":"https:\/\/carhub.gr\/wp-content\/uploads\/2025\/12\/logo-carhub-1.png","width":182,"height":53,"caption":"Carhub"},"image":{"@id":"https:\/\/carhub.gr\/de\/#\/schema\/logo\/image\/"},"sameAs":["https:\/\/www.facebook.com\/carhub.gr\/"]}]}},"_links":{"self":[{"href":"https:\/\/carhub.gr\/de\/wp-json\/wp\/v2\/pages\/3014","targetHints":{"allow":["GET"]}}],"collection":[{"href":"https:\/\/carhub.gr\/de\/wp-json\/wp\/v2\/pages"}],"about":[{"href":"https:\/\/carhub.gr\/de\/wp-json\/wp\/v2\/types\/page"}],"author":[{"embeddable":true,"href":"https:\/\/carhub.gr\/de\/wp-json\/wp\/v2\/users\/2"}],"replies":[{"embeddable":true,"href":"https:\/\/carhub.gr\/de\/wp-json\/wp\/v2\/comments?post=3014"}],"version-history":[{"count":3,"href":"https:\/\/carhub.gr\/de\/wp-json\/wp\/v2\/pages\/3014\/revisions"}],"predecessor-version":[{"id":3032,"href":"https:\/\/carhub.gr\/de\/wp-json\/wp\/v2\/pages\/3014\/revisions\/3032"}],"wp:attachment":[{"href":"https:\/\/carhub.gr\/de\/wp-json\/wp\/v2\/media?parent=3014"}],"curies":[{"name":"wp","href":"https:\/\/api.w.org\/{rel}","templated":true}]}}