{"id":2995,"date":"2026-01-09T13:41:19","date_gmt":"2026-01-09T11:41:19","guid":{"rendered":"https:\/\/carhub.gr\/rental-car-pyrgos-santorini\/"},"modified":"2026-01-09T13:47:05","modified_gmt":"2026-01-09T11:47:05","slug":"mietwagen-in-pyrgos-santorini","status":"publish","type":"page","link":"https:\/\/carhub.gr\/de\/mietwagen-in-pyrgos-santorini\/","title":{"rendered":"Mietwagen in Pyrgos Santorini"},"content":{"rendered":"<div class=\"wpb-content-wrapper\">[vc_row][vc_column][vc_column_text css=&#8220;&#8220;]\n<h1 class=\"western\" style=\"text-align: center;\"><span style=\"color: #0076a2;\"><span style=\"font-family: 'Source Sans Pro', Arial, sans-serif;\"><span style=\"font-size: xx-large;\"><span style=\"color: #000000;\">Mietwagen in Pyrgos Santorini<\/span><\/span><\/span><\/span><\/h1>\n<figure id=\"attachment_2991\" aria-describedby=\"caption-attachment-2991\" style=\"width: 245px\" class=\"wp-caption aligncenter\"><img loading=\"lazy\" decoding=\"async\" class=\"wp-image-2991 size-full\" src=\"https:\/\/carhub.gr\/wp-content\/uploads\/2026\/01\/31166987_10156662206010649_5894789570913894400_n-245x300-1.jpg\" alt=\"Mietwagen in Pyrgos Santorini\" width=\"245\" height=\"300\" \/><figcaption id=\"caption-attachment-2991\" class=\"wp-caption-text\">Mietwagen in Pyrgos Santorini<\/figcaption><\/figure>\n<p style=\"text-align: center;\"><span style=\"font-family: Arial, sans-serif;\"><span style=\"font-size: small;\"><span style=\"color: #000000;\">Zun\u00e4chst einmal ist <a href=\"https:\/\/www.santorini-view.com\/pyrgos\/\" target=\"_blank\" rel=\"noopener noreferrer\">Pyrgos<\/a> einzigartig, da es das h\u00f6chstgelegene Dorf der gesamten Insel ist und beeindruckende Panoramablicke auf beide Seiten Santorinis bietet. Es liegt zudem an der Westk\u00fcste, etwa 8 Kilometer s\u00fcd\u00f6stlich von Fira, der Hauptstadt Santorinis. Dank seiner privilegierten Lage hebt es sich schon von Weitem ab. Der Ausblick von dort oben bietet eine besondere Perspektive, die man nur in Pyrgos genie\u00dfen kann: gr\u00fcne T\u00e4ler, das weite Meer und die gesamte Insel, die sich zu Ihren F\u00fc\u00dfen ausbreitet. Pyrgos ist traditionell geblieben und entspricht der kykladischen Architektur. Die leicht urspr\u00fcngliche Entwicklung mit schmalen, verwinkelten Gassen und Steinh\u00e4usern macht den Ort besonders liebenswert.<\/span><\/span><\/span><\/p>\n<p style=\"text-align: center;\"><span style=\"font-family: Arial, sans-serif;\"><span style=\"font-size: small;\"><span style=\"color: #000000;\">Pyrgos ist au\u00dferdem von Kirchen mit blauen Kuppeln und Weinbergen umgeben. Hier und da entdecken Sie kleine Galerien und Gesch\u00e4fte, die in versteckten Ecken liegen, w\u00e4hrend Sie durch die auf- und abw\u00e4rts f\u00fchrenden Gassen schlendern. Am unteren Ende des Dorfes befinden sich einige Touristengesch\u00e4fte sowie Minim\u00e4rkte, einladende Restaurants, Tavernen mit k\u00f6stlichen Speisen und Caf\u00e9s.<\/span><\/span><\/span><span style=\"font-family: Arial, sans-serif;\"><span style=\"font-size: small;\"><span style=\"color: #000000;\">Die meisten davon liegen rund um den zentralen, runden Platz.<\/span><\/span><\/span><\/p>\n<h2 style=\"text-align: center;\">Mietwagen in Pyrgos Santorini<\/h2>\n<p style=\"text-align: center;\"><span style=\"color: #000000;\"><span style=\"font-family: Arial, sans-serif;\"><span style=\"font-size: small;\">Dar\u00fcber hinaus ist die wirtschaftlichste L\u00f6sung, um jederzeit und \u00fcberall mobil zu sein, <\/span><\/span><\/span><strong><span style=\"color: #000000;\"><span style=\"font-family: Arial, sans-serif;\"><span style=\"font-size: small;\"><b>ein Auto zu mieten<\/b><\/span><\/span><\/span><\/strong><span style=\"color: #000000;\"><span style=\"font-family: Arial, sans-serif;\"><span style=\"font-size: small;\"> bei <a href=\"http:\/\/carhub.gr\/\">Carhub<\/a>. Fahren Sie Ihren <\/span><\/span><\/span><strong><span style=\"color: #000000;\"><span style=\"font-family: Arial, sans-serif;\"><span style=\"font-size: small;\"><b>Mietwagen auf Santorini<\/b><\/span><\/span><\/span><\/strong><span style=\"color: #000000;\"><span style=\"font-family: Arial, sans-serif;\"><span style=\"font-size: small;\"> von Pyrgos zu den Str\u00e4nden, nach Fira, Oia, zu arch\u00e4ologischen St\u00e4tten, Museen oder an jeden Ort, den Sie besuchen m\u00f6chten. Kein Warten auf den Bus und keine Taxikosten. Wenn Sie einen <\/span><\/span><\/span><strong><span style=\"color: #000000;\"><span style=\"font-family: Arial, sans-serif;\"><span style=\"font-size: small;\"><b>Mietwagenservice auf Santorini<\/b><\/span><\/span><\/span><\/strong><span style=\"color: #000000;\"><span style=\"font-family: Arial, sans-serif;\"><span style=\"font-size: small;\"> in Pyrgos suchen, machen wir es Ihnen leicht, da wir den <\/span><\/span><\/span><strong><span style=\"color: #000000;\"><span style=\"font-family: Arial, sans-serif;\"><span style=\"font-size: small;\"><b>Wagen<\/b><\/span><\/span><\/span><\/strong><span style=\"color: #000000;\"><span style=\"font-family: Arial, sans-serif;\"><span style=\"font-size: small;\"> Ihrer Wahl ohne zus\u00e4tzliche Kosten zu jedem Hotel in <\/span><\/span><\/span><strong><span style=\"color: #000000;\"><span style=\"font-family: Arial, sans-serif;\"><span style=\"font-size: small;\"><b>Pyrgos<\/b><\/span><\/span><\/span><\/strong><span style=\"color: #000000;\"><span style=\"font-family: Arial, sans-serif;\"><span style=\"font-size: small;\"> liefern k\u00f6nnen. W\u00e4hlen Sie das Fahrzeug, das Sie bevorzugen \u2013 manuell oder automatisch \u2013 und beginnen Sie, die Insel <\/span><\/span><\/span><strong><span style=\"color: #000000;\"><span style=\"font-family: Arial, sans-serif;\"><span style=\"font-size: small;\"><b>Santorini<\/b><\/span><\/span><\/span><\/strong><span style=\"color: #000000;\"><span style=\"font-family: Arial, sans-serif;\"><span style=\"font-size: small;\"> zu erkunden.<\/span><\/span><\/span><\/p>\n[\/vc_column_text][\/vc_column][\/vc_row]\n<\/div>","protected":false},"excerpt":{"rendered":"<p>[vc_row][vc_column][vc_column_text css=&#8220;&#8220;] Mietwagen in Pyrgos Santorini Zun\u00e4chst einmal ist Pyrgos einzigartig, da es das h\u00f6chstgelegene Dorf der gesamten Insel ist und beeindruckende Panoramablicke auf beide Seiten Santorinis bietet. Es liegt zudem an der Westk\u00fcste, etwa 8 Kilometer s\u00fcd\u00f6stlich von Fira, der Hauptstadt Santorinis. Dank seiner privilegierten Lage hebt es sich schon von Weitem ab. Der&hellip;<\/p>\n","protected":false},"author":2,"featured_media":0,"parent":0,"menu_order":0,"comment_status":"closed","ping_status":"closed","template":"templates\/no-sidebar.php","meta":{"footnotes":""},"class_list":["post-2995","page","type-page","status-publish","hentry","entry","no-media"],"yoast_head":"<!-- This site is optimized with the Yoast SEO plugin v27.2 - https:\/\/yoast.com\/product\/yoast-seo-wordpress\/ -->\n<title>Mietwagen in Pyrgos Santorini - Carhub<\/title>\n<meta name=\"robots\" content=\"index, follow, max-snippet:-1, max-image-preview:large, max-video-preview:-1\" \/>\n<link rel=\"canonical\" href=\"https:\/\/carhub.gr\/de\/mietwagen-in-pyrgos-santorini\/\" \/>\n<meta property=\"og:locale\" content=\"de_DE\" \/>\n<meta property=\"og:type\" content=\"article\" \/>\n<meta property=\"og:title\" content=\"Mietwagen in Pyrgos Santorini - Carhub\" \/>\n<meta property=\"og:description\" content=\"[vc_row][vc_column][vc_column_text css=&#8220;&#8220;] Mietwagen in Pyrgos Santorini Zun\u00e4chst einmal ist Pyrgos einzigartig, da es das h\u00f6chstgelegene Dorf der gesamten Insel ist und beeindruckende Panoramablicke auf beide Seiten Santorinis bietet. Es liegt zudem an der Westk\u00fcste, etwa 8 Kilometer s\u00fcd\u00f6stlich von Fira, der Hauptstadt Santorinis. Dank seiner privilegierten Lage hebt es sich schon von Weitem ab. Der&hellip;\" \/>\n<meta property=\"og:url\" content=\"https:\/\/carhub.gr\/de\/mietwagen-in-pyrgos-santorini\/\" \/>\n<meta property=\"og:site_name\" content=\"Carhub\" \/>\n<meta property=\"article:publisher\" content=\"https:\/\/www.facebook.com\/carhub.gr\/\" \/>\n<meta property=\"article:modified_time\" content=\"2026-01-09T11:47:05+00:00\" \/>\n<meta property=\"og:image\" content=\"https:\/\/carhub.gr\/wp-content\/uploads\/2026\/01\/31166987_10156662206010649_5894789570913894400_n-245x300-1.jpg\" \/>\n\t<meta property=\"og:image:width\" content=\"245\" \/>\n\t<meta property=\"og:image:height\" content=\"300\" \/>\n\t<meta property=\"og:image:type\" content=\"image\/jpeg\" \/>\n<meta name=\"twitter:card\" content=\"summary_large_image\" \/>\n<meta name=\"twitter:label1\" content=\"Gesch\u00e4tzte Lesezeit\" \/>\n\t<meta name=\"twitter:data1\" content=\"2\u00a0Minuten\" \/>\n<script type=\"application\/ld+json\" class=\"yoast-schema-graph\">{\"@context\":\"https:\/\/schema.org\",\"@graph\":[{\"@type\":\"WebPage\",\"@id\":\"https:\/\/carhub.gr\/de\/mietwagen-in-pyrgos-santorini\/\",\"url\":\"https:\/\/carhub.gr\/de\/mietwagen-in-pyrgos-santorini\/\",\"name\":\"Mietwagen in Pyrgos Santorini - Carhub\",\"isPartOf\":{\"@id\":\"https:\/\/carhub.gr\/de\/#website\"},\"primaryImageOfPage\":{\"@id\":\"https:\/\/carhub.gr\/de\/mietwagen-in-pyrgos-santorini\/#primaryimage\"},\"image\":{\"@id\":\"https:\/\/carhub.gr\/de\/mietwagen-in-pyrgos-santorini\/#primaryimage\"},\"thumbnailUrl\":\"https:\/\/carhub.gr\/wp-content\/uploads\/2026\/01\/31166987_10156662206010649_5894789570913894400_n-245x300-1.jpg\",\"datePublished\":\"2026-01-09T11:41:19+00:00\",\"dateModified\":\"2026-01-09T11:47:05+00:00\",\"breadcrumb\":{\"@id\":\"https:\/\/carhub.gr\/de\/mietwagen-in-pyrgos-santorini\/#breadcrumb\"},\"inLanguage\":\"de\",\"potentialAction\":[{\"@type\":\"ReadAction\",\"target\":[\"https:\/\/carhub.gr\/de\/mietwagen-in-pyrgos-santorini\/\"]}]},{\"@type\":\"ImageObject\",\"inLanguage\":\"de\",\"@id\":\"https:\/\/carhub.gr\/de\/mietwagen-in-pyrgos-santorini\/#primaryimage\",\"url\":\"https:\/\/carhub.gr\/wp-content\/uploads\/2026\/01\/31166987_10156662206010649_5894789570913894400_n-245x300-1.jpg\",\"contentUrl\":\"https:\/\/carhub.gr\/wp-content\/uploads\/2026\/01\/31166987_10156662206010649_5894789570913894400_n-245x300-1.jpg\"},{\"@type\":\"BreadcrumbList\",\"@id\":\"https:\/\/carhub.gr\/de\/mietwagen-in-pyrgos-santorini\/#breadcrumb\",\"itemListElement\":[{\"@type\":\"ListItem\",\"position\":1,\"name\":\"Home\",\"item\":\"https:\/\/carhub.gr\/de\/\"},{\"@type\":\"ListItem\",\"position\":2,\"name\":\"Mietwagen in Pyrgos Santorini\"}]},{\"@type\":\"WebSite\",\"@id\":\"https:\/\/carhub.gr\/de\/#website\",\"url\":\"https:\/\/carhub.gr\/de\/\",\"name\":\"Carhub\",\"description\":\"Rent a car Santorini - Santorini Car Hire\",\"publisher\":{\"@id\":\"https:\/\/carhub.gr\/de\/#organization\"},\"alternateName\":\"RENT A CAR SANTORINI - SANTORINI CAR RENTAL\",\"potentialAction\":[{\"@type\":\"SearchAction\",\"target\":{\"@type\":\"EntryPoint\",\"urlTemplate\":\"https:\/\/carhub.gr\/de\/?s={search_term_string}\"},\"query-input\":{\"@type\":\"PropertyValueSpecification\",\"valueRequired\":true,\"valueName\":\"search_term_string\"}}],\"inLanguage\":\"de\"},{\"@type\":\"Organization\",\"@id\":\"https:\/\/carhub.gr\/de\/#organization\",\"name\":\"Carhub\",\"url\":\"https:\/\/carhub.gr\/de\/\",\"logo\":{\"@type\":\"ImageObject\",\"inLanguage\":\"de\",\"@id\":\"https:\/\/carhub.gr\/de\/#\/schema\/logo\/image\/\",\"url\":\"https:\/\/carhub.gr\/wp-content\/uploads\/2025\/12\/logo-carhub-1.png\",\"contentUrl\":\"https:\/\/carhub.gr\/wp-content\/uploads\/2025\/12\/logo-carhub-1.png\",\"width\":182,\"height\":53,\"caption\":\"Carhub\"},\"image\":{\"@id\":\"https:\/\/carhub.gr\/de\/#\/schema\/logo\/image\/\"},\"sameAs\":[\"https:\/\/www.facebook.com\/carhub.gr\/\"]}]}<\/script>\n<!-- \/ Yoast SEO plugin. -->","yoast_head_json":{"title":"Mietwagen in Pyrgos Santorini - Carhub","robots":{"index":"index","follow":"follow","max-snippet":"max-snippet:-1","max-image-preview":"max-image-preview:large","max-video-preview":"max-video-preview:-1"},"canonical":"https:\/\/carhub.gr\/de\/mietwagen-in-pyrgos-santorini\/","og_locale":"de_DE","og_type":"article","og_title":"Mietwagen in Pyrgos Santorini - Carhub","og_description":"[vc_row][vc_column][vc_column_text css=&#8220;&#8220;] Mietwagen in Pyrgos Santorini Zun\u00e4chst einmal ist Pyrgos einzigartig, da es das h\u00f6chstgelegene Dorf der gesamten Insel ist und beeindruckende Panoramablicke auf beide Seiten Santorinis bietet. Es liegt zudem an der Westk\u00fcste, etwa 8 Kilometer s\u00fcd\u00f6stlich von Fira, der Hauptstadt Santorinis. Dank seiner privilegierten Lage hebt es sich schon von Weitem ab. Der&hellip;","og_url":"https:\/\/carhub.gr\/de\/mietwagen-in-pyrgos-santorini\/","og_site_name":"Carhub","article_publisher":"https:\/\/www.facebook.com\/carhub.gr\/","article_modified_time":"2026-01-09T11:47:05+00:00","og_image":[{"width":245,"height":300,"url":"https:\/\/carhub.gr\/wp-content\/uploads\/2026\/01\/31166987_10156662206010649_5894789570913894400_n-245x300-1.jpg","type":"image\/jpeg"}],"twitter_card":"summary_large_image","twitter_misc":{"Gesch\u00e4tzte Lesezeit":"2\u00a0Minuten"},"schema":{"@context":"https:\/\/schema.org","@graph":[{"@type":"WebPage","@id":"https:\/\/carhub.gr\/de\/mietwagen-in-pyrgos-santorini\/","url":"https:\/\/carhub.gr\/de\/mietwagen-in-pyrgos-santorini\/","name":"Mietwagen in Pyrgos Santorini - Carhub","isPartOf":{"@id":"https:\/\/carhub.gr\/de\/#website"},"primaryImageOfPage":{"@id":"https:\/\/carhub.gr\/de\/mietwagen-in-pyrgos-santorini\/#primaryimage"},"image":{"@id":"https:\/\/carhub.gr\/de\/mietwagen-in-pyrgos-santorini\/#primaryimage"},"thumbnailUrl":"https:\/\/carhub.gr\/wp-content\/uploads\/2026\/01\/31166987_10156662206010649_5894789570913894400_n-245x300-1.jpg","datePublished":"2026-01-09T11:41:19+00:00","dateModified":"2026-01-09T11:47:05+00:00","breadcrumb":{"@id":"https:\/\/carhub.gr\/de\/mietwagen-in-pyrgos-santorini\/#breadcrumb"},"inLanguage":"de","potentialAction":[{"@type":"ReadAction","target":["https:\/\/carhub.gr\/de\/mietwagen-in-pyrgos-santorini\/"]}]},{"@type":"ImageObject","inLanguage":"de","@id":"https:\/\/carhub.gr\/de\/mietwagen-in-pyrgos-santorini\/#primaryimage","url":"https:\/\/carhub.gr\/wp-content\/uploads\/2026\/01\/31166987_10156662206010649_5894789570913894400_n-245x300-1.jpg","contentUrl":"https:\/\/carhub.gr\/wp-content\/uploads\/2026\/01\/31166987_10156662206010649_5894789570913894400_n-245x300-1.jpg"},{"@type":"BreadcrumbList","@id":"https:\/\/carhub.gr\/de\/mietwagen-in-pyrgos-santorini\/#breadcrumb","itemListElement":[{"@type":"ListItem","position":1,"name":"Home","item":"https:\/\/carhub.gr\/de\/"},{"@type":"ListItem","position":2,"name":"Mietwagen in Pyrgos Santorini"}]},{"@type":"WebSite","@id":"https:\/\/carhub.gr\/de\/#website","url":"https:\/\/carhub.gr\/de\/","name":"Carhub","description":"Rent a car Santorini - Santorini Car Hire","publisher":{"@id":"https:\/\/carhub.gr\/de\/#organization"},"alternateName":"RENT A CAR SANTORINI - SANTORINI CAR RENTAL","potentialAction":[{"@type":"SearchAction","target":{"@type":"EntryPoint","urlTemplate":"https:\/\/carhub.gr\/de\/?s={search_term_string}"},"query-input":{"@type":"PropertyValueSpecification","valueRequired":true,"valueName":"search_term_string"}}],"inLanguage":"de"},{"@type":"Organization","@id":"https:\/\/carhub.gr\/de\/#organization","name":"Carhub","url":"https:\/\/carhub.gr\/de\/","logo":{"@type":"ImageObject","inLanguage":"de","@id":"https:\/\/carhub.gr\/de\/#\/schema\/logo\/image\/","url":"https:\/\/carhub.gr\/wp-content\/uploads\/2025\/12\/logo-carhub-1.png","contentUrl":"https:\/\/carhub.gr\/wp-content\/uploads\/2025\/12\/logo-carhub-1.png","width":182,"height":53,"caption":"Carhub"},"image":{"@id":"https:\/\/carhub.gr\/de\/#\/schema\/logo\/image\/"},"sameAs":["https:\/\/www.facebook.com\/carhub.gr\/"]}]}},"_links":{"self":[{"href":"https:\/\/carhub.gr\/de\/wp-json\/wp\/v2\/pages\/2995","targetHints":{"allow":["GET"]}}],"collection":[{"href":"https:\/\/carhub.gr\/de\/wp-json\/wp\/v2\/pages"}],"about":[{"href":"https:\/\/carhub.gr\/de\/wp-json\/wp\/v2\/types\/page"}],"author":[{"embeddable":true,"href":"https:\/\/carhub.gr\/de\/wp-json\/wp\/v2\/users\/2"}],"replies":[{"embeddable":true,"href":"https:\/\/carhub.gr\/de\/wp-json\/wp\/v2\/comments?post=2995"}],"version-history":[{"count":1,"href":"https:\/\/carhub.gr\/de\/wp-json\/wp\/v2\/pages\/2995\/revisions"}],"predecessor-version":[{"id":3007,"href":"https:\/\/carhub.gr\/de\/wp-json\/wp\/v2\/pages\/2995\/revisions\/3007"}],"wp:attachment":[{"href":"https:\/\/carhub.gr\/de\/wp-json\/wp\/v2\/media?parent=2995"}],"curies":[{"name":"wp","href":"https:\/\/api.w.org\/{rel}","templated":true}]}}