{"id":2969,"date":"2026-01-09T13:18:37","date_gmt":"2026-01-09T11:18:37","guid":{"rendered":"https:\/\/carhub.gr\/rental-car-akrotiri-santorini\/"},"modified":"2026-01-09T13:23:25","modified_gmt":"2026-01-09T11:23:25","slug":"mietwagen-in-akrotiri-santorini","status":"publish","type":"page","link":"https:\/\/carhub.gr\/de\/mietwagen-in-akrotiri-santorini\/","title":{"rendered":"Mietwagen in Akrotiri Santorini"},"content":{"rendered":"<div class=\"wpb-content-wrapper\">[vc_row][vc_column][vc_column_text css=&#8220;&#8220;]\n<h1 class=\"western\" style=\"text-align: center;\">Mietwagen in Akrotiri Santorini<\/h1>\n<figure id=\"attachment_2965\" aria-describedby=\"caption-attachment-2965\" style=\"width: 300px\" class=\"wp-caption aligncenter\"><img loading=\"lazy\" decoding=\"async\" class=\"wp-image-2965 size-full\" src=\"https:\/\/carhub.gr\/wp-content\/uploads\/2026\/01\/26857025_10156378774085649_98441017_n-300x290-1.jpg\" alt=\"mietwagen akrotiri\" width=\"300\" height=\"290\" \/><figcaption id=\"caption-attachment-2965\" class=\"wp-caption-text\">(Holen Sie Ihren Mietwagen in Akrotiri Santorini ab und besuchen Sie den roten Sandstrand)<\/figcaption><\/figure>\n<p style=\"text-align: center;\"><span style=\"font-family: Arial, sans-serif;\"><span style=\"font-size: small;\"><span style=\"color: #000000;\">Die Halbinsel <a href=\"https:\/\/en.wikipedia.org\/wiki\/Akrotiri_(Santorini)\" target=\"_blank\" rel=\"noopener noreferrer\">Akrotiri<\/a> ist nat\u00fcrlich bekannt f\u00fcr die ber\u00fchmten Ruinen aus der minoischen Zeit. Dennoch ist Akrotiri aus mehreren Gr\u00fcnden weniger bekannt. Der wichtigste Grund ist, dass die Stra\u00dfe zur arch\u00e4ologischen St\u00e4tte nicht einmal durch das Dorf f\u00fchrt. Die Touristen besichtigen die Ausgrabungen und fahren anschlie\u00dfend entweder zum n\u00e4chsten Punkt ihres Reiseplans oder an den Strand. Nur sehr wenige besuchen das Dorf selbst.<\/span><\/span><\/span><\/p>\n<p style=\"text-align: center;\"><span style=\"color: #000000; font-size: small; font-family: Arial, sans-serif;\">So gibt es auf einer Insel, die wahrscheinlich zu den beliebtesten Reisezielen Griechenlands geh\u00f6rt, ein Dorf mit vielen Eigenschaften einer abgelegenen Insel. Teilweise schlecht geschriebene Schilder vor Restaurants werben f\u00fcr Moussaka, griechischen Salat und frischen Fisch.<br \/>\n<\/span><span style=\"font-family: Arial, sans-serif;\"><span style=\"font-size: small;\"><span style=\"color: #000000;\">Kleine, familiengef\u00fchrte Restaurants bieten hausgemachte K\u00fcche an und kombinieren traditionelle Gerichte mit dem, was sie glauben, dass Touristen w\u00fcnschen. Da es sich im Wesentlichen um ein landwirtschaftlich gepr\u00e4gtes Dorf handelt, k\u00f6nnen Sie frisches Gem\u00fcse erwarten \u2013 besonders Tomaten zur Saison \u2013 und das Fleisch stammt m\u00f6glicherweise von der familieneigenen Farm. Einige Hotels sind sogar auf den landwirtschaftlichen Fl\u00e4chen der Familie gebaut. Wenn Sie zum Beispiel frische Ziegenmilch zu Ihrem Kaffee bestellen, bekommen Sie diese m\u00f6glicherweise tats\u00e4chlich.<\/span> <\/span><\/span><\/p>\n<h2 style=\"text-align: center;\">Mietwagen in Akrotiri Santorini<\/h2>\n<p style=\"text-align: center;\"><span style=\"color: #000000;\"><span style=\"font-family: Arial, sans-serif;\"><span style=\"font-size: small;\">Auf der Insel kann ein Mietwagen in Akrotiri Santorini sehr n\u00fctzlich sein. Da die Busse nicht sehr h\u00e4ufig fahren, ist es <\/span><\/span><\/span><strong><span style=\"color: #000000;\"><span style=\"font-family: Arial, sans-serif;\"><span style=\"font-size: small;\"><b><a href=\"http:\/\/carhub.gr\/\" target=\"_blank\" rel=\"noopener noreferrer\">ein Auto zu mieten<\/a><\/b><\/span><\/span><\/span><\/strong> <span style=\"color: #000000;\"><span style=\"font-family: Arial, sans-serif;\"><span style=\"font-size: small;\">wenn Sie <\/span><\/span><\/span><strong><span style=\"color: #000000;\"><span style=\"font-family: Arial, sans-serif;\"><span style=\"font-size: small;\"><b>in Akrotiri<\/b><\/span><\/span><\/span><\/strong> <span style=\"color: #000000;\"><span style=\"font-family: Arial, sans-serif;\"><span style=\"font-size: small;\">\u00fcbernachten, die beste L\u00f6sung, um sich fortzubewegen. Ganz zu schweigen davon, dass dies deutlich g\u00fcnstiger ist als die Nutzung von Taxis. Wir k\u00f6nnen Ihren<\/span><\/span><\/span><span style=\"color: #000000;\"> Mietwagen in Akrotiri Santorini<\/span> <span style=\"color: #000000;\"><span style=\"font-family: Arial, sans-serif;\"><span style=\"font-size: small;\">in allen Hotels<\/span><\/span><\/span><span style=\"color: #000000;\"><span style=\"font-family: Arial, sans-serif;\"><span style=\"font-size: small;\">ohne zus\u00e4tzliche Kosten liefern und abholen. Es stehen verschiedene Fahrzeugtypen zur Auswahl: Cabrio oder geschlossen, Automatik oder Schaltung, Economy oder Luxus \u2013 f\u00fcr maximale Freiheit, ohne Zeit zu verlieren.<\/span><\/span><\/span><\/p>\n[\/vc_column_text][\/vc_column][\/vc_row]\n<\/div>","protected":false},"excerpt":{"rendered":"<p>[vc_row][vc_column][vc_column_text css=&#8220;&#8220;] Mietwagen in Akrotiri Santorini Die Halbinsel Akrotiri ist nat\u00fcrlich bekannt f\u00fcr die ber\u00fchmten Ruinen aus der minoischen Zeit. Dennoch ist Akrotiri aus mehreren Gr\u00fcnden weniger bekannt. Der wichtigste Grund ist, dass die Stra\u00dfe zur arch\u00e4ologischen St\u00e4tte nicht einmal durch das Dorf f\u00fchrt. Die Touristen besichtigen die Ausgrabungen und fahren anschlie\u00dfend entweder zum n\u00e4chsten&hellip;<\/p>\n","protected":false},"author":2,"featured_media":0,"parent":0,"menu_order":0,"comment_status":"closed","ping_status":"closed","template":"templates\/no-sidebar.php","meta":{"footnotes":""},"class_list":["post-2969","page","type-page","status-publish","hentry","entry","no-media"],"yoast_head":"<!-- This site is optimized with the Yoast SEO plugin v27.2 - https:\/\/yoast.com\/product\/yoast-seo-wordpress\/ -->\n<title>Mietwagen in Akrotiri Santorini - Carhub<\/title>\n<meta name=\"robots\" content=\"index, follow, max-snippet:-1, max-image-preview:large, max-video-preview:-1\" \/>\n<link rel=\"canonical\" href=\"https:\/\/carhub.gr\/de\/mietwagen-in-akrotiri-santorini\/\" \/>\n<meta property=\"og:locale\" content=\"de_DE\" \/>\n<meta property=\"og:type\" content=\"article\" \/>\n<meta property=\"og:title\" content=\"Mietwagen in Akrotiri Santorini - Carhub\" \/>\n<meta property=\"og:description\" content=\"[vc_row][vc_column][vc_column_text css=&#8220;&#8220;] Mietwagen in Akrotiri Santorini Die Halbinsel Akrotiri ist nat\u00fcrlich bekannt f\u00fcr die ber\u00fchmten Ruinen aus der minoischen Zeit. Dennoch ist Akrotiri aus mehreren Gr\u00fcnden weniger bekannt. Der wichtigste Grund ist, dass die Stra\u00dfe zur arch\u00e4ologischen St\u00e4tte nicht einmal durch das Dorf f\u00fchrt. Die Touristen besichtigen die Ausgrabungen und fahren anschlie\u00dfend entweder zum n\u00e4chsten&hellip;\" \/>\n<meta property=\"og:url\" content=\"https:\/\/carhub.gr\/de\/mietwagen-in-akrotiri-santorini\/\" \/>\n<meta property=\"og:site_name\" content=\"Carhub\" \/>\n<meta property=\"article:publisher\" content=\"https:\/\/www.facebook.com\/carhub.gr\/\" \/>\n<meta property=\"article:modified_time\" content=\"2026-01-09T11:23:25+00:00\" \/>\n<meta property=\"og:image\" content=\"https:\/\/carhub.gr\/wp-content\/uploads\/2026\/01\/26857025_10156378774085649_98441017_n-300x290-1.jpg\" \/>\n\t<meta property=\"og:image:width\" content=\"300\" \/>\n\t<meta property=\"og:image:height\" content=\"290\" \/>\n\t<meta property=\"og:image:type\" content=\"image\/jpeg\" \/>\n<meta name=\"twitter:card\" content=\"summary_large_image\" \/>\n<meta name=\"twitter:label1\" content=\"Gesch\u00e4tzte Lesezeit\" \/>\n\t<meta name=\"twitter:data1\" content=\"2\u00a0Minuten\" \/>\n<script type=\"application\/ld+json\" class=\"yoast-schema-graph\">{\"@context\":\"https:\/\/schema.org\",\"@graph\":[{\"@type\":\"WebPage\",\"@id\":\"https:\/\/carhub.gr\/de\/mietwagen-in-akrotiri-santorini\/\",\"url\":\"https:\/\/carhub.gr\/de\/mietwagen-in-akrotiri-santorini\/\",\"name\":\"Mietwagen in Akrotiri Santorini - Carhub\",\"isPartOf\":{\"@id\":\"https:\/\/carhub.gr\/de\/#website\"},\"primaryImageOfPage\":{\"@id\":\"https:\/\/carhub.gr\/de\/mietwagen-in-akrotiri-santorini\/#primaryimage\"},\"image\":{\"@id\":\"https:\/\/carhub.gr\/de\/mietwagen-in-akrotiri-santorini\/#primaryimage\"},\"thumbnailUrl\":\"https:\/\/carhub.gr\/wp-content\/uploads\/2026\/01\/26857025_10156378774085649_98441017_n-300x290-1.jpg\",\"datePublished\":\"2026-01-09T11:18:37+00:00\",\"dateModified\":\"2026-01-09T11:23:25+00:00\",\"breadcrumb\":{\"@id\":\"https:\/\/carhub.gr\/de\/mietwagen-in-akrotiri-santorini\/#breadcrumb\"},\"inLanguage\":\"de\",\"potentialAction\":[{\"@type\":\"ReadAction\",\"target\":[\"https:\/\/carhub.gr\/de\/mietwagen-in-akrotiri-santorini\/\"]}]},{\"@type\":\"ImageObject\",\"inLanguage\":\"de\",\"@id\":\"https:\/\/carhub.gr\/de\/mietwagen-in-akrotiri-santorini\/#primaryimage\",\"url\":\"https:\/\/carhub.gr\/wp-content\/uploads\/2026\/01\/26857025_10156378774085649_98441017_n-300x290-1.jpg\",\"contentUrl\":\"https:\/\/carhub.gr\/wp-content\/uploads\/2026\/01\/26857025_10156378774085649_98441017_n-300x290-1.jpg\"},{\"@type\":\"BreadcrumbList\",\"@id\":\"https:\/\/carhub.gr\/de\/mietwagen-in-akrotiri-santorini\/#breadcrumb\",\"itemListElement\":[{\"@type\":\"ListItem\",\"position\":1,\"name\":\"Home\",\"item\":\"https:\/\/carhub.gr\/de\/\"},{\"@type\":\"ListItem\",\"position\":2,\"name\":\"Mietwagen in Akrotiri Santorini\"}]},{\"@type\":\"WebSite\",\"@id\":\"https:\/\/carhub.gr\/de\/#website\",\"url\":\"https:\/\/carhub.gr\/de\/\",\"name\":\"Carhub\",\"description\":\"Rent a car Santorini - Santorini Car Hire\",\"publisher\":{\"@id\":\"https:\/\/carhub.gr\/de\/#organization\"},\"alternateName\":\"RENT A CAR SANTORINI - SANTORINI CAR RENTAL\",\"potentialAction\":[{\"@type\":\"SearchAction\",\"target\":{\"@type\":\"EntryPoint\",\"urlTemplate\":\"https:\/\/carhub.gr\/de\/?s={search_term_string}\"},\"query-input\":{\"@type\":\"PropertyValueSpecification\",\"valueRequired\":true,\"valueName\":\"search_term_string\"}}],\"inLanguage\":\"de\"},{\"@type\":\"Organization\",\"@id\":\"https:\/\/carhub.gr\/de\/#organization\",\"name\":\"Carhub\",\"url\":\"https:\/\/carhub.gr\/de\/\",\"logo\":{\"@type\":\"ImageObject\",\"inLanguage\":\"de\",\"@id\":\"https:\/\/carhub.gr\/de\/#\/schema\/logo\/image\/\",\"url\":\"https:\/\/carhub.gr\/wp-content\/uploads\/2025\/12\/logo-carhub-1.png\",\"contentUrl\":\"https:\/\/carhub.gr\/wp-content\/uploads\/2025\/12\/logo-carhub-1.png\",\"width\":182,\"height\":53,\"caption\":\"Carhub\"},\"image\":{\"@id\":\"https:\/\/carhub.gr\/de\/#\/schema\/logo\/image\/\"},\"sameAs\":[\"https:\/\/www.facebook.com\/carhub.gr\/\"]}]}<\/script>\n<!-- \/ Yoast SEO plugin. -->","yoast_head_json":{"title":"Mietwagen in Akrotiri Santorini - Carhub","robots":{"index":"index","follow":"follow","max-snippet":"max-snippet:-1","max-image-preview":"max-image-preview:large","max-video-preview":"max-video-preview:-1"},"canonical":"https:\/\/carhub.gr\/de\/mietwagen-in-akrotiri-santorini\/","og_locale":"de_DE","og_type":"article","og_title":"Mietwagen in Akrotiri Santorini - Carhub","og_description":"[vc_row][vc_column][vc_column_text css=&#8220;&#8220;] Mietwagen in Akrotiri Santorini Die Halbinsel Akrotiri ist nat\u00fcrlich bekannt f\u00fcr die ber\u00fchmten Ruinen aus der minoischen Zeit. Dennoch ist Akrotiri aus mehreren Gr\u00fcnden weniger bekannt. Der wichtigste Grund ist, dass die Stra\u00dfe zur arch\u00e4ologischen St\u00e4tte nicht einmal durch das Dorf f\u00fchrt. Die Touristen besichtigen die Ausgrabungen und fahren anschlie\u00dfend entweder zum n\u00e4chsten&hellip;","og_url":"https:\/\/carhub.gr\/de\/mietwagen-in-akrotiri-santorini\/","og_site_name":"Carhub","article_publisher":"https:\/\/www.facebook.com\/carhub.gr\/","article_modified_time":"2026-01-09T11:23:25+00:00","og_image":[{"width":300,"height":290,"url":"https:\/\/carhub.gr\/wp-content\/uploads\/2026\/01\/26857025_10156378774085649_98441017_n-300x290-1.jpg","type":"image\/jpeg"}],"twitter_card":"summary_large_image","twitter_misc":{"Gesch\u00e4tzte Lesezeit":"2\u00a0Minuten"},"schema":{"@context":"https:\/\/schema.org","@graph":[{"@type":"WebPage","@id":"https:\/\/carhub.gr\/de\/mietwagen-in-akrotiri-santorini\/","url":"https:\/\/carhub.gr\/de\/mietwagen-in-akrotiri-santorini\/","name":"Mietwagen in Akrotiri Santorini - Carhub","isPartOf":{"@id":"https:\/\/carhub.gr\/de\/#website"},"primaryImageOfPage":{"@id":"https:\/\/carhub.gr\/de\/mietwagen-in-akrotiri-santorini\/#primaryimage"},"image":{"@id":"https:\/\/carhub.gr\/de\/mietwagen-in-akrotiri-santorini\/#primaryimage"},"thumbnailUrl":"https:\/\/carhub.gr\/wp-content\/uploads\/2026\/01\/26857025_10156378774085649_98441017_n-300x290-1.jpg","datePublished":"2026-01-09T11:18:37+00:00","dateModified":"2026-01-09T11:23:25+00:00","breadcrumb":{"@id":"https:\/\/carhub.gr\/de\/mietwagen-in-akrotiri-santorini\/#breadcrumb"},"inLanguage":"de","potentialAction":[{"@type":"ReadAction","target":["https:\/\/carhub.gr\/de\/mietwagen-in-akrotiri-santorini\/"]}]},{"@type":"ImageObject","inLanguage":"de","@id":"https:\/\/carhub.gr\/de\/mietwagen-in-akrotiri-santorini\/#primaryimage","url":"https:\/\/carhub.gr\/wp-content\/uploads\/2026\/01\/26857025_10156378774085649_98441017_n-300x290-1.jpg","contentUrl":"https:\/\/carhub.gr\/wp-content\/uploads\/2026\/01\/26857025_10156378774085649_98441017_n-300x290-1.jpg"},{"@type":"BreadcrumbList","@id":"https:\/\/carhub.gr\/de\/mietwagen-in-akrotiri-santorini\/#breadcrumb","itemListElement":[{"@type":"ListItem","position":1,"name":"Home","item":"https:\/\/carhub.gr\/de\/"},{"@type":"ListItem","position":2,"name":"Mietwagen in Akrotiri Santorini"}]},{"@type":"WebSite","@id":"https:\/\/carhub.gr\/de\/#website","url":"https:\/\/carhub.gr\/de\/","name":"Carhub","description":"Rent a car Santorini - Santorini Car Hire","publisher":{"@id":"https:\/\/carhub.gr\/de\/#organization"},"alternateName":"RENT A CAR SANTORINI - SANTORINI CAR RENTAL","potentialAction":[{"@type":"SearchAction","target":{"@type":"EntryPoint","urlTemplate":"https:\/\/carhub.gr\/de\/?s={search_term_string}"},"query-input":{"@type":"PropertyValueSpecification","valueRequired":true,"valueName":"search_term_string"}}],"inLanguage":"de"},{"@type":"Organization","@id":"https:\/\/carhub.gr\/de\/#organization","name":"Carhub","url":"https:\/\/carhub.gr\/de\/","logo":{"@type":"ImageObject","inLanguage":"de","@id":"https:\/\/carhub.gr\/de\/#\/schema\/logo\/image\/","url":"https:\/\/carhub.gr\/wp-content\/uploads\/2025\/12\/logo-carhub-1.png","contentUrl":"https:\/\/carhub.gr\/wp-content\/uploads\/2025\/12\/logo-carhub-1.png","width":182,"height":53,"caption":"Carhub"},"image":{"@id":"https:\/\/carhub.gr\/de\/#\/schema\/logo\/image\/"},"sameAs":["https:\/\/www.facebook.com\/carhub.gr\/"]}]}},"_links":{"self":[{"href":"https:\/\/carhub.gr\/de\/wp-json\/wp\/v2\/pages\/2969","targetHints":{"allow":["GET"]}}],"collection":[{"href":"https:\/\/carhub.gr\/de\/wp-json\/wp\/v2\/pages"}],"about":[{"href":"https:\/\/carhub.gr\/de\/wp-json\/wp\/v2\/types\/page"}],"author":[{"embeddable":true,"href":"https:\/\/carhub.gr\/de\/wp-json\/wp\/v2\/users\/2"}],"replies":[{"embeddable":true,"href":"https:\/\/carhub.gr\/de\/wp-json\/wp\/v2\/comments?post=2969"}],"version-history":[{"count":1,"href":"https:\/\/carhub.gr\/de\/wp-json\/wp\/v2\/pages\/2969\/revisions"}],"predecessor-version":[{"id":2980,"href":"https:\/\/carhub.gr\/de\/wp-json\/wp\/v2\/pages\/2969\/revisions\/2980"}],"wp:attachment":[{"href":"https:\/\/carhub.gr\/de\/wp-json\/wp\/v2\/media?parent=2969"}],"curies":[{"name":"wp","href":"https:\/\/api.w.org\/{rel}","templated":true}]}}