{"id":2946,"date":"2026-01-09T13:10:19","date_gmt":"2026-01-09T11:10:19","guid":{"rendered":"https:\/\/carhub.gr\/kamari-santorini-car-rental\/"},"modified":"2026-01-09T13:35:45","modified_gmt":"2026-01-09T11:35:45","slug":"mietwagen-in-kamari-santorini","status":"publish","type":"page","link":"https:\/\/carhub.gr\/de\/mietwagen-in-kamari-santorini\/","title":{"rendered":"Mietwagen in Kamari Santorini"},"content":{"rendered":"<div class=\"wpb-content-wrapper\">[vc_row][vc_column][vc_column_text css=&#8220;&#8220;]\n<h1 class=\"western\" style=\"text-align: center;\">Mietwagen in Kamari Santorini<\/h1>\n<figure id=\"attachment_2939\" aria-describedby=\"caption-attachment-2939\" style=\"width: 249px\" class=\"wp-caption aligncenter\"><img loading=\"lazy\" decoding=\"async\" class=\"wp-image-2939 size-full\" src=\"https:\/\/carhub.gr\/wp-content\/uploads\/2026\/01\/27045091_10156378774420649_673530811_n-249x300-1.jpg\" alt=\"Mietwagen in Kamari Santorini\" width=\"249\" height=\"300\" \/><figcaption id=\"caption-attachment-2939\" class=\"wp-caption-text\">(Mietwagen in Kamari Santorini)<\/figcaption><\/figure>\n<p style=\"text-align: center;\"><span style=\"color: #000000;\"><span style=\"font-family: Arial, sans-serif;\"><span style=\"font-size: small;\">Zun\u00e4chst einmal ist <a href=\"https:\/\/www.santorini-view.com\/kamari\/\" target=\"_blank\" rel=\"noopener noreferrer\">Kamari<\/a> ein K\u00fcstendorf an der s\u00fcd\u00f6stlichen K\u00fcste Santorinis, am n\u00f6rdlichen Fu\u00df des Berges Mesa Vouno, nur wenige Kilometer von der Hauptstadt entfernt. Sie erreichen Kamari bequem, indem Sie ein Auto bei <a href=\"http:\/\/carhub.gr\/\">Carhub<\/a> mieten. Der Name des Ortes stammt von einem kleinen Bogen, der Teil eines antiken Heiligtums zu Ehren des Gottes Poseidon war und sich am s\u00fcdlichen Ende des Strandes befand.<\/span><\/span><\/span><span style=\"font-family: Arial, sans-serif;\"><span style=\"font-size: small;\"><span style=\"color: #000000;\">Das Dorf verf\u00fcgt \u00fcber moderne Infrastruktur mit zahlreichen Annehmlichkeiten und beherbergt den Flughafen von Santorini. Entlang der K\u00fcste verl\u00e4uft eine lange Promenade, die zu einem angenehmen Spaziergang einl\u00e4dt und von Gesch\u00e4ften, Restaurants, Tavernen und Caf\u00e9-Bars ges\u00e4umt ist, in denen Sie entspannen und die Meeresbrise genie\u00dfen k\u00f6nnen. Au\u00dferdem haben Sie die M\u00f6glichkeit, traditionelle griechische Live-Musik zu h\u00f6ren. Dar\u00fcber hinaus befinden sich die einzigen Kinos der Insel in Kamari, darunter ein charmantes Open-Air-Kino, das von B\u00e4umen umgeben ist.<\/span> <\/span><\/span><\/p>\n<h2 style=\"text-align: center;\">Mietwagen in Kamari Santorini<\/h2>\n<p style=\"text-align: center;\"><span style=\"color: #000000;\"><span style=\"font-family: Arial, sans-serif;\"><span style=\"font-size: small;\">Ein Auto auf Santorini zu mieten ist im Vergleich zu anderen Verkehrsmitteln recht g\u00fcnstig und macht jeden Tag zu etwas Besonderem. Wir k\u00f6nnen den <strong><b>Mietwagen<\/b><\/strong> Ihrer Wahl \u2014 <strong><b>Automatik<\/b><\/strong>, Cabrio, <strong><b>Economy<\/b><\/strong> oder Luxus \u2014 ohne zus\u00e4tzliche Kosten zu jedem Hotel am Strand von Kamari liefern. Rufen Sie uns einfach an oder buchen Sie Ihren Mietwagen online, und wir treffen Sie an der Rezeption Ihres Hotels. Sie k\u00f6nnen das Fahrzeug am selben Ort oder an jedem anderen Ort Ihrer Wahl zur\u00fcckgeben.<\/span><\/span><\/span><\/p>\n[\/vc_column_text][\/vc_column][\/vc_row]\n<\/div>","protected":false},"excerpt":{"rendered":"<p>[vc_row][vc_column][vc_column_text css=&#8220;&#8220;] Mietwagen in Kamari Santorini Zun\u00e4chst einmal ist Kamari ein K\u00fcstendorf an der s\u00fcd\u00f6stlichen K\u00fcste Santorinis, am n\u00f6rdlichen Fu\u00df des Berges Mesa Vouno, nur wenige Kilometer von der Hauptstadt entfernt. Sie erreichen Kamari bequem, indem Sie ein Auto bei Carhub mieten. Der Name des Ortes stammt von einem kleinen Bogen, der Teil eines antiken&hellip;<\/p>\n","protected":false},"author":2,"featured_media":0,"parent":0,"menu_order":0,"comment_status":"closed","ping_status":"closed","template":"templates\/no-sidebar.php","meta":{"footnotes":""},"class_list":["post-2946","page","type-page","status-publish","hentry","entry","no-media"],"yoast_head":"<!-- This site is optimized with the Yoast SEO plugin v27.2 - https:\/\/yoast.com\/product\/yoast-seo-wordpress\/ -->\n<title>Mietwagen in Kamari Santorini - Carhub<\/title>\n<meta name=\"robots\" content=\"index, follow, max-snippet:-1, max-image-preview:large, max-video-preview:-1\" \/>\n<link rel=\"canonical\" href=\"https:\/\/carhub.gr\/de\/mietwagen-in-kamari-santorini\/\" \/>\n<meta property=\"og:locale\" content=\"de_DE\" \/>\n<meta property=\"og:type\" content=\"article\" \/>\n<meta property=\"og:title\" content=\"Mietwagen in Kamari Santorini - Carhub\" \/>\n<meta property=\"og:description\" content=\"[vc_row][vc_column][vc_column_text css=&#8220;&#8220;] Mietwagen in Kamari Santorini Zun\u00e4chst einmal ist Kamari ein K\u00fcstendorf an der s\u00fcd\u00f6stlichen K\u00fcste Santorinis, am n\u00f6rdlichen Fu\u00df des Berges Mesa Vouno, nur wenige Kilometer von der Hauptstadt entfernt. Sie erreichen Kamari bequem, indem Sie ein Auto bei Carhub mieten. Der Name des Ortes stammt von einem kleinen Bogen, der Teil eines antiken&hellip;\" \/>\n<meta property=\"og:url\" content=\"https:\/\/carhub.gr\/de\/mietwagen-in-kamari-santorini\/\" \/>\n<meta property=\"og:site_name\" content=\"Carhub\" \/>\n<meta property=\"article:publisher\" content=\"https:\/\/www.facebook.com\/carhub.gr\/\" \/>\n<meta property=\"article:modified_time\" content=\"2026-01-09T11:35:45+00:00\" \/>\n<meta property=\"og:image\" content=\"https:\/\/carhub.gr\/wp-content\/uploads\/2026\/01\/27045091_10156378774420649_673530811_n-249x300-1.jpg\" \/>\n\t<meta property=\"og:image:width\" content=\"249\" \/>\n\t<meta property=\"og:image:height\" content=\"300\" \/>\n\t<meta property=\"og:image:type\" content=\"image\/jpeg\" \/>\n<meta name=\"twitter:card\" content=\"summary_large_image\" \/>\n<meta name=\"twitter:label1\" content=\"Gesch\u00e4tzte Lesezeit\" \/>\n\t<meta name=\"twitter:data1\" content=\"2\u00a0Minuten\" \/>\n<script type=\"application\/ld+json\" class=\"yoast-schema-graph\">{\"@context\":\"https:\/\/schema.org\",\"@graph\":[{\"@type\":\"WebPage\",\"@id\":\"https:\/\/carhub.gr\/de\/mietwagen-in-kamari-santorini\/\",\"url\":\"https:\/\/carhub.gr\/de\/mietwagen-in-kamari-santorini\/\",\"name\":\"Mietwagen in Kamari Santorini - Carhub\",\"isPartOf\":{\"@id\":\"https:\/\/carhub.gr\/de\/#website\"},\"primaryImageOfPage\":{\"@id\":\"https:\/\/carhub.gr\/de\/mietwagen-in-kamari-santorini\/#primaryimage\"},\"image\":{\"@id\":\"https:\/\/carhub.gr\/de\/mietwagen-in-kamari-santorini\/#primaryimage\"},\"thumbnailUrl\":\"https:\/\/carhub.gr\/wp-content\/uploads\/2026\/01\/27045091_10156378774420649_673530811_n-249x300-1.jpg\",\"datePublished\":\"2026-01-09T11:10:19+00:00\",\"dateModified\":\"2026-01-09T11:35:45+00:00\",\"breadcrumb\":{\"@id\":\"https:\/\/carhub.gr\/de\/mietwagen-in-kamari-santorini\/#breadcrumb\"},\"inLanguage\":\"de\",\"potentialAction\":[{\"@type\":\"ReadAction\",\"target\":[\"https:\/\/carhub.gr\/de\/mietwagen-in-kamari-santorini\/\"]}]},{\"@type\":\"ImageObject\",\"inLanguage\":\"de\",\"@id\":\"https:\/\/carhub.gr\/de\/mietwagen-in-kamari-santorini\/#primaryimage\",\"url\":\"https:\/\/carhub.gr\/wp-content\/uploads\/2026\/01\/27045091_10156378774420649_673530811_n-249x300-1.jpg\",\"contentUrl\":\"https:\/\/carhub.gr\/wp-content\/uploads\/2026\/01\/27045091_10156378774420649_673530811_n-249x300-1.jpg\"},{\"@type\":\"BreadcrumbList\",\"@id\":\"https:\/\/carhub.gr\/de\/mietwagen-in-kamari-santorini\/#breadcrumb\",\"itemListElement\":[{\"@type\":\"ListItem\",\"position\":1,\"name\":\"Home\",\"item\":\"https:\/\/carhub.gr\/de\/\"},{\"@type\":\"ListItem\",\"position\":2,\"name\":\"Mietwagen in Kamari Santorini\"}]},{\"@type\":\"WebSite\",\"@id\":\"https:\/\/carhub.gr\/de\/#website\",\"url\":\"https:\/\/carhub.gr\/de\/\",\"name\":\"Carhub\",\"description\":\"Rent a car Santorini - Santorini Car Hire\",\"publisher\":{\"@id\":\"https:\/\/carhub.gr\/de\/#organization\"},\"alternateName\":\"RENT A CAR SANTORINI - SANTORINI CAR RENTAL\",\"potentialAction\":[{\"@type\":\"SearchAction\",\"target\":{\"@type\":\"EntryPoint\",\"urlTemplate\":\"https:\/\/carhub.gr\/de\/?s={search_term_string}\"},\"query-input\":{\"@type\":\"PropertyValueSpecification\",\"valueRequired\":true,\"valueName\":\"search_term_string\"}}],\"inLanguage\":\"de\"},{\"@type\":\"Organization\",\"@id\":\"https:\/\/carhub.gr\/de\/#organization\",\"name\":\"Carhub\",\"url\":\"https:\/\/carhub.gr\/de\/\",\"logo\":{\"@type\":\"ImageObject\",\"inLanguage\":\"de\",\"@id\":\"https:\/\/carhub.gr\/de\/#\/schema\/logo\/image\/\",\"url\":\"https:\/\/carhub.gr\/wp-content\/uploads\/2025\/12\/logo-carhub-1.png\",\"contentUrl\":\"https:\/\/carhub.gr\/wp-content\/uploads\/2025\/12\/logo-carhub-1.png\",\"width\":182,\"height\":53,\"caption\":\"Carhub\"},\"image\":{\"@id\":\"https:\/\/carhub.gr\/de\/#\/schema\/logo\/image\/\"},\"sameAs\":[\"https:\/\/www.facebook.com\/carhub.gr\/\"]}]}<\/script>\n<!-- \/ Yoast SEO plugin. -->","yoast_head_json":{"title":"Mietwagen in Kamari Santorini - Carhub","robots":{"index":"index","follow":"follow","max-snippet":"max-snippet:-1","max-image-preview":"max-image-preview:large","max-video-preview":"max-video-preview:-1"},"canonical":"https:\/\/carhub.gr\/de\/mietwagen-in-kamari-santorini\/","og_locale":"de_DE","og_type":"article","og_title":"Mietwagen in Kamari Santorini - Carhub","og_description":"[vc_row][vc_column][vc_column_text css=&#8220;&#8220;] Mietwagen in Kamari Santorini Zun\u00e4chst einmal ist Kamari ein K\u00fcstendorf an der s\u00fcd\u00f6stlichen K\u00fcste Santorinis, am n\u00f6rdlichen Fu\u00df des Berges Mesa Vouno, nur wenige Kilometer von der Hauptstadt entfernt. Sie erreichen Kamari bequem, indem Sie ein Auto bei Carhub mieten. Der Name des Ortes stammt von einem kleinen Bogen, der Teil eines antiken&hellip;","og_url":"https:\/\/carhub.gr\/de\/mietwagen-in-kamari-santorini\/","og_site_name":"Carhub","article_publisher":"https:\/\/www.facebook.com\/carhub.gr\/","article_modified_time":"2026-01-09T11:35:45+00:00","og_image":[{"width":249,"height":300,"url":"https:\/\/carhub.gr\/wp-content\/uploads\/2026\/01\/27045091_10156378774420649_673530811_n-249x300-1.jpg","type":"image\/jpeg"}],"twitter_card":"summary_large_image","twitter_misc":{"Gesch\u00e4tzte Lesezeit":"2\u00a0Minuten"},"schema":{"@context":"https:\/\/schema.org","@graph":[{"@type":"WebPage","@id":"https:\/\/carhub.gr\/de\/mietwagen-in-kamari-santorini\/","url":"https:\/\/carhub.gr\/de\/mietwagen-in-kamari-santorini\/","name":"Mietwagen in Kamari Santorini - Carhub","isPartOf":{"@id":"https:\/\/carhub.gr\/de\/#website"},"primaryImageOfPage":{"@id":"https:\/\/carhub.gr\/de\/mietwagen-in-kamari-santorini\/#primaryimage"},"image":{"@id":"https:\/\/carhub.gr\/de\/mietwagen-in-kamari-santorini\/#primaryimage"},"thumbnailUrl":"https:\/\/carhub.gr\/wp-content\/uploads\/2026\/01\/27045091_10156378774420649_673530811_n-249x300-1.jpg","datePublished":"2026-01-09T11:10:19+00:00","dateModified":"2026-01-09T11:35:45+00:00","breadcrumb":{"@id":"https:\/\/carhub.gr\/de\/mietwagen-in-kamari-santorini\/#breadcrumb"},"inLanguage":"de","potentialAction":[{"@type":"ReadAction","target":["https:\/\/carhub.gr\/de\/mietwagen-in-kamari-santorini\/"]}]},{"@type":"ImageObject","inLanguage":"de","@id":"https:\/\/carhub.gr\/de\/mietwagen-in-kamari-santorini\/#primaryimage","url":"https:\/\/carhub.gr\/wp-content\/uploads\/2026\/01\/27045091_10156378774420649_673530811_n-249x300-1.jpg","contentUrl":"https:\/\/carhub.gr\/wp-content\/uploads\/2026\/01\/27045091_10156378774420649_673530811_n-249x300-1.jpg"},{"@type":"BreadcrumbList","@id":"https:\/\/carhub.gr\/de\/mietwagen-in-kamari-santorini\/#breadcrumb","itemListElement":[{"@type":"ListItem","position":1,"name":"Home","item":"https:\/\/carhub.gr\/de\/"},{"@type":"ListItem","position":2,"name":"Mietwagen in Kamari Santorini"}]},{"@type":"WebSite","@id":"https:\/\/carhub.gr\/de\/#website","url":"https:\/\/carhub.gr\/de\/","name":"Carhub","description":"Rent a car Santorini - Santorini Car Hire","publisher":{"@id":"https:\/\/carhub.gr\/de\/#organization"},"alternateName":"RENT A CAR SANTORINI - SANTORINI CAR RENTAL","potentialAction":[{"@type":"SearchAction","target":{"@type":"EntryPoint","urlTemplate":"https:\/\/carhub.gr\/de\/?s={search_term_string}"},"query-input":{"@type":"PropertyValueSpecification","valueRequired":true,"valueName":"search_term_string"}}],"inLanguage":"de"},{"@type":"Organization","@id":"https:\/\/carhub.gr\/de\/#organization","name":"Carhub","url":"https:\/\/carhub.gr\/de\/","logo":{"@type":"ImageObject","inLanguage":"de","@id":"https:\/\/carhub.gr\/de\/#\/schema\/logo\/image\/","url":"https:\/\/carhub.gr\/wp-content\/uploads\/2025\/12\/logo-carhub-1.png","contentUrl":"https:\/\/carhub.gr\/wp-content\/uploads\/2025\/12\/logo-carhub-1.png","width":182,"height":53,"caption":"Carhub"},"image":{"@id":"https:\/\/carhub.gr\/de\/#\/schema\/logo\/image\/"},"sameAs":["https:\/\/www.facebook.com\/carhub.gr\/"]}]}},"_links":{"self":[{"href":"https:\/\/carhub.gr\/de\/wp-json\/wp\/v2\/pages\/2946","targetHints":{"allow":["GET"]}}],"collection":[{"href":"https:\/\/carhub.gr\/de\/wp-json\/wp\/v2\/pages"}],"about":[{"href":"https:\/\/carhub.gr\/de\/wp-json\/wp\/v2\/types\/page"}],"author":[{"embeddable":true,"href":"https:\/\/carhub.gr\/de\/wp-json\/wp\/v2\/users\/2"}],"replies":[{"embeddable":true,"href":"https:\/\/carhub.gr\/de\/wp-json\/wp\/v2\/comments?post=2946"}],"version-history":[{"count":2,"href":"https:\/\/carhub.gr\/de\/wp-json\/wp\/v2\/pages\/2946\/revisions"}],"predecessor-version":[{"id":2960,"href":"https:\/\/carhub.gr\/de\/wp-json\/wp\/v2\/pages\/2946\/revisions\/2960"}],"wp:attachment":[{"href":"https:\/\/carhub.gr\/de\/wp-json\/wp\/v2\/media?parent=2946"}],"curies":[{"name":"wp","href":"https:\/\/api.w.org\/{rel}","templated":true}]}}