{"id":2924,"date":"2026-01-09T13:01:17","date_gmt":"2026-01-09T11:01:17","guid":{"rendered":"https:\/\/carhub.gr\/rental-cars-oia-santorini\/"},"modified":"2026-01-09T13:05:39","modified_gmt":"2026-01-09T11:05:39","slug":"mietwagen-in-oia-santorini","status":"publish","type":"page","link":"https:\/\/carhub.gr\/de\/mietwagen-in-oia-santorini\/","title":{"rendered":"Mietwagen in Oia Santorini"},"content":{"rendered":"<div class=\"wpb-content-wrapper\">[vc_row][vc_column][vc_column_text css=&#8220;&#8220;]\n<h1 class=\"western\" style=\"text-align: center;\">Mietwagen in Oia Santorini<\/h1>\n<figure id=\"attachment_2919\" aria-describedby=\"caption-attachment-2919\" style=\"width: 244px\" class=\"wp-caption aligncenter\"><a href=\"https:\/\/www.tripadvisor.com\/Tourism-g482941-Oia_Santorini_Cyclades_South_Aegean-Vacations.html\" target=\"_blank\" rel=\"noopener noreferrer\"><img loading=\"lazy\" decoding=\"async\" class=\"wp-image-2919 size-full\" src=\"https:\/\/carhub.gr\/wp-content\/uploads\/2026\/01\/30740029_10156651300655649_3487170955069882368_n-244x300-1.jpg\" alt=\"\" width=\"244\" height=\"300\" \/><\/a><figcaption id=\"caption-attachment-2919\" class=\"wp-caption-text\">Mietwagen in Oia Santorini<\/figcaption><\/figure>\n<p style=\"text-align: center;\"><span style=\"color: #000000;\"><span style=\"font-family: Arial, sans-serif;\"><span style=\"font-size: small;\"><a href=\"https:\/\/www.tripadvisor.com\/Tourism-g482941-Oia_Santorini_Cyclades_South_Aegean-Vacations.html\" target=\"_blank\" rel=\"noopener noreferrer\">Oia<\/a>, ausgesprochen Ia, ist das ber\u00fchmteste Dorf Santorinis. Weltweit bekannt f\u00fcr seine ruhige Atmosph\u00e4re und die fantastischen Sonnenunterg\u00e4nge, gilt es als das sch\u00f6nste und malerischste Dorf der Insel. Das Dorf liegt auf der Spitze einer beeindruckenden Klippe und bietet einen spektakul\u00e4ren Blick auf die Vulkane Palea und Nea Kameni sowie auf die Insel Thirassia. Oia befindet sich im Norden der Insel, 11 km von Fira entfernt. Es ist ein traditionelles Dorf mit charmanten H\u00e4usern in engen Gassen, Kirchen mit blauen Kuppeln und sonnendurchfluteten Veranden. In den Stra\u00dfen gibt es zahlreiche Souvenirl\u00e4den, Tavernen, Caf\u00e9s und andere Gesch\u00e4fte.<\/span><\/span><\/span><\/p>\n<p style=\"text-align: center;\"><span style=\"color: #000000;\"><span style=\"font-family: Arial, sans-serif;\"><span style=\"font-size: small;\"> Oia ist deutlich ruhiger als Fira, und der belebteste Bereich ist die zentrale Fu\u00dfg\u00e4ngerzone, die sich entlang des Dorfes erstreckt. Am Eingang des Dorfes befindet sich ein Parkplatz, auf dem Besucher ihr Fahrzeug abstellen und ausgedehnte Spazierg\u00e4nge auf den malerischen Wegen genie\u00dfen k\u00f6nnen. Der Vulkan wirkt von hier aus weniger imposant, dennoch lassen sich wundersch\u00f6ne Ausblicke genie\u00dfen. <\/span><\/span><\/span><span style=\"color: #000000;\"><span style=\"font-family: Arial, sans-serif;\"><span style=\"font-size: small;\"><span style=\"font-family: Arial, Helvetica, sans-serif;\">Oia verf\u00fcgt au\u00dferdem \u00fcber einen kleinen Hafen, Ammoudi, der \u00fcber etwa 300 Stufen erreichbar ist. Von dort aus k\u00f6nnen kleine Boote Sie zur gegen\u00fcberliegenden Insel Thirassia bringen. Auch der Strand von Armenis befindet sich dort. Die Tavernen in Oia bieten ihren G\u00e4sten k\u00f6stliche Gerichte mit frischem Fisch an. <\/span><\/span><\/span><\/span><\/p>\n<h3 style=\"text-align: center;\">Mietwagen auf Santorini in Oia \u2013 Auto mieten auf Santorini \u2013 Autovermietung am Hafen und Flughafen<\/h3>\n<p style=\"text-align: center;\"><span style=\"color: #000000;\"><span style=\"font-family: Arial, sans-serif;\"><span style=\"font-size: small;\">Wir k\u00f6nnen Ihren <strong><b><a href=\"http:\/\/carhub.gr\/\">Mietwagen auf Santorini<\/a> in Oia<\/b><\/strong> liefern, sofern sich Ihr Hotel in dieser Region befindet. Taxis nach Oia sind recht teuer und die Busse in der Regel \u00fcberf\u00fcllt. Daher empfehlen wir Ihnen dringend, wenn Sie sich entschieden haben, <strong><b>ein Auto<\/b><\/strong> f\u00fcr Ihren Aufenthalt <strong><b>auf Santorini<\/b><\/strong> zu mieten, das Fahrzeug am Hafen oder am Flughafen abzuholen und zur\u00fcckzugeben, um Transferkosten zu sparen. Bitte kontaktieren Sie uns abschlie\u00dfend f\u00fcr weitere Details zur Lieferung oder R\u00fcckgabe Ihres <em>Mietwagens auf Santorini<\/em> in <em>Oia<\/em>.<\/span><\/span><\/span><\/p>\n[\/vc_column_text][\/vc_column][\/vc_row]\n<\/div>","protected":false},"excerpt":{"rendered":"<p>[vc_row][vc_column][vc_column_text css=&#8220;&#8220;] Mietwagen in Oia Santorini Oia, ausgesprochen Ia, ist das ber\u00fchmteste Dorf Santorinis. Weltweit bekannt f\u00fcr seine ruhige Atmosph\u00e4re und die fantastischen Sonnenunterg\u00e4nge, gilt es als das sch\u00f6nste und malerischste Dorf der Insel. Das Dorf liegt auf der Spitze einer beeindruckenden Klippe und bietet einen spektakul\u00e4ren Blick auf die Vulkane Palea und Nea Kameni&hellip;<\/p>\n","protected":false},"author":2,"featured_media":0,"parent":0,"menu_order":0,"comment_status":"closed","ping_status":"closed","template":"templates\/no-sidebar.php","meta":{"footnotes":""},"class_list":["post-2924","page","type-page","status-publish","hentry","entry","no-media"],"yoast_head":"<!-- This site is optimized with the Yoast SEO plugin v27.2 - https:\/\/yoast.com\/product\/yoast-seo-wordpress\/ -->\n<title>Mietwagen in Oia Santorini - Carhub<\/title>\n<meta name=\"robots\" content=\"index, follow, max-snippet:-1, max-image-preview:large, max-video-preview:-1\" \/>\n<link rel=\"canonical\" href=\"https:\/\/carhub.gr\/de\/mietwagen-in-oia-santorini\/\" \/>\n<meta property=\"og:locale\" content=\"de_DE\" \/>\n<meta property=\"og:type\" content=\"article\" \/>\n<meta property=\"og:title\" content=\"Mietwagen in Oia Santorini - Carhub\" \/>\n<meta property=\"og:description\" content=\"[vc_row][vc_column][vc_column_text css=&#8220;&#8220;] Mietwagen in Oia Santorini Oia, ausgesprochen Ia, ist das ber\u00fchmteste Dorf Santorinis. Weltweit bekannt f\u00fcr seine ruhige Atmosph\u00e4re und die fantastischen Sonnenunterg\u00e4nge, gilt es als das sch\u00f6nste und malerischste Dorf der Insel. Das Dorf liegt auf der Spitze einer beeindruckenden Klippe und bietet einen spektakul\u00e4ren Blick auf die Vulkane Palea und Nea Kameni&hellip;\" \/>\n<meta property=\"og:url\" content=\"https:\/\/carhub.gr\/de\/mietwagen-in-oia-santorini\/\" \/>\n<meta property=\"og:site_name\" content=\"Carhub\" \/>\n<meta property=\"article:publisher\" content=\"https:\/\/www.facebook.com\/carhub.gr\/\" \/>\n<meta property=\"article:modified_time\" content=\"2026-01-09T11:05:39+00:00\" \/>\n<meta property=\"og:image\" content=\"https:\/\/carhub.gr\/wp-content\/uploads\/2026\/01\/30740029_10156651300655649_3487170955069882368_n-244x300-1.jpg\" \/>\n\t<meta property=\"og:image:width\" content=\"244\" \/>\n\t<meta property=\"og:image:height\" content=\"300\" \/>\n\t<meta property=\"og:image:type\" content=\"image\/jpeg\" \/>\n<meta name=\"twitter:card\" content=\"summary_large_image\" \/>\n<meta name=\"twitter:label1\" content=\"Gesch\u00e4tzte Lesezeit\" \/>\n\t<meta name=\"twitter:data1\" content=\"2\u00a0Minuten\" \/>\n<script type=\"application\/ld+json\" class=\"yoast-schema-graph\">{\"@context\":\"https:\/\/schema.org\",\"@graph\":[{\"@type\":\"WebPage\",\"@id\":\"https:\/\/carhub.gr\/de\/mietwagen-in-oia-santorini\/\",\"url\":\"https:\/\/carhub.gr\/de\/mietwagen-in-oia-santorini\/\",\"name\":\"Mietwagen in Oia Santorini - Carhub\",\"isPartOf\":{\"@id\":\"https:\/\/carhub.gr\/de\/#website\"},\"primaryImageOfPage\":{\"@id\":\"https:\/\/carhub.gr\/de\/mietwagen-in-oia-santorini\/#primaryimage\"},\"image\":{\"@id\":\"https:\/\/carhub.gr\/de\/mietwagen-in-oia-santorini\/#primaryimage\"},\"thumbnailUrl\":\"https:\/\/carhub.gr\/wp-content\/uploads\/2026\/01\/30740029_10156651300655649_3487170955069882368_n-244x300-1.jpg\",\"datePublished\":\"2026-01-09T11:01:17+00:00\",\"dateModified\":\"2026-01-09T11:05:39+00:00\",\"breadcrumb\":{\"@id\":\"https:\/\/carhub.gr\/de\/mietwagen-in-oia-santorini\/#breadcrumb\"},\"inLanguage\":\"de\",\"potentialAction\":[{\"@type\":\"ReadAction\",\"target\":[\"https:\/\/carhub.gr\/de\/mietwagen-in-oia-santorini\/\"]}]},{\"@type\":\"ImageObject\",\"inLanguage\":\"de\",\"@id\":\"https:\/\/carhub.gr\/de\/mietwagen-in-oia-santorini\/#primaryimage\",\"url\":\"https:\/\/carhub.gr\/wp-content\/uploads\/2026\/01\/30740029_10156651300655649_3487170955069882368_n-244x300-1.jpg\",\"contentUrl\":\"https:\/\/carhub.gr\/wp-content\/uploads\/2026\/01\/30740029_10156651300655649_3487170955069882368_n-244x300-1.jpg\"},{\"@type\":\"BreadcrumbList\",\"@id\":\"https:\/\/carhub.gr\/de\/mietwagen-in-oia-santorini\/#breadcrumb\",\"itemListElement\":[{\"@type\":\"ListItem\",\"position\":1,\"name\":\"Home\",\"item\":\"https:\/\/carhub.gr\/de\/\"},{\"@type\":\"ListItem\",\"position\":2,\"name\":\"Mietwagen in Oia Santorini\"}]},{\"@type\":\"WebSite\",\"@id\":\"https:\/\/carhub.gr\/de\/#website\",\"url\":\"https:\/\/carhub.gr\/de\/\",\"name\":\"Carhub\",\"description\":\"Rent a car Santorini - Santorini Car Hire\",\"publisher\":{\"@id\":\"https:\/\/carhub.gr\/de\/#organization\"},\"alternateName\":\"RENT A CAR SANTORINI - SANTORINI CAR RENTAL\",\"potentialAction\":[{\"@type\":\"SearchAction\",\"target\":{\"@type\":\"EntryPoint\",\"urlTemplate\":\"https:\/\/carhub.gr\/de\/?s={search_term_string}\"},\"query-input\":{\"@type\":\"PropertyValueSpecification\",\"valueRequired\":true,\"valueName\":\"search_term_string\"}}],\"inLanguage\":\"de\"},{\"@type\":\"Organization\",\"@id\":\"https:\/\/carhub.gr\/de\/#organization\",\"name\":\"Carhub\",\"url\":\"https:\/\/carhub.gr\/de\/\",\"logo\":{\"@type\":\"ImageObject\",\"inLanguage\":\"de\",\"@id\":\"https:\/\/carhub.gr\/de\/#\/schema\/logo\/image\/\",\"url\":\"https:\/\/carhub.gr\/wp-content\/uploads\/2025\/12\/logo-carhub-1.png\",\"contentUrl\":\"https:\/\/carhub.gr\/wp-content\/uploads\/2025\/12\/logo-carhub-1.png\",\"width\":182,\"height\":53,\"caption\":\"Carhub\"},\"image\":{\"@id\":\"https:\/\/carhub.gr\/de\/#\/schema\/logo\/image\/\"},\"sameAs\":[\"https:\/\/www.facebook.com\/carhub.gr\/\"]}]}<\/script>\n<!-- \/ Yoast SEO plugin. -->","yoast_head_json":{"title":"Mietwagen in Oia Santorini - Carhub","robots":{"index":"index","follow":"follow","max-snippet":"max-snippet:-1","max-image-preview":"max-image-preview:large","max-video-preview":"max-video-preview:-1"},"canonical":"https:\/\/carhub.gr\/de\/mietwagen-in-oia-santorini\/","og_locale":"de_DE","og_type":"article","og_title":"Mietwagen in Oia Santorini - Carhub","og_description":"[vc_row][vc_column][vc_column_text css=&#8220;&#8220;] Mietwagen in Oia Santorini Oia, ausgesprochen Ia, ist das ber\u00fchmteste Dorf Santorinis. Weltweit bekannt f\u00fcr seine ruhige Atmosph\u00e4re und die fantastischen Sonnenunterg\u00e4nge, gilt es als das sch\u00f6nste und malerischste Dorf der Insel. Das Dorf liegt auf der Spitze einer beeindruckenden Klippe und bietet einen spektakul\u00e4ren Blick auf die Vulkane Palea und Nea Kameni&hellip;","og_url":"https:\/\/carhub.gr\/de\/mietwagen-in-oia-santorini\/","og_site_name":"Carhub","article_publisher":"https:\/\/www.facebook.com\/carhub.gr\/","article_modified_time":"2026-01-09T11:05:39+00:00","og_image":[{"width":244,"height":300,"url":"https:\/\/carhub.gr\/wp-content\/uploads\/2026\/01\/30740029_10156651300655649_3487170955069882368_n-244x300-1.jpg","type":"image\/jpeg"}],"twitter_card":"summary_large_image","twitter_misc":{"Gesch\u00e4tzte Lesezeit":"2\u00a0Minuten"},"schema":{"@context":"https:\/\/schema.org","@graph":[{"@type":"WebPage","@id":"https:\/\/carhub.gr\/de\/mietwagen-in-oia-santorini\/","url":"https:\/\/carhub.gr\/de\/mietwagen-in-oia-santorini\/","name":"Mietwagen in Oia Santorini - Carhub","isPartOf":{"@id":"https:\/\/carhub.gr\/de\/#website"},"primaryImageOfPage":{"@id":"https:\/\/carhub.gr\/de\/mietwagen-in-oia-santorini\/#primaryimage"},"image":{"@id":"https:\/\/carhub.gr\/de\/mietwagen-in-oia-santorini\/#primaryimage"},"thumbnailUrl":"https:\/\/carhub.gr\/wp-content\/uploads\/2026\/01\/30740029_10156651300655649_3487170955069882368_n-244x300-1.jpg","datePublished":"2026-01-09T11:01:17+00:00","dateModified":"2026-01-09T11:05:39+00:00","breadcrumb":{"@id":"https:\/\/carhub.gr\/de\/mietwagen-in-oia-santorini\/#breadcrumb"},"inLanguage":"de","potentialAction":[{"@type":"ReadAction","target":["https:\/\/carhub.gr\/de\/mietwagen-in-oia-santorini\/"]}]},{"@type":"ImageObject","inLanguage":"de","@id":"https:\/\/carhub.gr\/de\/mietwagen-in-oia-santorini\/#primaryimage","url":"https:\/\/carhub.gr\/wp-content\/uploads\/2026\/01\/30740029_10156651300655649_3487170955069882368_n-244x300-1.jpg","contentUrl":"https:\/\/carhub.gr\/wp-content\/uploads\/2026\/01\/30740029_10156651300655649_3487170955069882368_n-244x300-1.jpg"},{"@type":"BreadcrumbList","@id":"https:\/\/carhub.gr\/de\/mietwagen-in-oia-santorini\/#breadcrumb","itemListElement":[{"@type":"ListItem","position":1,"name":"Home","item":"https:\/\/carhub.gr\/de\/"},{"@type":"ListItem","position":2,"name":"Mietwagen in Oia Santorini"}]},{"@type":"WebSite","@id":"https:\/\/carhub.gr\/de\/#website","url":"https:\/\/carhub.gr\/de\/","name":"Carhub","description":"Rent a car Santorini - Santorini Car Hire","publisher":{"@id":"https:\/\/carhub.gr\/de\/#organization"},"alternateName":"RENT A CAR SANTORINI - SANTORINI CAR RENTAL","potentialAction":[{"@type":"SearchAction","target":{"@type":"EntryPoint","urlTemplate":"https:\/\/carhub.gr\/de\/?s={search_term_string}"},"query-input":{"@type":"PropertyValueSpecification","valueRequired":true,"valueName":"search_term_string"}}],"inLanguage":"de"},{"@type":"Organization","@id":"https:\/\/carhub.gr\/de\/#organization","name":"Carhub","url":"https:\/\/carhub.gr\/de\/","logo":{"@type":"ImageObject","inLanguage":"de","@id":"https:\/\/carhub.gr\/de\/#\/schema\/logo\/image\/","url":"https:\/\/carhub.gr\/wp-content\/uploads\/2025\/12\/logo-carhub-1.png","contentUrl":"https:\/\/carhub.gr\/wp-content\/uploads\/2025\/12\/logo-carhub-1.png","width":182,"height":53,"caption":"Carhub"},"image":{"@id":"https:\/\/carhub.gr\/de\/#\/schema\/logo\/image\/"},"sameAs":["https:\/\/www.facebook.com\/carhub.gr\/"]}]}},"_links":{"self":[{"href":"https:\/\/carhub.gr\/de\/wp-json\/wp\/v2\/pages\/2924","targetHints":{"allow":["GET"]}}],"collection":[{"href":"https:\/\/carhub.gr\/de\/wp-json\/wp\/v2\/pages"}],"about":[{"href":"https:\/\/carhub.gr\/de\/wp-json\/wp\/v2\/types\/page"}],"author":[{"embeddable":true,"href":"https:\/\/carhub.gr\/de\/wp-json\/wp\/v2\/users\/2"}],"replies":[{"embeddable":true,"href":"https:\/\/carhub.gr\/de\/wp-json\/wp\/v2\/comments?post=2924"}],"version-history":[{"count":1,"href":"https:\/\/carhub.gr\/de\/wp-json\/wp\/v2\/pages\/2924\/revisions"}],"predecessor-version":[{"id":2934,"href":"https:\/\/carhub.gr\/de\/wp-json\/wp\/v2\/pages\/2924\/revisions\/2934"}],"wp:attachment":[{"href":"https:\/\/carhub.gr\/de\/wp-json\/wp\/v2\/media?parent=2924"}],"curies":[{"name":"wp","href":"https:\/\/api.w.org\/{rel}","templated":true}]}}