{"id":2902,"date":"2026-01-08T22:51:21","date_gmt":"2026-01-08T20:51:21","guid":{"rendered":"https:\/\/carhub.gr\/rental-car-santorini-fira\/"},"modified":"2026-01-08T22:56:15","modified_gmt":"2026-01-08T20:56:15","slug":"mietwagen-santorini-fira","status":"publish","type":"page","link":"https:\/\/carhub.gr\/de\/mietwagen-santorini-fira\/","title":{"rendered":"Mietwagen Santorini Fira \u2013 Auto mieten Santorini Fira \u2013 Autovermietung Santorini Fira"},"content":{"rendered":"<div class=\"wpb-content-wrapper\">[vc_row][vc_column][vc_column_text css=&#8220;&#8220;]\n<h1 style=\"text-align: center;\">Mietwagen Santorini Fira \u2013 Auto mieten Santorini Fira \u2013 Autovermietung Santorini Fira<\/h1>\n<figure id=\"attachment_2898\" aria-describedby=\"caption-attachment-2898\" style=\"width: 300px\" class=\"wp-caption aligncenter\"><img loading=\"lazy\" decoding=\"async\" class=\"wp-image-2898 size-full\" src=\"https:\/\/carhub.gr\/wp-content\/uploads\/2026\/01\/26637940_10156338224780649_1530645417_n-300x300-1.jpg\" alt=\"\" width=\"300\" height=\"300\" srcset=\"https:\/\/carhub.gr\/wp-content\/uploads\/2026\/01\/26637940_10156338224780649_1530645417_n-300x300-1.jpg 300w, https:\/\/carhub.gr\/wp-content\/uploads\/2026\/01\/26637940_10156338224780649_1530645417_n-300x300-1-150x150.jpg 150w\" sizes=\"auto, (max-width: 300px) 100vw, 300px\" \/><figcaption id=\"caption-attachment-2898\" class=\"wp-caption-text\">(Mietwagen Santorini Fira \u2013 Auto mieten Santorini Fira \u2013 Autovermietung Santorini)<\/figcaption><\/figure>\n<p style=\"text-align: center;\" align=\"CENTER\"><span style=\"color: #000000;\"><span style=\"font-family: Arial, sans-serif;\"><span style=\"font-size: small;\">Zun\u00e4chst einmal ist<\/span><\/span><\/span> <a href=\"https:\/\/www.greektravel.com\/greekislands\/santorini\/fira\/index.htm\" target=\"_blank\" rel=\"noopener noreferrer\">Fira<\/a><span style=\"color: #000000;\"><span style=\"font-family: Arial, sans-serif;\"><span style=\"font-size: small;\"> die wundersch\u00f6ne Hauptstadt von Santorini. Sie liegt am westlichen Rand der Insel. Von der Seite der Caldera aus genie\u00dfen Sie einen der besten Ausblicke der Insel. Das Aktivit\u00e4tsniveau ist hoch genug, um Sie stundenlang zu unterhalten. Es gibt Caf\u00e9s, Bars und Restaurants \u2013 alle mit Aussicht, einige sogar mit mehreren Ebenen aus Terrassen und Balkonen, um den vorhandenen Platz optimal zu nutzen. Wenn mehrere Kreuzfahrtschiffe unterhalb der Stadt ankern, ist der Ort voller Touristen. Schon ein Spaziergang durch die Stra\u00dfen wird m\u00fchsam. Die Caf\u00e9s f\u00fcllen sich mit Touristen. Hunderte von ihnen.<\/span><\/span><\/span><\/p>\n<p align=\"CENTER\"><span style=\"color: #000000;\"><span style=\"font-family: Arial, sans-serif;\"><span style=\"font-size: small;\">Tausende sogar. Wie in \u201eLeiningen gegen die Ameisen\u201c str\u00f6men sie durch die Stadt und konsumieren alles, was sie sehen, und halten nur an, um Fotos von sich selbst mit der Aussicht im Hintergrund zu machen. Vor allem aber kommen und gehen die Schiffe, und wenn sie ablegen, nehmen sie die Menschenmenge mit \u2013 und Fira kann dann tats\u00e4chlich ein sehr sch\u00f6ner Ort sein.<\/span><\/span><\/span><\/p>\n<h2 align=\"CENTER\">Mietwagen Santorini Fira \u2013 Auto mieten Santorini Fira \u2013 Autovermietung Santorini Fira<\/h2>\n<p align=\"CENTER\"><span style=\"color: #000000;\"><span style=\"font-family: Arial, sans-serif;\"><span style=\"font-size: small;\">Dar\u00fcber hinaus ist es von Fira aus, um andere D\u00f6rfer zu besuchen, eine sehr gute Idee, <\/span><\/span> <strong><span style=\"font-family: Arial, sans-serif;\"><span style=\"font-size: small;\"><b>ein Auto zu mieten<\/b><\/span><\/span><\/strong><span style=\"font-family: Arial, sans-serif;\"><span style=\"font-size: small;\">. Mit Ihrem <\/span><\/span><strong><span style=\"font-family: Arial, sans-serif;\"><span style=\"font-size: small;\"><b>Mietwagen auf Santorini<\/b><\/span><\/span><\/strong><span style=\"font-family: Arial, sans-serif;\"><span style=\"font-size: small;\"> k\u00f6nnen Sie \u00fcberall hinfahren und die ganze Insel erkunden. Im Vergleich zu anderen L\u00f6sungen ist die <\/span><\/span><strong><span style=\"font-family: Arial, sans-serif;\"><span style=\"font-size: small;\"><b>Autovermietung auf Santorini<\/b><\/span><\/span><\/strong><span style=\"font-family: Arial, sans-serif;\"><span style=\"font-size: small;\"> recht g\u00fcnstig \u2013 ganz zu schweigen von der Zeit, die Sie sparen. Buchen Sie Ihren Mietwagen f\u00fcr Santorini bei <a href=\"http:\/\/carhub.gr\/\">Carhub<\/a><\/span><\/span><span style=\"font-family: Arial, sans-serif;\"><span style=\"font-size: small;\"> oder rufen Sie uns einfach an. Wir liefern Ihnen das Fahrzeug Ihrer Wahl ohne zus\u00e4tzliche Kosten. Automatikfahrzeuge, Kleinwagen, Cabrios, Economy-Klasse, Minibusse, offene Jeeps oder Familienautos \u2013 es gibt ein Modell f\u00fcr jeden Bedarf. Unser Team liefert Ihren Mietwagen jederzeit zu jedem Hotel im Gebiet von Fira oder <a href=\"http:\/\/carhub.gr\/rental-car-santorini-airport\/\" target=\"_blank\" rel=\"noopener noreferrer\">\u00fcberall<\/a> auf Santorini ohne zus\u00e4tzliche Kosten. Z\u00f6gern Sie nicht \u2013 reservieren Sie ein Auto bei der Autovermietung Carhub.<\/span><\/span><\/span><\/p>\n<p>&nbsp;<\/p>\n[\/vc_column_text][\/vc_column][\/vc_row]\n<\/div>","protected":false},"excerpt":{"rendered":"<p>[vc_row][vc_column][vc_column_text css=&#8220;&#8220;] Mietwagen Santorini Fira \u2013 Auto mieten Santorini Fira \u2013 Autovermietung Santorini Fira Zun\u00e4chst einmal ist Fira die wundersch\u00f6ne Hauptstadt von Santorini. Sie liegt am westlichen Rand der Insel. Von der Seite der Caldera aus genie\u00dfen Sie einen der besten Ausblicke der Insel. Das Aktivit\u00e4tsniveau ist hoch genug, um Sie stundenlang zu unterhalten. Es&hellip;<\/p>\n","protected":false},"author":2,"featured_media":0,"parent":0,"menu_order":0,"comment_status":"closed","ping_status":"closed","template":"templates\/no-sidebar.php","meta":{"footnotes":""},"class_list":["post-2902","page","type-page","status-publish","hentry","entry","no-media"],"yoast_head":"<!-- This site is optimized with the Yoast SEO plugin v27.2 - https:\/\/yoast.com\/product\/yoast-seo-wordpress\/ -->\n<title>Mietwagen Santorini Fira \u2013 Auto mieten Santorini Fira \u2013 Autovermietung Santorini Fira - Carhub<\/title>\n<meta name=\"robots\" content=\"index, follow, max-snippet:-1, max-image-preview:large, max-video-preview:-1\" \/>\n<link rel=\"canonical\" href=\"https:\/\/carhub.gr\/de\/mietwagen-santorini-fira\/\" \/>\n<meta property=\"og:locale\" content=\"de_DE\" \/>\n<meta property=\"og:type\" content=\"article\" \/>\n<meta property=\"og:title\" content=\"Mietwagen Santorini Fira \u2013 Auto mieten Santorini Fira \u2013 Autovermietung Santorini Fira - Carhub\" \/>\n<meta property=\"og:description\" content=\"[vc_row][vc_column][vc_column_text css=&#8220;&#8220;] Mietwagen Santorini Fira \u2013 Auto mieten Santorini Fira \u2013 Autovermietung Santorini Fira Zun\u00e4chst einmal ist Fira die wundersch\u00f6ne Hauptstadt von Santorini. Sie liegt am westlichen Rand der Insel. Von der Seite der Caldera aus genie\u00dfen Sie einen der besten Ausblicke der Insel. Das Aktivit\u00e4tsniveau ist hoch genug, um Sie stundenlang zu unterhalten. Es&hellip;\" \/>\n<meta property=\"og:url\" content=\"https:\/\/carhub.gr\/de\/mietwagen-santorini-fira\/\" \/>\n<meta property=\"og:site_name\" content=\"Carhub\" \/>\n<meta property=\"article:publisher\" content=\"https:\/\/www.facebook.com\/carhub.gr\/\" \/>\n<meta property=\"article:modified_time\" content=\"2026-01-08T20:56:15+00:00\" \/>\n<meta property=\"og:image\" content=\"https:\/\/carhub.gr\/wp-content\/uploads\/2026\/01\/26637940_10156338224780649_1530645417_n-300x300-1.jpg\" \/>\n\t<meta property=\"og:image:width\" content=\"300\" \/>\n\t<meta property=\"og:image:height\" content=\"300\" \/>\n\t<meta property=\"og:image:type\" content=\"image\/jpeg\" \/>\n<meta name=\"twitter:card\" content=\"summary_large_image\" \/>\n<meta name=\"twitter:label1\" content=\"Gesch\u00e4tzte Lesezeit\" \/>\n\t<meta name=\"twitter:data1\" content=\"2\u00a0Minuten\" \/>\n<script type=\"application\/ld+json\" class=\"yoast-schema-graph\">{\"@context\":\"https:\/\/schema.org\",\"@graph\":[{\"@type\":\"WebPage\",\"@id\":\"https:\/\/carhub.gr\/de\/mietwagen-santorini-fira\/\",\"url\":\"https:\/\/carhub.gr\/de\/mietwagen-santorini-fira\/\",\"name\":\"Mietwagen Santorini Fira \u2013 Auto mieten Santorini Fira \u2013 Autovermietung Santorini Fira - Carhub\",\"isPartOf\":{\"@id\":\"https:\/\/carhub.gr\/de\/#website\"},\"primaryImageOfPage\":{\"@id\":\"https:\/\/carhub.gr\/de\/mietwagen-santorini-fira\/#primaryimage\"},\"image\":{\"@id\":\"https:\/\/carhub.gr\/de\/mietwagen-santorini-fira\/#primaryimage\"},\"thumbnailUrl\":\"https:\/\/carhub.gr\/wp-content\/uploads\/2026\/01\/26637940_10156338224780649_1530645417_n-300x300-1.jpg\",\"datePublished\":\"2026-01-08T20:51:21+00:00\",\"dateModified\":\"2026-01-08T20:56:15+00:00\",\"breadcrumb\":{\"@id\":\"https:\/\/carhub.gr\/de\/mietwagen-santorini-fira\/#breadcrumb\"},\"inLanguage\":\"de\",\"potentialAction\":[{\"@type\":\"ReadAction\",\"target\":[\"https:\/\/carhub.gr\/de\/mietwagen-santorini-fira\/\"]}]},{\"@type\":\"ImageObject\",\"inLanguage\":\"de\",\"@id\":\"https:\/\/carhub.gr\/de\/mietwagen-santorini-fira\/#primaryimage\",\"url\":\"https:\/\/carhub.gr\/wp-content\/uploads\/2026\/01\/26637940_10156338224780649_1530645417_n-300x300-1.jpg\",\"contentUrl\":\"https:\/\/carhub.gr\/wp-content\/uploads\/2026\/01\/26637940_10156338224780649_1530645417_n-300x300-1.jpg\"},{\"@type\":\"BreadcrumbList\",\"@id\":\"https:\/\/carhub.gr\/de\/mietwagen-santorini-fira\/#breadcrumb\",\"itemListElement\":[{\"@type\":\"ListItem\",\"position\":1,\"name\":\"Home\",\"item\":\"https:\/\/carhub.gr\/de\/\"},{\"@type\":\"ListItem\",\"position\":2,\"name\":\"Mietwagen Santorini Fira \u2013 Auto mieten Santorini Fira \u2013 Autovermietung Santorini Fira\"}]},{\"@type\":\"WebSite\",\"@id\":\"https:\/\/carhub.gr\/de\/#website\",\"url\":\"https:\/\/carhub.gr\/de\/\",\"name\":\"Carhub\",\"description\":\"Rent a car Santorini - Santorini Car Hire\",\"publisher\":{\"@id\":\"https:\/\/carhub.gr\/de\/#organization\"},\"alternateName\":\"RENT A CAR SANTORINI - SANTORINI CAR RENTAL\",\"potentialAction\":[{\"@type\":\"SearchAction\",\"target\":{\"@type\":\"EntryPoint\",\"urlTemplate\":\"https:\/\/carhub.gr\/de\/?s={search_term_string}\"},\"query-input\":{\"@type\":\"PropertyValueSpecification\",\"valueRequired\":true,\"valueName\":\"search_term_string\"}}],\"inLanguage\":\"de\"},{\"@type\":\"Organization\",\"@id\":\"https:\/\/carhub.gr\/de\/#organization\",\"name\":\"Carhub\",\"url\":\"https:\/\/carhub.gr\/de\/\",\"logo\":{\"@type\":\"ImageObject\",\"inLanguage\":\"de\",\"@id\":\"https:\/\/carhub.gr\/de\/#\/schema\/logo\/image\/\",\"url\":\"https:\/\/carhub.gr\/wp-content\/uploads\/2025\/12\/logo-carhub-1.png\",\"contentUrl\":\"https:\/\/carhub.gr\/wp-content\/uploads\/2025\/12\/logo-carhub-1.png\",\"width\":182,\"height\":53,\"caption\":\"Carhub\"},\"image\":{\"@id\":\"https:\/\/carhub.gr\/de\/#\/schema\/logo\/image\/\"},\"sameAs\":[\"https:\/\/www.facebook.com\/carhub.gr\/\"]}]}<\/script>\n<!-- \/ Yoast SEO plugin. -->","yoast_head_json":{"title":"Mietwagen Santorini Fira \u2013 Auto mieten Santorini Fira \u2013 Autovermietung Santorini Fira - Carhub","robots":{"index":"index","follow":"follow","max-snippet":"max-snippet:-1","max-image-preview":"max-image-preview:large","max-video-preview":"max-video-preview:-1"},"canonical":"https:\/\/carhub.gr\/de\/mietwagen-santorini-fira\/","og_locale":"de_DE","og_type":"article","og_title":"Mietwagen Santorini Fira \u2013 Auto mieten Santorini Fira \u2013 Autovermietung Santorini Fira - Carhub","og_description":"[vc_row][vc_column][vc_column_text css=&#8220;&#8220;] Mietwagen Santorini Fira \u2013 Auto mieten Santorini Fira \u2013 Autovermietung Santorini Fira Zun\u00e4chst einmal ist Fira die wundersch\u00f6ne Hauptstadt von Santorini. Sie liegt am westlichen Rand der Insel. Von der Seite der Caldera aus genie\u00dfen Sie einen der besten Ausblicke der Insel. Das Aktivit\u00e4tsniveau ist hoch genug, um Sie stundenlang zu unterhalten. Es&hellip;","og_url":"https:\/\/carhub.gr\/de\/mietwagen-santorini-fira\/","og_site_name":"Carhub","article_publisher":"https:\/\/www.facebook.com\/carhub.gr\/","article_modified_time":"2026-01-08T20:56:15+00:00","og_image":[{"width":300,"height":300,"url":"https:\/\/carhub.gr\/wp-content\/uploads\/2026\/01\/26637940_10156338224780649_1530645417_n-300x300-1.jpg","type":"image\/jpeg"}],"twitter_card":"summary_large_image","twitter_misc":{"Gesch\u00e4tzte Lesezeit":"2\u00a0Minuten"},"schema":{"@context":"https:\/\/schema.org","@graph":[{"@type":"WebPage","@id":"https:\/\/carhub.gr\/de\/mietwagen-santorini-fira\/","url":"https:\/\/carhub.gr\/de\/mietwagen-santorini-fira\/","name":"Mietwagen Santorini Fira \u2013 Auto mieten Santorini Fira \u2013 Autovermietung Santorini Fira - Carhub","isPartOf":{"@id":"https:\/\/carhub.gr\/de\/#website"},"primaryImageOfPage":{"@id":"https:\/\/carhub.gr\/de\/mietwagen-santorini-fira\/#primaryimage"},"image":{"@id":"https:\/\/carhub.gr\/de\/mietwagen-santorini-fira\/#primaryimage"},"thumbnailUrl":"https:\/\/carhub.gr\/wp-content\/uploads\/2026\/01\/26637940_10156338224780649_1530645417_n-300x300-1.jpg","datePublished":"2026-01-08T20:51:21+00:00","dateModified":"2026-01-08T20:56:15+00:00","breadcrumb":{"@id":"https:\/\/carhub.gr\/de\/mietwagen-santorini-fira\/#breadcrumb"},"inLanguage":"de","potentialAction":[{"@type":"ReadAction","target":["https:\/\/carhub.gr\/de\/mietwagen-santorini-fira\/"]}]},{"@type":"ImageObject","inLanguage":"de","@id":"https:\/\/carhub.gr\/de\/mietwagen-santorini-fira\/#primaryimage","url":"https:\/\/carhub.gr\/wp-content\/uploads\/2026\/01\/26637940_10156338224780649_1530645417_n-300x300-1.jpg","contentUrl":"https:\/\/carhub.gr\/wp-content\/uploads\/2026\/01\/26637940_10156338224780649_1530645417_n-300x300-1.jpg"},{"@type":"BreadcrumbList","@id":"https:\/\/carhub.gr\/de\/mietwagen-santorini-fira\/#breadcrumb","itemListElement":[{"@type":"ListItem","position":1,"name":"Home","item":"https:\/\/carhub.gr\/de\/"},{"@type":"ListItem","position":2,"name":"Mietwagen Santorini Fira \u2013 Auto mieten Santorini Fira \u2013 Autovermietung Santorini Fira"}]},{"@type":"WebSite","@id":"https:\/\/carhub.gr\/de\/#website","url":"https:\/\/carhub.gr\/de\/","name":"Carhub","description":"Rent a car Santorini - Santorini Car Hire","publisher":{"@id":"https:\/\/carhub.gr\/de\/#organization"},"alternateName":"RENT A CAR SANTORINI - SANTORINI CAR RENTAL","potentialAction":[{"@type":"SearchAction","target":{"@type":"EntryPoint","urlTemplate":"https:\/\/carhub.gr\/de\/?s={search_term_string}"},"query-input":{"@type":"PropertyValueSpecification","valueRequired":true,"valueName":"search_term_string"}}],"inLanguage":"de"},{"@type":"Organization","@id":"https:\/\/carhub.gr\/de\/#organization","name":"Carhub","url":"https:\/\/carhub.gr\/de\/","logo":{"@type":"ImageObject","inLanguage":"de","@id":"https:\/\/carhub.gr\/de\/#\/schema\/logo\/image\/","url":"https:\/\/carhub.gr\/wp-content\/uploads\/2025\/12\/logo-carhub-1.png","contentUrl":"https:\/\/carhub.gr\/wp-content\/uploads\/2025\/12\/logo-carhub-1.png","width":182,"height":53,"caption":"Carhub"},"image":{"@id":"https:\/\/carhub.gr\/de\/#\/schema\/logo\/image\/"},"sameAs":["https:\/\/www.facebook.com\/carhub.gr\/"]}]}},"_links":{"self":[{"href":"https:\/\/carhub.gr\/de\/wp-json\/wp\/v2\/pages\/2902","targetHints":{"allow":["GET"]}}],"collection":[{"href":"https:\/\/carhub.gr\/de\/wp-json\/wp\/v2\/pages"}],"about":[{"href":"https:\/\/carhub.gr\/de\/wp-json\/wp\/v2\/types\/page"}],"author":[{"embeddable":true,"href":"https:\/\/carhub.gr\/de\/wp-json\/wp\/v2\/users\/2"}],"replies":[{"embeddable":true,"href":"https:\/\/carhub.gr\/de\/wp-json\/wp\/v2\/comments?post=2902"}],"version-history":[{"count":2,"href":"https:\/\/carhub.gr\/de\/wp-json\/wp\/v2\/pages\/2902\/revisions"}],"predecessor-version":[{"id":2913,"href":"https:\/\/carhub.gr\/de\/wp-json\/wp\/v2\/pages\/2902\/revisions\/2913"}],"wp:attachment":[{"href":"https:\/\/carhub.gr\/de\/wp-json\/wp\/v2\/media?parent=2902"}],"curies":[{"name":"wp","href":"https:\/\/api.w.org\/{rel}","templated":true}]}}