{"id":2880,"date":"2026-01-08T11:56:23","date_gmt":"2026-01-08T09:56:23","guid":{"rendered":"https:\/\/carhub.gr\/santorini-port-car-rental\/"},"modified":"2026-01-08T15:10:16","modified_gmt":"2026-01-08T13:10:16","slug":"mietwagen-santorini-hafen","status":"publish","type":"page","link":"https:\/\/carhub.gr\/de\/mietwagen-santorini-hafen\/","title":{"rendered":"Mietwagen Santorini Hafen"},"content":{"rendered":"<div class=\"wpb-content-wrapper\">[vc_row][vc_column][vc_column_text css=&#8220;&#8220;]\n<h1 class=\"western\" style=\"text-align: center;\">Mietwagen Santorini Hafen<\/h1>\n<p style=\"text-align: center;\"><span style=\"color: #000000;\"><span style=\"font-family: Arial, sans-serif;\"><span style=\"font-size: small;\"><img loading=\"lazy\" decoding=\"async\" class=\"alignnone size-medium wp-image-2881\" src=\"https:\/\/carhub.gr\/wp-content\/uploads\/2026\/01\/26913651_10156357242220649_486002190_n-768x757-1-300x296.jpg\" alt=\"\" width=\"300\" height=\"296\" \/><\/span><\/span><\/span><\/p>\n<p style=\"text-align: center;\"><span style=\"color: #000000;\"><span style=\"font-family: Arial, sans-serif;\"><span style=\"font-size: small;\">Der <a href=\"https:\/\/www.santorini-port.com\/\" target=\"_blank\" rel=\"noopener noreferrer\">Hafen<\/a> hat den Code ATI und verf\u00fcgt \u00fcber nur ein Passagierterminal. Der Hafen besitzt 3 Rampen, an denen die Boote anlegen k\u00f6nnen, sowie 3 Anlegestellen f\u00fcr Tanker. Meistens warten Taxis im Hafen auf ankommende Touristen. In der Hochsaison kann es jedoch schwierig sein, ein freies Taxi zu finden. Touristen k\u00f6nnen auch den \u00f6ffentlichen Bus nutzen, allerdings ist es nicht immer garantiert, einen Sitzplatz zu bekommen. Eine weitere M\u00f6glichkeit ist, ein Auto bei <a href=\"https:\/\/carhub.gr\/\" target=\"_blank\" rel=\"noopener noreferrer\">Carhub<\/a> zu mieten, um Ihr Hotel zu erreichen.<\/span><\/span><\/span><\/p>\n<h2 style=\"text-align: center;\">Mietwagen Santorini Hafen \u2013 Auto mieten Santorini Hafen \u2013 Autovermietung Santorini Hafen<\/h2>\n<p style=\"text-align: center;\"><span style=\"color: #000000;\"> <span style=\"font-family: Arial, sans-serif;\"><span style=\"font-size: small;\">Wenn Sie Ihren <\/span><\/span><strong><span style=\"font-family: Arial, sans-serif;\"><span style=\"font-size: small;\"><b>Mietwagen online buchen<\/b><\/span><\/span><\/strong><span style=\"font-family: Arial, sans-serif;\"><span style=\"font-size: small;\">, warten wir<\/span><\/span> <strong><span style=\"font-family: Arial, sans-serif;\"><span style=\"font-size: small;\"><b>im <\/b><\/span><\/span><\/strong><strong><span style=\"font-family: Arial, sans-serif;\"><span style=\"font-size: small;\"><b>Hafen<\/b><\/span><\/span><\/strong> <span style=\"font-family: Arial, sans-serif;\"><span style=\"font-size: small;\">bei Ihrer Ankunft auf Sie und \u00fcbergeben Ihnen das Fahrzeug Ihrer Wahl. So einfach ist das. Ohne zus\u00e4tzliche Kosten k\u00f6nnen Sie sich Ihren <\/span><\/span><strong><span style=\"font-family: Arial, sans-serif;\"><span style=\"font-size: small;\"><b>Mietwagen<\/b><\/span><\/span><\/strong> <span style=\"font-family: Arial, sans-serif;\"><span style=\"font-size: small;\">direkt bei Ihrer Ankunft am <\/span><\/span><strong><span style=\"font-family: Arial, sans-serif;\"><span style=\"font-size: small;\"><b>Hafen<\/b><\/span><\/span><\/strong><span style=\"font-family: Arial, sans-serif;\"><span style=\"font-size: small;\"> liefern lassen. Auf diese Weise beginnen Ihre Ferien auf Santorini optimal, ohne Zeit zu verlieren oder viel Geld f\u00fcr Taxis oder Last-Minute-Transfers auszugeben. Wir empfehlen, die Mietwagenreservierung im Hafen von Santorini nicht bis zur letzten Minute aufzuschieben. Bei einer fr\u00fchzeitigen Buchung wartet das Auto ohne Verz\u00f6gerung im <\/span><\/span><strong><span style=\"font-family: Arial, sans-serif;\"><span style=\"font-size: small;\"><b>Hafen Athinios, Santorini<\/b><\/span><\/span><\/strong><span style=\"font-family: Arial, sans-serif;\"><span style=\"font-size: small;\"> bei Ihrer Ankunft auf Sie. Legen Sie Ihr Gep\u00e4ck ins Auto und starten Sie sorgenfrei in Ihren Urlaub auf Santorini. Im Hafen von Athinios auf Santorini liefern wir alle unsere <\/span><\/span><strong><span style=\"font-family: Arial, sans-serif;\"><span style=\"font-size: small;\"><b>neuen Mietwagen<\/b><\/span><\/span><\/strong> <span style=\"font-family: Arial, sans-serif;\"><span style=\"font-size: small;\">kostenlos. Nach Eingang Ihrer Reservierung erwarten wir Sie mit einem Schild mit Ihrem Namen. Buchen Sie also Ihren Mietwagen f\u00fcr Santorini online oder rufen Sie uns einfach an und profitieren Sie von g\u00fcnstigen Preisen und exzellentem Service. Denken Sie nicht l\u00e4nger dar\u00fcber nach \u2013 mieten Sie einfach ein Auto bei der Autovermietung Carhub.<\/span><\/span><\/span><\/p>\n[\/vc_column_text][\/vc_column][\/vc_row]\n<\/div>","protected":false},"excerpt":{"rendered":"<p>[vc_row][vc_column][vc_column_text css=&#8220;&#8220;] Mietwagen Santorini Hafen Der Hafen hat den Code ATI und verf\u00fcgt \u00fcber nur ein Passagierterminal. Der Hafen besitzt 3 Rampen, an denen die Boote anlegen k\u00f6nnen, sowie 3 Anlegestellen f\u00fcr Tanker. Meistens warten Taxis im Hafen auf ankommende Touristen. In der Hochsaison kann es jedoch schwierig sein, ein freies Taxi zu finden. Touristen&hellip;<\/p>\n","protected":false},"author":2,"featured_media":0,"parent":0,"menu_order":0,"comment_status":"closed","ping_status":"closed","template":"templates\/no-sidebar.php","meta":{"footnotes":""},"class_list":["post-2880","page","type-page","status-publish","hentry","entry","no-media"],"yoast_head":"<!-- This site is optimized with the Yoast SEO plugin v27.2 - https:\/\/yoast.com\/product\/yoast-seo-wordpress\/ -->\n<title>Mietwagen Santorini Hafen - Carhub<\/title>\n<meta name=\"robots\" content=\"index, follow, max-snippet:-1, max-image-preview:large, max-video-preview:-1\" \/>\n<link rel=\"canonical\" href=\"https:\/\/carhub.gr\/de\/mietwagen-santorini-hafen\/\" \/>\n<meta property=\"og:locale\" content=\"de_DE\" \/>\n<meta property=\"og:type\" content=\"article\" \/>\n<meta property=\"og:title\" content=\"Mietwagen Santorini Hafen - Carhub\" \/>\n<meta property=\"og:description\" content=\"[vc_row][vc_column][vc_column_text css=&#8220;&#8220;] Mietwagen Santorini Hafen Der Hafen hat den Code ATI und verf\u00fcgt \u00fcber nur ein Passagierterminal. Der Hafen besitzt 3 Rampen, an denen die Boote anlegen k\u00f6nnen, sowie 3 Anlegestellen f\u00fcr Tanker. Meistens warten Taxis im Hafen auf ankommende Touristen. In der Hochsaison kann es jedoch schwierig sein, ein freies Taxi zu finden. Touristen&hellip;\" \/>\n<meta property=\"og:url\" content=\"https:\/\/carhub.gr\/de\/mietwagen-santorini-hafen\/\" \/>\n<meta property=\"og:site_name\" content=\"Carhub\" \/>\n<meta property=\"article:publisher\" content=\"https:\/\/www.facebook.com\/carhub.gr\/\" \/>\n<meta property=\"article:modified_time\" content=\"2026-01-08T13:10:16+00:00\" \/>\n<meta property=\"og:image\" content=\"https:\/\/carhub.gr\/wp-content\/uploads\/2025\/12\/pngegg-7-1.png\" \/>\n\t<meta property=\"og:image:width\" content=\"1366\" \/>\n\t<meta property=\"og:image:height\" content=\"768\" \/>\n\t<meta property=\"og:image:type\" content=\"image\/png\" \/>\n<meta name=\"twitter:card\" content=\"summary_large_image\" \/>\n<meta name=\"twitter:label1\" content=\"Gesch\u00e4tzte Lesezeit\" \/>\n\t<meta name=\"twitter:data1\" content=\"2\u00a0Minuten\" \/>\n<script type=\"application\/ld+json\" class=\"yoast-schema-graph\">{\"@context\":\"https:\/\/schema.org\",\"@graph\":[{\"@type\":\"WebPage\",\"@id\":\"https:\/\/carhub.gr\/de\/mietwagen-santorini-hafen\/\",\"url\":\"https:\/\/carhub.gr\/de\/mietwagen-santorini-hafen\/\",\"name\":\"Mietwagen Santorini Hafen - Carhub\",\"isPartOf\":{\"@id\":\"https:\/\/carhub.gr\/de\/#website\"},\"primaryImageOfPage\":{\"@id\":\"https:\/\/carhub.gr\/de\/mietwagen-santorini-hafen\/#primaryimage\"},\"image\":{\"@id\":\"https:\/\/carhub.gr\/de\/mietwagen-santorini-hafen\/#primaryimage\"},\"thumbnailUrl\":\"https:\/\/carhub.gr\/wp-content\/uploads\/2026\/01\/26913651_10156357242220649_486002190_n-768x757-1-300x296.jpg\",\"datePublished\":\"2026-01-08T09:56:23+00:00\",\"dateModified\":\"2026-01-08T13:10:16+00:00\",\"breadcrumb\":{\"@id\":\"https:\/\/carhub.gr\/de\/mietwagen-santorini-hafen\/#breadcrumb\"},\"inLanguage\":\"de\",\"potentialAction\":[{\"@type\":\"ReadAction\",\"target\":[\"https:\/\/carhub.gr\/de\/mietwagen-santorini-hafen\/\"]}]},{\"@type\":\"ImageObject\",\"inLanguage\":\"de\",\"@id\":\"https:\/\/carhub.gr\/de\/mietwagen-santorini-hafen\/#primaryimage\",\"url\":\"https:\/\/carhub.gr\/wp-content\/uploads\/2026\/01\/26913651_10156357242220649_486002190_n-768x757-1-300x296.jpg\",\"contentUrl\":\"https:\/\/carhub.gr\/wp-content\/uploads\/2026\/01\/26913651_10156357242220649_486002190_n-768x757-1-300x296.jpg\"},{\"@type\":\"BreadcrumbList\",\"@id\":\"https:\/\/carhub.gr\/de\/mietwagen-santorini-hafen\/#breadcrumb\",\"itemListElement\":[{\"@type\":\"ListItem\",\"position\":1,\"name\":\"Home\",\"item\":\"https:\/\/carhub.gr\/de\/\"},{\"@type\":\"ListItem\",\"position\":2,\"name\":\"Mietwagen Santorini Hafen\"}]},{\"@type\":\"WebSite\",\"@id\":\"https:\/\/carhub.gr\/de\/#website\",\"url\":\"https:\/\/carhub.gr\/de\/\",\"name\":\"Carhub\",\"description\":\"Rent a car Santorini - Santorini Car Hire\",\"publisher\":{\"@id\":\"https:\/\/carhub.gr\/de\/#organization\"},\"alternateName\":\"RENT A CAR SANTORINI - SANTORINI CAR RENTAL\",\"potentialAction\":[{\"@type\":\"SearchAction\",\"target\":{\"@type\":\"EntryPoint\",\"urlTemplate\":\"https:\/\/carhub.gr\/de\/?s={search_term_string}\"},\"query-input\":{\"@type\":\"PropertyValueSpecification\",\"valueRequired\":true,\"valueName\":\"search_term_string\"}}],\"inLanguage\":\"de\"},{\"@type\":\"Organization\",\"@id\":\"https:\/\/carhub.gr\/de\/#organization\",\"name\":\"Carhub\",\"url\":\"https:\/\/carhub.gr\/de\/\",\"logo\":{\"@type\":\"ImageObject\",\"inLanguage\":\"de\",\"@id\":\"https:\/\/carhub.gr\/de\/#\/schema\/logo\/image\/\",\"url\":\"https:\/\/carhub.gr\/wp-content\/uploads\/2025\/12\/logo-carhub-1.png\",\"contentUrl\":\"https:\/\/carhub.gr\/wp-content\/uploads\/2025\/12\/logo-carhub-1.png\",\"width\":182,\"height\":53,\"caption\":\"Carhub\"},\"image\":{\"@id\":\"https:\/\/carhub.gr\/de\/#\/schema\/logo\/image\/\"},\"sameAs\":[\"https:\/\/www.facebook.com\/carhub.gr\/\"]}]}<\/script>\n<!-- \/ Yoast SEO plugin. -->","yoast_head_json":{"title":"Mietwagen Santorini Hafen - Carhub","robots":{"index":"index","follow":"follow","max-snippet":"max-snippet:-1","max-image-preview":"max-image-preview:large","max-video-preview":"max-video-preview:-1"},"canonical":"https:\/\/carhub.gr\/de\/mietwagen-santorini-hafen\/","og_locale":"de_DE","og_type":"article","og_title":"Mietwagen Santorini Hafen - Carhub","og_description":"[vc_row][vc_column][vc_column_text css=&#8220;&#8220;] Mietwagen Santorini Hafen Der Hafen hat den Code ATI und verf\u00fcgt \u00fcber nur ein Passagierterminal. Der Hafen besitzt 3 Rampen, an denen die Boote anlegen k\u00f6nnen, sowie 3 Anlegestellen f\u00fcr Tanker. Meistens warten Taxis im Hafen auf ankommende Touristen. In der Hochsaison kann es jedoch schwierig sein, ein freies Taxi zu finden. Touristen&hellip;","og_url":"https:\/\/carhub.gr\/de\/mietwagen-santorini-hafen\/","og_site_name":"Carhub","article_publisher":"https:\/\/www.facebook.com\/carhub.gr\/","article_modified_time":"2026-01-08T13:10:16+00:00","og_image":[{"width":1366,"height":768,"url":"https:\/\/carhub.gr\/wp-content\/uploads\/2025\/12\/pngegg-7-1.png","type":"image\/png"}],"twitter_card":"summary_large_image","twitter_misc":{"Gesch\u00e4tzte Lesezeit":"2\u00a0Minuten"},"schema":{"@context":"https:\/\/schema.org","@graph":[{"@type":"WebPage","@id":"https:\/\/carhub.gr\/de\/mietwagen-santorini-hafen\/","url":"https:\/\/carhub.gr\/de\/mietwagen-santorini-hafen\/","name":"Mietwagen Santorini Hafen - Carhub","isPartOf":{"@id":"https:\/\/carhub.gr\/de\/#website"},"primaryImageOfPage":{"@id":"https:\/\/carhub.gr\/de\/mietwagen-santorini-hafen\/#primaryimage"},"image":{"@id":"https:\/\/carhub.gr\/de\/mietwagen-santorini-hafen\/#primaryimage"},"thumbnailUrl":"https:\/\/carhub.gr\/wp-content\/uploads\/2026\/01\/26913651_10156357242220649_486002190_n-768x757-1-300x296.jpg","datePublished":"2026-01-08T09:56:23+00:00","dateModified":"2026-01-08T13:10:16+00:00","breadcrumb":{"@id":"https:\/\/carhub.gr\/de\/mietwagen-santorini-hafen\/#breadcrumb"},"inLanguage":"de","potentialAction":[{"@type":"ReadAction","target":["https:\/\/carhub.gr\/de\/mietwagen-santorini-hafen\/"]}]},{"@type":"ImageObject","inLanguage":"de","@id":"https:\/\/carhub.gr\/de\/mietwagen-santorini-hafen\/#primaryimage","url":"https:\/\/carhub.gr\/wp-content\/uploads\/2026\/01\/26913651_10156357242220649_486002190_n-768x757-1-300x296.jpg","contentUrl":"https:\/\/carhub.gr\/wp-content\/uploads\/2026\/01\/26913651_10156357242220649_486002190_n-768x757-1-300x296.jpg"},{"@type":"BreadcrumbList","@id":"https:\/\/carhub.gr\/de\/mietwagen-santorini-hafen\/#breadcrumb","itemListElement":[{"@type":"ListItem","position":1,"name":"Home","item":"https:\/\/carhub.gr\/de\/"},{"@type":"ListItem","position":2,"name":"Mietwagen Santorini Hafen"}]},{"@type":"WebSite","@id":"https:\/\/carhub.gr\/de\/#website","url":"https:\/\/carhub.gr\/de\/","name":"Carhub","description":"Rent a car Santorini - Santorini Car Hire","publisher":{"@id":"https:\/\/carhub.gr\/de\/#organization"},"alternateName":"RENT A CAR SANTORINI - SANTORINI CAR RENTAL","potentialAction":[{"@type":"SearchAction","target":{"@type":"EntryPoint","urlTemplate":"https:\/\/carhub.gr\/de\/?s={search_term_string}"},"query-input":{"@type":"PropertyValueSpecification","valueRequired":true,"valueName":"search_term_string"}}],"inLanguage":"de"},{"@type":"Organization","@id":"https:\/\/carhub.gr\/de\/#organization","name":"Carhub","url":"https:\/\/carhub.gr\/de\/","logo":{"@type":"ImageObject","inLanguage":"de","@id":"https:\/\/carhub.gr\/de\/#\/schema\/logo\/image\/","url":"https:\/\/carhub.gr\/wp-content\/uploads\/2025\/12\/logo-carhub-1.png","contentUrl":"https:\/\/carhub.gr\/wp-content\/uploads\/2025\/12\/logo-carhub-1.png","width":182,"height":53,"caption":"Carhub"},"image":{"@id":"https:\/\/carhub.gr\/de\/#\/schema\/logo\/image\/"},"sameAs":["https:\/\/www.facebook.com\/carhub.gr\/"]}]}},"_links":{"self":[{"href":"https:\/\/carhub.gr\/de\/wp-json\/wp\/v2\/pages\/2880","targetHints":{"allow":["GET"]}}],"collection":[{"href":"https:\/\/carhub.gr\/de\/wp-json\/wp\/v2\/pages"}],"about":[{"href":"https:\/\/carhub.gr\/de\/wp-json\/wp\/v2\/types\/page"}],"author":[{"embeddable":true,"href":"https:\/\/carhub.gr\/de\/wp-json\/wp\/v2\/users\/2"}],"replies":[{"embeddable":true,"href":"https:\/\/carhub.gr\/de\/wp-json\/wp\/v2\/comments?post=2880"}],"version-history":[{"count":3,"href":"https:\/\/carhub.gr\/de\/wp-json\/wp\/v2\/pages\/2880\/revisions"}],"predecessor-version":[{"id":2891,"href":"https:\/\/carhub.gr\/de\/wp-json\/wp\/v2\/pages\/2880\/revisions\/2891"}],"wp:attachment":[{"href":"https:\/\/carhub.gr\/de\/wp-json\/wp\/v2\/media?parent=2880"}],"curies":[{"name":"wp","href":"https:\/\/api.w.org\/{rel}","templated":true}]}}