{"id":2852,"date":"2026-01-07T13:18:49","date_gmt":"2026-01-07T11:18:49","guid":{"rendered":"https:\/\/carhub.gr\/santorini-airport-car-rental\/"},"modified":"2026-01-07T16:09:36","modified_gmt":"2026-01-07T14:09:36","slug":"mietwagen-santorini-flughafen","status":"publish","type":"page","link":"https:\/\/carhub.gr\/de\/mietwagen-santorini-flughafen\/","title":{"rendered":"Mietwagen Santorini Flughafen"},"content":{"rendered":"<div class=\"wpb-content-wrapper\">[vc_row][vc_column][vc_column_text css=&#8220;&#8220;]\n<h1 class=\"western\" style=\"text-align: center;\"><span style=\"color: #000000;\"><span style=\"font-family: 'Source Sans Pro', Arial, sans-serif;\"><span style=\"font-size: xx-large;\">Wie man ein Auto am Flughafen Santorini mietet<br \/>\n<\/span><\/span><\/span><\/h1>\n<p style=\"text-align: center;\"><span style=\"color: #222222;\"><span style=\"font-family: sans-serif;\"><span style=\"font-size: small;\"><img loading=\"lazy\" decoding=\"async\" class=\"alignnone size-full wp-image-2862\" src=\"https:\/\/carhub.gr\/wp-content\/uploads\/2026\/01\/29196307_10156551096235649_8670063567753445376_n-244x300-1.jpg\" alt=\"\" width=\"244\" height=\"300\" \/><\/span><\/span><\/span><\/p>\n<p style=\"text-align: center;\"><span style=\"color: #222222;\"><span style=\"font-family: sans-serif;\"><span style=\"font-size: small;\">Der <a href=\"https:\/\/www.jtr-airport.gr\/en\" target=\"_blank\" rel=\"noopener noreferrer\">Santorini International Airport (JTR)<\/a> ist ein Flughafen n\u00f6rdlich des Dorfes Kamari. Der Flughafen dient sowohl als Milit\u00e4r- als auch als Zivilflughafen. Um vom Flughafen Santorini zu Ihrem Hotel zu gelangen und Ihren Urlaub auf der Insel Santorini zu beginnen, ist es am g\u00fcnstigsten, ein Auto vom Flughafen Santorini <a href=\"https:\/\/carhub.gr\/de\/\" target=\"_blank\" rel=\"noopener noreferrer\">Carhub<\/a> zu mieten. Die Autovermietung am Flughafen Santorini ist einfach, da wir unsere Autos ohne zus\u00e4tzliche Kosten dorthin liefern. Es ist sehr sch\u00f6n zu wissen, dass bei Ihrer Ankunft am Flughafen Santorin jemand auf Sie wartet, um Ihr Mietauto Santorin zu liefern.<\/span><\/span><\/span><\/p>\n<h3 style=\"text-align: center;\">Warum ein Auto am Flughafen Santorini mieten?<\/h3>\n<p style=\"text-align: center;\"><span style=\"color: #000000;\"><span style=\"font-family: Arial, sans-serif;\"><span style=\"font-size: small;\">Sie m\u00fcssen nicht ewig auf den Bus warten, kein Taxi oder einen privaten Transfer bezahlen. Ihr Auto steht bei Ihrer Ankunft bereit, damit Sie Ihren Urlaub optimal beginnen k\u00f6nnen.<br \/>\nMietwagen Santorini Flughafen von CarHub !<br \/>\nEin Mietwagen in Santorini ist erforderlich, unabh\u00e4ngig von der Lage Ihres Hotels. Wenn Sie im Urlaub ein Auto haben, haben Sie die Freiheit, \u00fcberall hin zu fahren. Sie k\u00f6nnen alle Sch\u00f6nheiten von Santorini entdecken. Wenn Sie von der Insel abreisen, k\u00f6nnen Sie Ihr Mietauto am Flughafen Santorin wieder abgeben, wenn Sie ausfliegen, im Hafen von Santorin, wenn Sie mit einem Boot abreisen und wenn Sie der Meinung sind, dass es f\u00fcr Sie einfacher ist, Ihr Mietauto zur\u00fcckzugeben Auto in Ihrem Hotel, k\u00f6nnen Sie Ihr Auto in jedem Hotel in Santorini zur\u00fcckgeben.<\/span><\/span><\/span><\/p>\n<h4 style=\"text-align: center;\">Santorini Flughafen Autovermietung<\/h4>\n<p style=\"text-align: center;\"><span style=\"color: #000000;\"><span style=\"font-family: Arial, sans-serif;\"><span style=\"font-size: small;\">W\u00e4hlen Sie also das Modell, das Ihren Anforderungen entspricht: automatisch, manuell, Cabrio, offener Jeep, Familie oder Sparsamkeit. Buchen Sie online oder rufen Sie uns einfach an und unsere Mitarbeiter werden Sie am Flughafen abholen. Sie m\u00fcssen nicht einmal eine Kaution hinterlegen, sondern k\u00f6nnen bei der Abholung Ihres Mietwagens bar oder mit Kreditkarte bezahlen. Bei der Planung Ihres Urlaubs auf der Insel Santorin kann eine Autovermietung hilfreich sein, um die Insel zu erkunden und viel Geld und Zeit zu sparen. Mit unserem kostenlosen Angebot f\u00fcr die Lieferung und Abholung vom Flughafen ist die Autovermietung auf Santorin jetzt noch einfacher und besser.<\/span><\/span><\/span><\/p>\n[\/vc_column_text][\/vc_column][\/vc_row]\n<\/div>","protected":false},"excerpt":{"rendered":"<p>[vc_row][vc_column][vc_column_text css=&#8220;&#8220;] Wie man ein Auto am Flughafen Santorini mietet Der Santorini International Airport (JTR) ist ein Flughafen n\u00f6rdlich des Dorfes Kamari. Der Flughafen dient sowohl als Milit\u00e4r- als auch als Zivilflughafen. Um vom Flughafen Santorini zu Ihrem Hotel zu gelangen und Ihren Urlaub auf der Insel Santorini zu beginnen, ist es am g\u00fcnstigsten, ein&hellip;<\/p>\n","protected":false},"author":2,"featured_media":0,"parent":0,"menu_order":0,"comment_status":"closed","ping_status":"closed","template":"templates\/no-sidebar.php","meta":{"footnotes":""},"class_list":["post-2852","page","type-page","status-publish","hentry","entry","no-media"],"yoast_head":"<!-- This site is optimized with the Yoast SEO plugin v27.2 - https:\/\/yoast.com\/product\/yoast-seo-wordpress\/ -->\n<title>Mietwagen Santorini Flughafen - Carhub<\/title>\n<meta name=\"robots\" content=\"index, follow, max-snippet:-1, max-image-preview:large, max-video-preview:-1\" \/>\n<link rel=\"canonical\" href=\"https:\/\/carhub.gr\/de\/mietwagen-santorini-flughafen\/\" \/>\n<meta property=\"og:locale\" content=\"de_DE\" \/>\n<meta property=\"og:type\" content=\"article\" \/>\n<meta property=\"og:title\" content=\"Mietwagen Santorini Flughafen - Carhub\" \/>\n<meta property=\"og:description\" content=\"[vc_row][vc_column][vc_column_text css=&#8220;&#8220;] Wie man ein Auto am Flughafen Santorini mietet Der Santorini International Airport (JTR) ist ein Flughafen n\u00f6rdlich des Dorfes Kamari. Der Flughafen dient sowohl als Milit\u00e4r- als auch als Zivilflughafen. Um vom Flughafen Santorini zu Ihrem Hotel zu gelangen und Ihren Urlaub auf der Insel Santorini zu beginnen, ist es am g\u00fcnstigsten, ein&hellip;\" \/>\n<meta property=\"og:url\" content=\"https:\/\/carhub.gr\/de\/mietwagen-santorini-flughafen\/\" \/>\n<meta property=\"og:site_name\" content=\"Carhub\" \/>\n<meta property=\"article:publisher\" content=\"https:\/\/www.facebook.com\/carhub.gr\/\" \/>\n<meta property=\"article:modified_time\" content=\"2026-01-07T14:09:36+00:00\" \/>\n<meta property=\"og:image\" content=\"https:\/\/carhub.gr\/wp-content\/uploads\/2025\/12\/pngegg-7-1.png\" \/>\n\t<meta property=\"og:image:width\" content=\"1366\" \/>\n\t<meta property=\"og:image:height\" content=\"768\" \/>\n\t<meta property=\"og:image:type\" content=\"image\/png\" \/>\n<meta name=\"twitter:card\" content=\"summary_large_image\" \/>\n<meta name=\"twitter:label1\" content=\"Gesch\u00e4tzte Lesezeit\" \/>\n\t<meta name=\"twitter:data1\" content=\"2\u00a0Minuten\" \/>\n<script type=\"application\/ld+json\" class=\"yoast-schema-graph\">{\"@context\":\"https:\/\/schema.org\",\"@graph\":[{\"@type\":\"WebPage\",\"@id\":\"https:\/\/carhub.gr\/de\/mietwagen-santorini-flughafen\/\",\"url\":\"https:\/\/carhub.gr\/de\/mietwagen-santorini-flughafen\/\",\"name\":\"Mietwagen Santorini Flughafen - Carhub\",\"isPartOf\":{\"@id\":\"https:\/\/carhub.gr\/de\/#website\"},\"primaryImageOfPage\":{\"@id\":\"https:\/\/carhub.gr\/de\/mietwagen-santorini-flughafen\/#primaryimage\"},\"image\":{\"@id\":\"https:\/\/carhub.gr\/de\/mietwagen-santorini-flughafen\/#primaryimage\"},\"thumbnailUrl\":\"https:\/\/carhub.gr\/wp-content\/uploads\/2026\/01\/29196307_10156551096235649_8670063567753445376_n-244x300-1.jpg\",\"datePublished\":\"2026-01-07T11:18:49+00:00\",\"dateModified\":\"2026-01-07T14:09:36+00:00\",\"breadcrumb\":{\"@id\":\"https:\/\/carhub.gr\/de\/mietwagen-santorini-flughafen\/#breadcrumb\"},\"inLanguage\":\"de\",\"potentialAction\":[{\"@type\":\"ReadAction\",\"target\":[\"https:\/\/carhub.gr\/de\/mietwagen-santorini-flughafen\/\"]}]},{\"@type\":\"ImageObject\",\"inLanguage\":\"de\",\"@id\":\"https:\/\/carhub.gr\/de\/mietwagen-santorini-flughafen\/#primaryimage\",\"url\":\"https:\/\/carhub.gr\/wp-content\/uploads\/2026\/01\/29196307_10156551096235649_8670063567753445376_n-244x300-1.jpg\",\"contentUrl\":\"https:\/\/carhub.gr\/wp-content\/uploads\/2026\/01\/29196307_10156551096235649_8670063567753445376_n-244x300-1.jpg\"},{\"@type\":\"BreadcrumbList\",\"@id\":\"https:\/\/carhub.gr\/de\/mietwagen-santorini-flughafen\/#breadcrumb\",\"itemListElement\":[{\"@type\":\"ListItem\",\"position\":1,\"name\":\"Home\",\"item\":\"https:\/\/carhub.gr\/de\/\"},{\"@type\":\"ListItem\",\"position\":2,\"name\":\"Mietwagen Santorini Flughafen\"}]},{\"@type\":\"WebSite\",\"@id\":\"https:\/\/carhub.gr\/de\/#website\",\"url\":\"https:\/\/carhub.gr\/de\/\",\"name\":\"Carhub\",\"description\":\"Rent a car Santorini - Santorini Car Hire\",\"publisher\":{\"@id\":\"https:\/\/carhub.gr\/de\/#organization\"},\"alternateName\":\"RENT A CAR SANTORINI - SANTORINI CAR RENTAL\",\"potentialAction\":[{\"@type\":\"SearchAction\",\"target\":{\"@type\":\"EntryPoint\",\"urlTemplate\":\"https:\/\/carhub.gr\/de\/?s={search_term_string}\"},\"query-input\":{\"@type\":\"PropertyValueSpecification\",\"valueRequired\":true,\"valueName\":\"search_term_string\"}}],\"inLanguage\":\"de\"},{\"@type\":\"Organization\",\"@id\":\"https:\/\/carhub.gr\/de\/#organization\",\"name\":\"Carhub\",\"url\":\"https:\/\/carhub.gr\/de\/\",\"logo\":{\"@type\":\"ImageObject\",\"inLanguage\":\"de\",\"@id\":\"https:\/\/carhub.gr\/de\/#\/schema\/logo\/image\/\",\"url\":\"https:\/\/carhub.gr\/wp-content\/uploads\/2025\/12\/logo-carhub-1.png\",\"contentUrl\":\"https:\/\/carhub.gr\/wp-content\/uploads\/2025\/12\/logo-carhub-1.png\",\"width\":182,\"height\":53,\"caption\":\"Carhub\"},\"image\":{\"@id\":\"https:\/\/carhub.gr\/de\/#\/schema\/logo\/image\/\"},\"sameAs\":[\"https:\/\/www.facebook.com\/carhub.gr\/\"]}]}<\/script>\n<!-- \/ Yoast SEO plugin. -->","yoast_head_json":{"title":"Mietwagen Santorini Flughafen - Carhub","robots":{"index":"index","follow":"follow","max-snippet":"max-snippet:-1","max-image-preview":"max-image-preview:large","max-video-preview":"max-video-preview:-1"},"canonical":"https:\/\/carhub.gr\/de\/mietwagen-santorini-flughafen\/","og_locale":"de_DE","og_type":"article","og_title":"Mietwagen Santorini Flughafen - Carhub","og_description":"[vc_row][vc_column][vc_column_text css=&#8220;&#8220;] Wie man ein Auto am Flughafen Santorini mietet Der Santorini International Airport (JTR) ist ein Flughafen n\u00f6rdlich des Dorfes Kamari. Der Flughafen dient sowohl als Milit\u00e4r- als auch als Zivilflughafen. Um vom Flughafen Santorini zu Ihrem Hotel zu gelangen und Ihren Urlaub auf der Insel Santorini zu beginnen, ist es am g\u00fcnstigsten, ein&hellip;","og_url":"https:\/\/carhub.gr\/de\/mietwagen-santorini-flughafen\/","og_site_name":"Carhub","article_publisher":"https:\/\/www.facebook.com\/carhub.gr\/","article_modified_time":"2026-01-07T14:09:36+00:00","og_image":[{"width":1366,"height":768,"url":"https:\/\/carhub.gr\/wp-content\/uploads\/2025\/12\/pngegg-7-1.png","type":"image\/png"}],"twitter_card":"summary_large_image","twitter_misc":{"Gesch\u00e4tzte Lesezeit":"2\u00a0Minuten"},"schema":{"@context":"https:\/\/schema.org","@graph":[{"@type":"WebPage","@id":"https:\/\/carhub.gr\/de\/mietwagen-santorini-flughafen\/","url":"https:\/\/carhub.gr\/de\/mietwagen-santorini-flughafen\/","name":"Mietwagen Santorini Flughafen - Carhub","isPartOf":{"@id":"https:\/\/carhub.gr\/de\/#website"},"primaryImageOfPage":{"@id":"https:\/\/carhub.gr\/de\/mietwagen-santorini-flughafen\/#primaryimage"},"image":{"@id":"https:\/\/carhub.gr\/de\/mietwagen-santorini-flughafen\/#primaryimage"},"thumbnailUrl":"https:\/\/carhub.gr\/wp-content\/uploads\/2026\/01\/29196307_10156551096235649_8670063567753445376_n-244x300-1.jpg","datePublished":"2026-01-07T11:18:49+00:00","dateModified":"2026-01-07T14:09:36+00:00","breadcrumb":{"@id":"https:\/\/carhub.gr\/de\/mietwagen-santorini-flughafen\/#breadcrumb"},"inLanguage":"de","potentialAction":[{"@type":"ReadAction","target":["https:\/\/carhub.gr\/de\/mietwagen-santorini-flughafen\/"]}]},{"@type":"ImageObject","inLanguage":"de","@id":"https:\/\/carhub.gr\/de\/mietwagen-santorini-flughafen\/#primaryimage","url":"https:\/\/carhub.gr\/wp-content\/uploads\/2026\/01\/29196307_10156551096235649_8670063567753445376_n-244x300-1.jpg","contentUrl":"https:\/\/carhub.gr\/wp-content\/uploads\/2026\/01\/29196307_10156551096235649_8670063567753445376_n-244x300-1.jpg"},{"@type":"BreadcrumbList","@id":"https:\/\/carhub.gr\/de\/mietwagen-santorini-flughafen\/#breadcrumb","itemListElement":[{"@type":"ListItem","position":1,"name":"Home","item":"https:\/\/carhub.gr\/de\/"},{"@type":"ListItem","position":2,"name":"Mietwagen Santorini Flughafen"}]},{"@type":"WebSite","@id":"https:\/\/carhub.gr\/de\/#website","url":"https:\/\/carhub.gr\/de\/","name":"Carhub","description":"Rent a car Santorini - Santorini Car Hire","publisher":{"@id":"https:\/\/carhub.gr\/de\/#organization"},"alternateName":"RENT A CAR SANTORINI - SANTORINI CAR RENTAL","potentialAction":[{"@type":"SearchAction","target":{"@type":"EntryPoint","urlTemplate":"https:\/\/carhub.gr\/de\/?s={search_term_string}"},"query-input":{"@type":"PropertyValueSpecification","valueRequired":true,"valueName":"search_term_string"}}],"inLanguage":"de"},{"@type":"Organization","@id":"https:\/\/carhub.gr\/de\/#organization","name":"Carhub","url":"https:\/\/carhub.gr\/de\/","logo":{"@type":"ImageObject","inLanguage":"de","@id":"https:\/\/carhub.gr\/de\/#\/schema\/logo\/image\/","url":"https:\/\/carhub.gr\/wp-content\/uploads\/2025\/12\/logo-carhub-1.png","contentUrl":"https:\/\/carhub.gr\/wp-content\/uploads\/2025\/12\/logo-carhub-1.png","width":182,"height":53,"caption":"Carhub"},"image":{"@id":"https:\/\/carhub.gr\/de\/#\/schema\/logo\/image\/"},"sameAs":["https:\/\/www.facebook.com\/carhub.gr\/"]}]}},"_links":{"self":[{"href":"https:\/\/carhub.gr\/de\/wp-json\/wp\/v2\/pages\/2852","targetHints":{"allow":["GET"]}}],"collection":[{"href":"https:\/\/carhub.gr\/de\/wp-json\/wp\/v2\/pages"}],"about":[{"href":"https:\/\/carhub.gr\/de\/wp-json\/wp\/v2\/types\/page"}],"author":[{"embeddable":true,"href":"https:\/\/carhub.gr\/de\/wp-json\/wp\/v2\/users\/2"}],"replies":[{"embeddable":true,"href":"https:\/\/carhub.gr\/de\/wp-json\/wp\/v2\/comments?post=2852"}],"version-history":[{"count":2,"href":"https:\/\/carhub.gr\/de\/wp-json\/wp\/v2\/pages\/2852\/revisions"}],"predecessor-version":[{"id":2864,"href":"https:\/\/carhub.gr\/de\/wp-json\/wp\/v2\/pages\/2852\/revisions\/2864"}],"wp:attachment":[{"href":"https:\/\/carhub.gr\/de\/wp-json\/wp\/v2\/media?parent=2852"}],"curies":[{"name":"wp","href":"https:\/\/api.w.org\/{rel}","templated":true}]}}