{"id":2610,"date":"2025-12-30T13:06:08","date_gmt":"2025-12-30T11:06:08","guid":{"rendered":"https:\/\/carhub.gr\/rental-terms\/"},"modified":"2025-12-31T20:14:10","modified_gmt":"2025-12-31T18:14:10","slug":"rental-terms","status":"publish","type":"page","link":"https:\/\/carhub.gr\/de\/rental-terms\/","title":{"rendered":"Rental Terms"},"content":{"rendered":"<div class=\"wpb-content-wrapper\">[vc_row][vc_column][vc_column_text css=&#8220;&#8220;]\n<h1>Mietbedingungen<\/h1>\n<p><a href=\"http:\/\/carhub.gr\/\">Carhub<\/a> Mietbedingungen<\/p>\n<p><strong><em>Alter<\/em><\/strong><\/p>\n<p>Der Fahrer muss zwischen 23 und 70 Jahre alt sein und einen g\u00fcltigen F\u00fchrerschein besitzen, der vor mindestens 4 Jahren ausgestellt wurde.<\/p>\n<p><strong><em>F\u00fchrerschein<\/em><\/strong><\/p>\n<p>Ein g\u00fcltiger F\u00fchrerschein ist ebenfalls f\u00fcr alle eingetragenen Fahrer erforderlich und muss seit mindestens 12 Monaten g\u00fcltig sein. F\u00fchrerscheine, die in einem nicht-lateinischen Alphabet (Arabisch, Chinesisch, Kyrillisch usw.) ausgestellt sind, m\u00fcssen von einem internationalen F\u00fchrerschein begleitet werden. Jeder F\u00fchrerschein aus L\u00e4ndern, die nicht dem internationalen F\u00fchrerscheinabkommen angeh\u00f6ren, muss ebenfalls von einer offiziellen \u00dcbersetzung begleitet sein.<\/p>\n<p><strong><em>Zahlung<\/em><\/strong><\/p>\n<p>Keine Kaution erforderlich. Es ist eine pers\u00f6nliche Kredit- oder Debitkarte erforderlich (Visa oder MasterCard, AmEx wird nicht akzeptiert). Die Kartendaten werden im Mietvertrag aus Sicherheitsgr\u00fcnden f\u00fcr den Fall von Fahrzeugsch\u00e4den hinterlegt.<\/p>\n<p><strong><em>Fahrzeug\u00fcbernahme<\/em><\/strong><\/p>\n<p>Bei der Fahrzeug\u00fcbernahme erh\u00e4lt der Mieter einen Mietvertrag, den er \u00fcberpr\u00fcfen und unterschreiben muss. Der Mietvertrag enth\u00e4lt alle angebotenen Dienstleistungen und Versicherungen sowie eventuell gew\u00fcnschte Zusatzleistungen\/-versicherungen mit den entsprechenden Kosten.<\/p>\n<p>Es ist sehr wichtig, dass der Mieter das Fahrzeug \u00fcberpr\u00fcft und bestehende Sch\u00e4den meldet, um Kosten f\u00fcr Sch\u00e4den zu vermeiden, die von einem vorherigen Mieter verursacht wurden. Der Mieter muss bei \u00dcbernahme und R\u00fcckgabe ein Zustandsprotokoll f\u00fcr eventuelle Sch\u00e4den unterzeichnen.<\/p>\n<p><strong><em>Abholung \/ R\u00fcckgabe<\/em><\/strong><\/p>\n<p>F\u00fcr die Abholung oder R\u00fcckgabe des Fahrzeugs zwischen 23:30 und 7:00 Uhr kann aufgrund des Service au\u00dferhalb der regul\u00e4ren \u00d6ffnungszeiten eine zus\u00e4tzliche Geb\u00fchr von 20 \u20ac anfallen.<\/p>\n<p><strong><em>Versicherung<\/em><\/strong><\/p>\n<p class=\"mt-2\">Eine Mietwagenversicherung ist unerl\u00e4sslich, und wir bieten Pakete an, die Ihren Bed\u00fcrfnissen w\u00e4hrend Ihres Aufenthalts auf der Insel Santorin entsprechen.<\/p>\n<p>Unsere Fahrzeuge sind gegen Diebstahl und Sch\u00e4den gegen\u00fcber Dritten versichert, ausgenommen: a) Fahrer und Passagiere b) unser eigenes Fahrzeug.<\/p>\n<ul>\n<li><b>CDW \u2013 Collision Damage Waiver<\/b><\/li>\n<\/ul>\n<p class=\"mt-2\">Der Mieter ist f\u00fcr Sch\u00e4den am Mietfahrzeug wie folgt abgesichert:<\/p>\n<ul class=\"list-disc ml-8 mt-2\">\n<li>Selbstbeteiligung \u00fcber 500\/600 \u20ac f\u00fcr die Fahrzeugkategorien A, B, C (10 \u20ac \/ Tag)<\/li>\n<li>Selbstbeteiligung \u00fcber 800\/1000 \u20ac f\u00fcr die Fahrzeugkategorien D, SUV (10 oder 12 \u20ac \/ Tag)<\/li>\n<\/ul>\n<p class=\"mt-2\">Um Anspruch auf den Versicherungsschutz zu haben, m\u00fcssen die \u00f6rtlichen Verkehrsregeln eingehalten und das Fahrzeug legal gef\u00fchrt werden. Bitte beachten Sie, dass die Versicherung keine Reifensch\u00e4den, Sch\u00e4den am Unterboden des Fahrzeugs sowie den Verlust oder Diebstahl pers\u00f6nlicher Gegenst\u00e4nde abdeckt.<\/p>\n<p class=\"mt-2\">Erneut gilt: Um Anspruch auf den Versicherungsschutz zu haben, m\u00fcssen die \u00f6rtlichen Verkehrsregeln eingehalten werden. Reifensch\u00e4den, Sch\u00e4den am Unterboden des Fahrzeugs sowie der Verlust oder Diebstahl pers\u00f6nlicher Gegenst\u00e4nde sind nicht versichert.<\/p>\n<p>Unsere Versicherungsprogramme bieten Ihnen den f\u00fcr Ihre Bed\u00fcrfnisse optimalen Schutz mit reduzierter Selbstbeteiligung. Buchen Sie noch heute Ihren Mietwagen auf der Insel Santorin und genie\u00dfen Sie sorgenfreies Reisen.<\/p>\n<p><em><strong>Zusatzkosten<\/strong><\/em><br \/>\nAlle Anmietungen werden auf Basis eines 24-Stunden-Abrechnungszeitraums berechnet. Zus\u00e4tzliche Tagesgeb\u00fchren fallen nur an, wenn die Mietdauer einen vollst\u00e4ndigen 24-Stunden-Zeitraum \u00fcberschreitet.<\/p>\n<p><strong><em>Stornierung<\/em><\/strong><\/p>\n<p><em>Flexibel<\/em><br \/>\nStornierungen sind kostenlos und k\u00f6nnen per E-Mail oder telefonisch \u00fcber das CarHub-Supportteam vorgenommen werden.<\/p>\n<p>&nbsp;<\/p>\n<h3><em>Allgemeine Bedingungen<\/em><\/h3>\n<p><strong><em>F\u00e4hrtransport des Fahrzeugs<\/em><\/strong><\/p>\n<p>F\u00e4hrtransport des Fahrzeugs: Verboten!<br \/>\nFalls der Mieter das Fahrzeug mit Flecken im Innenraum zur\u00fcckgibt, die eine spezielle Reinigung erfordern, muss er die entsprechenden Kosten tragen.<\/p>\n<p><strong><em>Verl\u00e4ngerung der Miete<\/em><\/strong><\/p>\n<p>M\u00f6chte der Mieter das Fahrzeug l\u00e4nger als die vertraglich vereinbarte Mietdauer behalten, muss er uns kontaktieren, um den Mietvertrag zu verl\u00e4ngern.<br \/>\nAndernfalls wird der doppelte Tagespreis berechnet und das Fahrzeug muss vom Kunden betankt werden.<\/p>\n<p><strong><em>Parkstrafen \/ Verkehrsverst\u00f6\u00dfe<\/em><\/strong><\/p>\n<p>Der Mieter des Fahrzeugs ist allein verantwortlich f\u00fcr alle w\u00e4hrend der Mietdauer anfallenden Bu\u00dfgelder aufgrund von Verkehrsverst\u00f6\u00dfen sowie f\u00fcr die damit verbundenen Verwaltungsgeb\u00fchren.<\/p>\n<p><strong><em>DSGVO 4624\/2019<\/em><\/strong><\/p>\n<p>Bei der Reservierung eines Mietwagens erkennt der Kunde gem\u00e4\u00df DSGVO 4624\/2019 an, dass seine personenbezogenen Daten zur Abwicklung der Reservierung an ein anderes Unternehmen weitergegeben werden k\u00f6nnen.[\/vc_column_text][\/vc_column][\/vc_row]\n<\/div>","protected":false},"excerpt":{"rendered":"<p>[vc_row][vc_column][vc_column_text css=&#8220;&#8220;] Mietbedingungen Carhub Mietbedingungen Alter Der Fahrer muss zwischen 23 und 70 Jahre alt sein und einen g\u00fcltigen F\u00fchrerschein besitzen, der vor mindestens 4 Jahren ausgestellt wurde. F\u00fchrerschein Ein g\u00fcltiger F\u00fchrerschein ist ebenfalls f\u00fcr alle eingetragenen Fahrer erforderlich und muss seit mindestens 12 Monaten g\u00fcltig sein. F\u00fchrerscheine, die in einem nicht-lateinischen Alphabet (Arabisch, Chinesisch,&hellip;<\/p>\n","protected":false},"author":2,"featured_media":0,"parent":0,"menu_order":0,"comment_status":"closed","ping_status":"closed","template":"templates\/no-sidebar.php","meta":{"footnotes":""},"class_list":["post-2610","page","type-page","status-publish","hentry","entry","no-media"],"yoast_head":"<!-- This site is optimized with the Yoast SEO plugin v27.2 - https:\/\/yoast.com\/product\/yoast-seo-wordpress\/ -->\n<title>Rental Terms - Carhub<\/title>\n<meta name=\"robots\" content=\"index, follow, max-snippet:-1, max-image-preview:large, max-video-preview:-1\" \/>\n<link rel=\"canonical\" href=\"https:\/\/carhub.gr\/de\/rental-terms\/\" \/>\n<meta property=\"og:locale\" content=\"de_DE\" \/>\n<meta property=\"og:type\" content=\"article\" \/>\n<meta property=\"og:title\" content=\"Rental Terms - Carhub\" \/>\n<meta property=\"og:description\" content=\"[vc_row][vc_column][vc_column_text css=&#8220;&#8220;] Mietbedingungen Carhub Mietbedingungen Alter Der Fahrer muss zwischen 23 und 70 Jahre alt sein und einen g\u00fcltigen F\u00fchrerschein besitzen, der vor mindestens 4 Jahren ausgestellt wurde. F\u00fchrerschein Ein g\u00fcltiger F\u00fchrerschein ist ebenfalls f\u00fcr alle eingetragenen Fahrer erforderlich und muss seit mindestens 12 Monaten g\u00fcltig sein. F\u00fchrerscheine, die in einem nicht-lateinischen Alphabet (Arabisch, Chinesisch,&hellip;\" \/>\n<meta property=\"og:url\" content=\"https:\/\/carhub.gr\/de\/rental-terms\/\" \/>\n<meta property=\"og:site_name\" content=\"Carhub\" \/>\n<meta property=\"article:publisher\" content=\"https:\/\/www.facebook.com\/carhub.gr\/\" \/>\n<meta property=\"article:modified_time\" content=\"2025-12-31T18:14:10+00:00\" \/>\n<meta property=\"og:image\" content=\"https:\/\/carhub.gr\/wp-content\/uploads\/2025\/12\/pngegg-7-1.png\" \/>\n\t<meta property=\"og:image:width\" content=\"1366\" \/>\n\t<meta property=\"og:image:height\" content=\"768\" \/>\n\t<meta property=\"og:image:type\" content=\"image\/png\" \/>\n<meta name=\"twitter:card\" content=\"summary_large_image\" \/>\n<meta name=\"twitter:label1\" content=\"Gesch\u00e4tzte Lesezeit\" \/>\n\t<meta name=\"twitter:data1\" content=\"3\u00a0Minuten\" \/>\n<script type=\"application\/ld+json\" class=\"yoast-schema-graph\">{\"@context\":\"https:\/\/schema.org\",\"@graph\":[{\"@type\":\"WebPage\",\"@id\":\"https:\/\/carhub.gr\/de\/rental-terms\/\",\"url\":\"https:\/\/carhub.gr\/de\/rental-terms\/\",\"name\":\"Rental Terms - Carhub\",\"isPartOf\":{\"@id\":\"https:\/\/carhub.gr\/de\/#website\"},\"datePublished\":\"2025-12-30T11:06:08+00:00\",\"dateModified\":\"2025-12-31T18:14:10+00:00\",\"breadcrumb\":{\"@id\":\"https:\/\/carhub.gr\/de\/rental-terms\/#breadcrumb\"},\"inLanguage\":\"de\",\"potentialAction\":[{\"@type\":\"ReadAction\",\"target\":[\"https:\/\/carhub.gr\/de\/rental-terms\/\"]}]},{\"@type\":\"BreadcrumbList\",\"@id\":\"https:\/\/carhub.gr\/de\/rental-terms\/#breadcrumb\",\"itemListElement\":[{\"@type\":\"ListItem\",\"position\":1,\"name\":\"Home\",\"item\":\"https:\/\/carhub.gr\/de\/\"},{\"@type\":\"ListItem\",\"position\":2,\"name\":\"Rental Terms\"}]},{\"@type\":\"WebSite\",\"@id\":\"https:\/\/carhub.gr\/de\/#website\",\"url\":\"https:\/\/carhub.gr\/de\/\",\"name\":\"Carhub\",\"description\":\"Rent a car Santorini - Santorini Car Hire\",\"publisher\":{\"@id\":\"https:\/\/carhub.gr\/de\/#organization\"},\"alternateName\":\"RENT A CAR SANTORINI - SANTORINI CAR RENTAL\",\"potentialAction\":[{\"@type\":\"SearchAction\",\"target\":{\"@type\":\"EntryPoint\",\"urlTemplate\":\"https:\/\/carhub.gr\/de\/?s={search_term_string}\"},\"query-input\":{\"@type\":\"PropertyValueSpecification\",\"valueRequired\":true,\"valueName\":\"search_term_string\"}}],\"inLanguage\":\"de\"},{\"@type\":\"Organization\",\"@id\":\"https:\/\/carhub.gr\/de\/#organization\",\"name\":\"Carhub\",\"url\":\"https:\/\/carhub.gr\/de\/\",\"logo\":{\"@type\":\"ImageObject\",\"inLanguage\":\"de\",\"@id\":\"https:\/\/carhub.gr\/de\/#\/schema\/logo\/image\/\",\"url\":\"https:\/\/carhub.gr\/wp-content\/uploads\/2025\/12\/logo-carhub-1.png\",\"contentUrl\":\"https:\/\/carhub.gr\/wp-content\/uploads\/2025\/12\/logo-carhub-1.png\",\"width\":182,\"height\":53,\"caption\":\"Carhub\"},\"image\":{\"@id\":\"https:\/\/carhub.gr\/de\/#\/schema\/logo\/image\/\"},\"sameAs\":[\"https:\/\/www.facebook.com\/carhub.gr\/\"]}]}<\/script>\n<!-- \/ Yoast SEO plugin. -->","yoast_head_json":{"title":"Rental Terms - Carhub","robots":{"index":"index","follow":"follow","max-snippet":"max-snippet:-1","max-image-preview":"max-image-preview:large","max-video-preview":"max-video-preview:-1"},"canonical":"https:\/\/carhub.gr\/de\/rental-terms\/","og_locale":"de_DE","og_type":"article","og_title":"Rental Terms - Carhub","og_description":"[vc_row][vc_column][vc_column_text css=&#8220;&#8220;] Mietbedingungen Carhub Mietbedingungen Alter Der Fahrer muss zwischen 23 und 70 Jahre alt sein und einen g\u00fcltigen F\u00fchrerschein besitzen, der vor mindestens 4 Jahren ausgestellt wurde. F\u00fchrerschein Ein g\u00fcltiger F\u00fchrerschein ist ebenfalls f\u00fcr alle eingetragenen Fahrer erforderlich und muss seit mindestens 12 Monaten g\u00fcltig sein. F\u00fchrerscheine, die in einem nicht-lateinischen Alphabet (Arabisch, Chinesisch,&hellip;","og_url":"https:\/\/carhub.gr\/de\/rental-terms\/","og_site_name":"Carhub","article_publisher":"https:\/\/www.facebook.com\/carhub.gr\/","article_modified_time":"2025-12-31T18:14:10+00:00","og_image":[{"width":1366,"height":768,"url":"https:\/\/carhub.gr\/wp-content\/uploads\/2025\/12\/pngegg-7-1.png","type":"image\/png"}],"twitter_card":"summary_large_image","twitter_misc":{"Gesch\u00e4tzte Lesezeit":"3\u00a0Minuten"},"schema":{"@context":"https:\/\/schema.org","@graph":[{"@type":"WebPage","@id":"https:\/\/carhub.gr\/de\/rental-terms\/","url":"https:\/\/carhub.gr\/de\/rental-terms\/","name":"Rental Terms - Carhub","isPartOf":{"@id":"https:\/\/carhub.gr\/de\/#website"},"datePublished":"2025-12-30T11:06:08+00:00","dateModified":"2025-12-31T18:14:10+00:00","breadcrumb":{"@id":"https:\/\/carhub.gr\/de\/rental-terms\/#breadcrumb"},"inLanguage":"de","potentialAction":[{"@type":"ReadAction","target":["https:\/\/carhub.gr\/de\/rental-terms\/"]}]},{"@type":"BreadcrumbList","@id":"https:\/\/carhub.gr\/de\/rental-terms\/#breadcrumb","itemListElement":[{"@type":"ListItem","position":1,"name":"Home","item":"https:\/\/carhub.gr\/de\/"},{"@type":"ListItem","position":2,"name":"Rental Terms"}]},{"@type":"WebSite","@id":"https:\/\/carhub.gr\/de\/#website","url":"https:\/\/carhub.gr\/de\/","name":"Carhub","description":"Rent a car Santorini - Santorini Car Hire","publisher":{"@id":"https:\/\/carhub.gr\/de\/#organization"},"alternateName":"RENT A CAR SANTORINI - SANTORINI CAR RENTAL","potentialAction":[{"@type":"SearchAction","target":{"@type":"EntryPoint","urlTemplate":"https:\/\/carhub.gr\/de\/?s={search_term_string}"},"query-input":{"@type":"PropertyValueSpecification","valueRequired":true,"valueName":"search_term_string"}}],"inLanguage":"de"},{"@type":"Organization","@id":"https:\/\/carhub.gr\/de\/#organization","name":"Carhub","url":"https:\/\/carhub.gr\/de\/","logo":{"@type":"ImageObject","inLanguage":"de","@id":"https:\/\/carhub.gr\/de\/#\/schema\/logo\/image\/","url":"https:\/\/carhub.gr\/wp-content\/uploads\/2025\/12\/logo-carhub-1.png","contentUrl":"https:\/\/carhub.gr\/wp-content\/uploads\/2025\/12\/logo-carhub-1.png","width":182,"height":53,"caption":"Carhub"},"image":{"@id":"https:\/\/carhub.gr\/de\/#\/schema\/logo\/image\/"},"sameAs":["https:\/\/www.facebook.com\/carhub.gr\/"]}]}},"_links":{"self":[{"href":"https:\/\/carhub.gr\/de\/wp-json\/wp\/v2\/pages\/2610","targetHints":{"allow":["GET"]}}],"collection":[{"href":"https:\/\/carhub.gr\/de\/wp-json\/wp\/v2\/pages"}],"about":[{"href":"https:\/\/carhub.gr\/de\/wp-json\/wp\/v2\/types\/page"}],"author":[{"embeddable":true,"href":"https:\/\/carhub.gr\/de\/wp-json\/wp\/v2\/users\/2"}],"replies":[{"embeddable":true,"href":"https:\/\/carhub.gr\/de\/wp-json\/wp\/v2\/comments?post=2610"}],"version-history":[{"count":1,"href":"https:\/\/carhub.gr\/de\/wp-json\/wp\/v2\/pages\/2610\/revisions"}],"predecessor-version":[{"id":2616,"href":"https:\/\/carhub.gr\/de\/wp-json\/wp\/v2\/pages\/2610\/revisions\/2616"}],"wp:attachment":[{"href":"https:\/\/carhub.gr\/de\/wp-json\/wp\/v2\/media?parent=2610"}],"curies":[{"name":"wp","href":"https:\/\/api.w.org\/{rel}","templated":true}]}}